{"id":5098,"date":"2022-06-10T17:29:28","date_gmt":"2022-06-10T21:29:28","guid":{"rendered":"https:\/\/www.technicost.com\/?page_id=5098\/"},"modified":"2025-11-11T13:53:40","modified_gmt":"2025-11-11T18:53:40","slug":"politiques-de-confidentialites","status":"publish","type":"page","link":"https:\/\/www.technicost.com\/fr\/politiques-de-confidentialites\/","title":{"rendered":"POLITIQUES DE CONFIDENTIALIT\u00c9S"},"content":{"rendered":"<div class=\"wpb-content-wrapper\"><p>[vc_row][vc_column][vc_column_text]<\/p>\n<p style=\"line-height: 107%; font-size: 15px;\"><strong><span style=\"font-size: 32px;\">Politique de Confidentialit\u00e9<\/span><\/strong><\/p>\n<p style=\"line-height: normal; font-size: 15px;\"><span style=\"font-size: 16px;\">Cette politique est modifi\u00e9e de temps \u00e0 autre. La version la plus r\u00e9cente de cette politique a \u00e9t\u00e9 mise \u00e0 jour le 5 novembre 2025. Pour plus d\u2019informations, veuillez nous contacter par telephone \u2013 1-800-990-9259 ou par courriel via <\/span><span style=\"color: black;\"><a href=\"mailto:support@technicost.com\"><span style=\"font-size: 16px;\">support@technicost.com<\/span><\/a><\/span><span style=\"font-size: 16px;\">.<\/span><\/p>\n<p style=\"line-height: normal; font-size: 15px;\"><strong><span style=\"font-size: 24px; color: #33699b;\">Votre confidentialit\u00e9 est importante pour nous<\/span><\/strong><\/p>\n<p style=\"margin: 0cm; font-size: 16px;\">Veuillez lire attentivement l&rsquo;avis de confidentialit\u00e9 suivant. Votre acc\u00e8s et votre utilisation de ce site Web (<a href=\"http:\/\/www.technicost.com\">www.technicost.com<\/a>) constituent une acceptation de ces termes et conditions.<\/p>\n<p style=\"line-height: normal; font-size: 15px;\"><span style=\"font-size: 15px;\">\u00a0<\/span><\/p>\n<p style=\"line-height: normal; font-size: 15px;\"><span style=\"font-size: 16px;\">SYST\u00c8MES DE GESTION TECHNICOST INC. (LES), (dans cette politique comme \u00ab\u00a0nous\u00a0\u00bb ou \u00ab\u00a0notre\u00a0\u00bb ou \u00ab\u00a0Technicost\u00a0\u00bb) a construit des relations clients bas\u00e9es sur une base de confiance. Nous nous engageons \u00e0 prot\u00e9ger la vie priv\u00e9e, la confidentialit\u00e9, l&rsquo;exactitude et la s\u00e9curit\u00e9 des renseignements personnels recueillis, utilis\u00e9s, conserv\u00e9s et divulgu\u00e9s dans le cadre de nos relations d&rsquo;affaires avec vous. Seul le personnel autoris\u00e9 a acc\u00e8s \u00e0 vos informations et nos syst\u00e8mes et processus sont con\u00e7us pour emp\u00eacher la perte, l&rsquo;utilisation abusive, l&rsquo;acc\u00e8s non autoris\u00e9, la divulgation, l&rsquo;alt\u00e9ration ou la destruction de vos informations personnelles. Lorsque nous demanderons vos informations personnelles, nous vous expliquerons le but et obtiendrons votre consentement. Nous partageons vos informations uniquement si n\u00e9cessaire et dans des cas limit\u00e9s. Nous ne conservons vos informations personnelles que pour le temps n\u00e9cessaire. Cette politique de confidentialit\u00e9 est bas\u00e9 sur la l<span class=\"qa-highlight\">oi sur la protection des renseignements personnels et les documents \u00e9lectroniques<\/span> (LPRPDE) du Canada et d\u00e9crit comment Technicost ce conforme avec les principes de la LPRPDE. Une copie de la LPRPDE est disponible sur <a href=\"https:\/\/priv.qc.ca\">priv.gc.ca<\/a>.<\/span><\/p>\n<p style=\"line-height: normal; font-size: 15px;\"><strong><span style=\"font-size: 24px; color: #33699b;\">Qu\u2019est-ce qui est consid\u00e9r\u00e9 comme de\u00a0\u00ab l\u2019information personnelle \u00bb\u00a0?<\/span><\/strong><\/p>\n<p style=\"line-height: normal; font-size: 15px;\"><span style=\"font-size: 16px;\">\u00ab\u00a0Une information personnelle\u00a0\u00bb consiste \u00e0 toutes informations concernant un individu identifiable. Exemples d\u2019information que nous pourrions collecter\u00a0:<\/span><\/p>\n<ul style=\"margin-bottom: 0cm;\" type=\"disc\">\n<li style=\"line-height: normal; font-size: 15px;\"><span style=\"font-size: 16px;\">Nom<\/span><\/li>\n<li style=\"line-height: normal; font-size: 15px;\"><span style=\"font-size: 16px;\">Courriel\u00a0<\/span><\/li>\n<li style=\"line-height: normal; font-size: 15px;\"><span style=\"font-size: 16px;\">Num\u00e9ro de t\u00e9l\u00e9phone<\/span><\/li>\n<\/ul>\n<p style=\"line-height: normal; font-size: 15px;\"><strong><span style=\"font-size: 24px; color: #33699b;\">Voici les fins pour lesquelles nous pouvons recueillir, utiliser ou divulguer vos renseignements personnels:<\/span><\/strong><\/p>\n<p style=\"line-height: normal; font-size: 15px;\"><span style=\"font-size: 16px;\">Avant de collecter vos informations personnelles, nous vous expliquerons le but de notre demande et obtiendrons votre consentement.<\/span><\/p>\n<p style=\"line-height: normal; font-size: 15px;\"><span style=\"font-size: 16px;\">Si nous avons besoin de vos informations personnelles pour toute autre raison, nous vous contacterons, vous expliquerons le nouveau but et vous demanderons votre consentement.<\/span><\/p>\n<p style=\"line-height: normal; font-size: 15px;\"><span style=\"font-size: 16px;\">Les fins pour lesquelles nous avons besoin de vos informations personnelles peuvent inclure:<\/span><\/p>\n<ul style=\"margin-bottom: 0cm;\" type=\"disc\">\n<li style=\"line-height: normal; font-size: 15px;\"><span style=\"font-size: 16px;\">pour communiquer avec vous par voie \u00e9lectronique (par exemple, e-mail, t\u00e9l\u00e9phone et fax) ou par la poste<\/span><\/li>\n<li style=\"line-height: normal; font-size: 15px;\"><span style=\"font-size: 16px;\">pour effectuer des analyses de donn\u00e9es et des \u00e9tudes de march\u00e9<\/span><\/li>\n<li style=\"line-height: normal; font-size: 15px;\"><span style=\"font-size: 16px;\">pour r\u00e9pondre \u00e0 vos questions\/pr\u00e9occupations<\/span><\/li>\n<li style=\"line-height: normal; font-size: 15px;\"><span style=\"font-size: 16px;\">pour am\u00e9liorer et personnaliser votre experience<\/span><\/li>\n<li style=\"line-height: normal; font-size: 15px;\"><span style=\"font-size: 16px;\">pour partager des informations suppl\u00e9mentaires susceptibles de vous int\u00e9resser au nom de Technicost, de nos soci\u00e9t\u00e9s affili\u00e9es ou de nos partenaires commerciaux (y compris d&rsquo;autres produits, services, offres, concours et \u00e9v\u00e9nements communautaires)<\/span><\/li>\n<\/ul>\n<p style=\"line-height: normal; font-size: 15px;\"><strong><span style=\"font-size: 24px; color: #33699b;\">Avec qui partagerions-nous des informations\u00a0?<\/span><\/strong><\/p>\n<p style=\"line-height: normal; font-size: 15px;\"><span style=\"font-size: 16px;\">Nous pouvons collecter, utiliser et divulguer vos informations personnelles \u00e0 d&rsquo;autres lorsque cela est n\u00e9cessaire et appropri\u00e9, mais uniquement si nous en avons besoin aux fins \u00e9num\u00e9r\u00e9es ci-dessus, y compris:<\/span><\/p>\n<ul style=\"margin-bottom: 0cm;\" type=\"disc\">\n<li><span style=\"font-size: 16px;\">employ\u00e9s et autre personnels authoris\u00e9s qui en ont besoin pour remplir leurs fonctions<\/span><\/li>\n<li style=\"line-height: normal; font-size: 15px;\"><span style=\"font-size: 16px;\">des tiers qui ex\u00e9cutent des services en notre nom, incluant ceux qui sont situ\u00e9 \u00e0 l&rsquo;ext\u00e9rieur du Canada. Si vos informations personnelles ont \u00e9t\u00e9 r\u00e9colt\u00e9es, utilis\u00e9es ou divulg\u00e9es \u00e0 l&rsquo;int\u00e9rieur de la province du Qu\u00e9bec, elles peuvent \u00eatre communiqu\u00e9 \u00e0 l&rsquo;ext\u00e9rieur du Qu\u00e9bec<\/span><\/li>\n<li style=\"line-height: normal; font-size: 15px;\"><span style=\"font-size: 16px;\">les parties impliqu\u00e9es dans la vente, l&rsquo;acquisition, la cession, la fusion ou la fusion d&rsquo;entreprises ou dans le cadre d&rsquo;autres accords commerciaux tels que des coentreprises<\/span><\/li>\n<\/ul>\n<p style=\"line-height: normal; font-size: 15px;\"><strong><span style=\"font-size: 24px; color: #33699b;\">Quels sont vos droits?<\/span><\/strong><\/p>\n<p style=\"line-height: normal; font-size: 15px;\"><span style=\"font-size: 16px;\">Vous avez le droit de:<\/span><\/p>\n<ul style=\"margin-bottom: 0cm;\" type=\"disc\">\n<li style=\"line-height: normal; font-size: 15px;\"><span style=\"font-size: 16px;\">v\u00e9rifier et\/ou modifier vos pr\u00e9f\u00e9rences de consentement sp\u00e9cifiques \u00e0 vos informations personnelles et marketing enregistr\u00e9es dans notre syst\u00e8me ou dossier client<\/span><\/li>\n<li style=\"line-height: normal; font-size: 15px;\"><span style=\"font-size: 16px;\">personnaliser vos pr\u00e9f\u00e9rences sur la fa\u00e7on dont nous vous contactons<\/span><\/li>\n<li style=\"line-height: normal; font-size: 15px;\"><span style=\"font-size: 16px;\">acc\u00e9der \u00e0 vos informations personnelles et demander des mises \u00e0 jour ou des modifications (si elles sont inexactes)<\/span><\/li>\n<li style=\"line-height: normal; font-size: 15px;\"><span style=\"font-size: 16px;\">dites-nous que nous ne pouvons pas utiliser ou partager vos informations personnelles pour certaines raisons<\/span><\/li>\n<li style=\"line-height: normal; font-size: 15px;\"><span style=\"font-size: 16px;\">contr\u00f4ler notre utilisation des cookies, balises Web et technologies similaires lors de la visite de notre site Web ou de nos autres plateformes<\/span><\/li>\n<li style=\"line-height: normal; font-size: 15px;\"><span style=\"font-size: 16px;\">Si vous ne nous fournissez pas vos informations personnelles, nous ferons tout de m\u00eame de notre mieux pour vous fournir nos produits ou services ; cependant, certaines informations doivent \u00eatre fournies afin de fournir les produits ou services demand\u00e9s<\/span><\/li>\n<\/ul>\n<p style=\"line-height: normal; font-size: 15px;\"><strong><span style=\"font-size: 24px; color: #33699b;\">Utilisation de cookies, d&rsquo;outils d&rsquo;analyse web et de technologies similaires<\/span><\/strong><\/p>\n<p style=\"line-height: normal; font-size: 15px;\"><span style=\"font-size: 16px;\">Nous utilisons des cookies (petits fichiers texte plac\u00e9s sur votre appareil) et des technologies similaires pour fournir nos sites Web et nos services en ligne et aider \u00e0 collecter des donn\u00e9es. Les cookies nous permettent, entre autres, de stocker vos pr\u00e9f\u00e9rences et param\u00e8tres ; vous permettre de vous connecter ; lutter contre la fraude ; et analyser les performances de notre site Web et de nos services en ligne. Nous utilisons \u00e9galement des balises Web pour fournir des cookies et collecter des donn\u00e9es d&rsquo;utilisation et de performance. Nos sites Web peuvent inclure des balises Web et des cookies de fournisseurs de services tiers.<\/span><\/p>\n<p style=\"line-height: normal; font-size: 15px;\"><span style=\"font-size: 16px;\">L&rsquo;analyse Web fournit des informations statistiques non personnellement identifiables sur la fa\u00e7on dont les visiteurs interagissent avec notre site Web et nos applications. Nous utilisons une vari\u00e9t\u00e9 d&rsquo;outils d&rsquo;analyse Web sur les sites Web et les applications.<\/span><\/p>\n<p style=\"line-height: normal; font-size: 15px;\"><span style=\"font-size: 16px;\">Nous avons activ\u00e9 Google Analytics (qui comprend les fonctionnalit\u00e9s suivantes : remarketing, rapports sur les impressions du R\u00e9seau Display de Google et rapports sur les donn\u00e9es d\u00e9mographiques et les centres d&rsquo;int\u00e9r\u00eat de Google Analytics). Nous pouvons utiliser les informations collect\u00e9es via Google Analytics conjointement avec d&rsquo;autres donn\u00e9es que nous avons collect\u00e9es \u00e0 votre sujet.<\/span><\/p>\n<p style=\"line-height: normal; font-size: 15px;\"><span style=\"font-size: 16px;\">Vous disposez d&rsquo;une vari\u00e9t\u00e9 d&rsquo;outils pour contr\u00f4ler les cookies, les balises Web, les outils d&rsquo;analyse Web et les technologies similaires, y compris les contr\u00f4les du navigateur pour bloquer et supprimer les cookies et les contr\u00f4les de certains fournisseurs de services d&rsquo;analyse tiers pour refuser la collecte de donn\u00e9es via les balises Web. Votre navigateur et d&rsquo;autres choix peuvent avoir un impact sur vos exp\u00e9riences avec nos produits. Pour d\u00e9sactiver Google Analytics pour la publicit\u00e9 display et personnaliser les annonces du R\u00e9seau Display de Google, veuillez utiliser le<\/span><span style=\"color: black;\"><a href=\"https:\/\/www.google.com\/settings\/ads?hl=en-GB&amp;sig=ACi0TCiqZ5h2K5QHsM1iMkVCNchcZZ4fUJpg9vJ7dSsRFgQzlDwlrLjmRMg0mKOHSxXgPupfU7dkVXk3Ck26bDlgu8f1bv6ZyA\" target=\"_blank\" rel=\"noopener\"><span style=\"font-size: 16px;\"> Centre d&rsquo;annonce Google<\/span><\/a><\/span><span style=\"font-size: 16px;\">. Pour afficher les d\u00e9sinscriptions actuellement disponibles pour le Web, veuillez visiter <\/span><span style=\"color: black;\"><a href=\"https:\/\/tools.google.com\/dlpage\/gaoptout\/\" target=\"_blank\" rel=\"noopener\"><span style=\"font-size: 16px;\">Module compl\u00e9mentaire de navigateur pour la d\u00e9sactivation de Google Analytics<\/span><\/a><\/span><span style=\"font-size: 16px;\">. La politique de confidentialit\u00e9 de Google est disponible en cliquant <\/span><span style=\"color: black;\"><a href=\"https:\/\/www.google.com\/intl\/en\/policies\/privacy\/\" target=\"_blank\" rel=\"noopener\"><span style=\"font-size: 16px;\">ici<\/span><\/a><\/span><span style=\"font-size: 16px;\">.<\/span><\/p>\n<p style=\"line-height: normal; font-size: 15px;\"><span style=\"font-size: 16px;\">Pour d\u00e9sactiver l&rsquo;utilisation des cookies par un fournisseur tiers, vous pouvez visiter <\/span><span style=\"color: black;\"><a href=\"http:\/\/www.aboutads.info\/choices\" target=\"_blank\" rel=\"noopener\"><span style=\"font-size: 16px;\">www.aboutads.info\/choices<\/span><\/a><\/span><span style=\"font-size: 16px;\">.<\/span><\/p>\n<p><strong><span style=\"font-size: 24px; color: #33699b;\">Changements \u00e0 la politique de confidentialit\u00e9:<\/span><\/strong><\/p>\n<p>De temps \u00e0 autre, nous pouvons apporter certaines modifications \u00e0 notre Politique de confidentialit\u00e9. Si nous le faisons, nous publierons un avis sur notre site Web. Assurez-vous de v\u00e9rifier p\u00e9riodiquement la Politique de confidentialit\u00e9 pour toute mise \u00e0 jour. Les modifications entrent en vigueur \u00e0 la date indiqu\u00e9e sur la Politique de confidentialit\u00e9.<\/p>\n<p style=\"line-height: normal; font-size: 15px;\"><strong><span style=\"font-size: 24px; color: #33699b;\">Questions, commentaires ou demandes?<\/span><\/strong><\/p>\n<p style=\"line-height: normal; font-size: 15px;\"><strong><span style=\"font-size: 16px;\">Par courrier:<\/span><\/strong><\/p>\n<p style=\"line-height: normal; font-size: 15px;\"><span style=\"font-size: 16px;\">Bureau de la confidentialit\u00e9<br \/>\nTechnicost<br \/>\n3080 Boul. Le Carrefour<br \/>\nBur. 520<br \/>\nLaval, Quebec H7T 2R5<\/span><\/p>\n<p style=\"line-height: normal; font-size: 15px;\"><strong><span style=\"font-size: 16px;\">Par courriel:<\/span><\/strong><\/p>\n<p style=\"line-height: normal; font-size: 15px;\"><span style=\"color: black;\"><a href=\"mailto:privacy@technicost.com\"><span style=\"font-size: 16px;\">privacy@technicost.com<\/span><\/a><\/span><\/p>\n<p style=\"line-height: 107%; font-size: 15px;\"><strong>\u00a0<\/strong><\/p>\n<p>[\/vc_column_text][\/vc_column][\/vc_row]<\/p>\n<\/div>","protected":false},"excerpt":{"rendered":"<p>[vc_row][vc_column][vc_column_text] Politique de Confidentialit\u00e9 Cette politique est modifi\u00e9e de temps \u00e0 autre. La version la plus r\u00e9cente de cette politique a \u00e9t\u00e9 mise \u00e0 jour le 5 novembre 2025. Pour plus d\u2019informations, veuillez nous contacter par telephone \u2013 1-800-990-9259 ou par courriel via support@technicost.com. Votre confidentialit\u00e9 est importante pour nous Veuillez lire attentivement l&rsquo;avis de [&hellip;]<\/p>\n","protected":false},"author":100,"featured_media":0,"parent":0,"menu_order":5,"comment_status":"closed","ping_status":"closed","template":"","meta":{"_monsterinsights_skip_tracking":false,"_monsterinsights_sitenote_active":false,"_monsterinsights_sitenote_note":"","_monsterinsights_sitenote_category":0,"footnotes":""},"class_list":["post-5098","page","type-page","status-publish","hentry"],"yoast_head":"<!-- This site is optimized with the Yoast SEO plugin v27.4 - https:\/\/yoast.com\/product\/yoast-seo-wordpress\/ -->\n<title>POLITIQUES DE CONFIDENTIALIT\u00c9S - Technicost<\/title>\n<meta name=\"robots\" content=\"index, follow, max-snippet:-1, max-image-preview:large, max-video-preview:-1\" \/>\n<link rel=\"canonical\" href=\"https:\/\/www.technicost.com\/fr\/politiques-de-confidentialites\/\" \/>\n<meta property=\"og:locale\" content=\"fr_FR\" \/>\n<meta property=\"og:type\" content=\"article\" \/>\n<meta property=\"og:title\" content=\"POLITIQUES DE CONFIDENTIALIT\u00c9S - Technicost\" \/>\n<meta property=\"og:description\" content=\"[vc_row][vc_column][vc_column_text] Politique de Confidentialit\u00e9 Cette politique est modifi\u00e9e de temps \u00e0 autre. La version la plus r\u00e9cente de cette politique a \u00e9t\u00e9 mise \u00e0 jour le 5 novembre 2025. Pour plus d\u2019informations, veuillez nous contacter par telephone \u2013 1-800-990-9259 ou par courriel via support@technicost.com. Votre confidentialit\u00e9 est importante pour nous Veuillez lire attentivement l&rsquo;avis de [&hellip;]\" \/>\n<meta property=\"og:url\" content=\"https:\/\/www.technicost.com\/fr\/politiques-de-confidentialites\/\" \/>\n<meta property=\"og:site_name\" content=\"Technicost\" \/>\n<meta property=\"article:modified_time\" content=\"2025-11-11T18:53:40+00:00\" \/>\n<meta name=\"twitter:card\" content=\"summary_large_image\" \/>\n<meta name=\"twitter:site\" content=\"@Technicost1\" \/>\n<meta name=\"twitter:label1\" content=\"Dur\u00e9e de lecture estim\u00e9e\" \/>\n\t<meta name=\"twitter:data1\" content=\"5 minutes\" \/>\n<script type=\"application\/ld+json\" class=\"yoast-schema-graph\">{\"@context\":\"https:\\\/\\\/schema.org\",\"@graph\":[{\"@type\":\"WebPage\",\"@id\":\"https:\\\/\\\/www.technicost.com\\\/fr\\\/politiques-de-confidentialites\\\/\",\"url\":\"https:\\\/\\\/www.technicost.com\\\/fr\\\/politiques-de-confidentialites\\\/\",\"name\":\"POLITIQUES DE CONFIDENTIALIT\u00c9S - Technicost\",\"isPartOf\":{\"@id\":\"https:\\\/\\\/www.technicost.com\\\/#website\"},\"datePublished\":\"2022-06-10T21:29:28+00:00\",\"dateModified\":\"2025-11-11T18:53:40+00:00\",\"breadcrumb\":{\"@id\":\"https:\\\/\\\/www.technicost.com\\\/fr\\\/politiques-de-confidentialites\\\/#breadcrumb\"},\"inLanguage\":\"fr-FR\",\"potentialAction\":[{\"@type\":\"ReadAction\",\"target\":[\"https:\\\/\\\/www.technicost.com\\\/fr\\\/politiques-de-confidentialites\\\/\"]}]},{\"@type\":\"BreadcrumbList\",\"@id\":\"https:\\\/\\\/www.technicost.com\\\/fr\\\/politiques-de-confidentialites\\\/#breadcrumb\",\"itemListElement\":[{\"@type\":\"ListItem\",\"position\":1,\"name\":\"Home\",\"item\":\"https:\\\/\\\/www.technicost.com\\\/fr\\\/\"},{\"@type\":\"ListItem\",\"position\":2,\"name\":\"POLITIQUES DE CONFIDENTIALIT\u00c9S\"}]},{\"@type\":\"WebSite\",\"@id\":\"https:\\\/\\\/www.technicost.com\\\/#website\",\"url\":\"https:\\\/\\\/www.technicost.com\\\/\",\"name\":\"Technicost\",\"description\":\"\",\"publisher\":{\"@id\":\"https:\\\/\\\/www.technicost.com\\\/#organization\"},\"potentialAction\":[{\"@type\":\"SearchAction\",\"target\":{\"@type\":\"EntryPoint\",\"urlTemplate\":\"https:\\\/\\\/www.technicost.com\\\/?s={search_term_string}\"},\"query-input\":{\"@type\":\"PropertyValueSpecification\",\"valueRequired\":true,\"valueName\":\"search_term_string\"}}],\"inLanguage\":\"fr-FR\"},{\"@type\":\"Organization\",\"@id\":\"https:\\\/\\\/www.technicost.com\\\/#organization\",\"name\":\"Technicost\",\"url\":\"https:\\\/\\\/www.technicost.com\\\/\",\"logo\":{\"@type\":\"ImageObject\",\"inLanguage\":\"fr-FR\",\"@id\":\"https:\\\/\\\/www.technicost.com\\\/#\\\/schema\\\/logo\\\/image\\\/\",\"url\":\"https:\\\/\\\/www.technicost.com\\\/wp-content\\\/uploads\\\/2017\\\/06\\\/Technicost-Smaller.jpg\",\"contentUrl\":\"https:\\\/\\\/www.technicost.com\\\/wp-content\\\/uploads\\\/2017\\\/06\\\/Technicost-Smaller.jpg\",\"width\":368,\"height\":110,\"caption\":\"Technicost\"},\"image\":{\"@id\":\"https:\\\/\\\/www.technicost.com\\\/#\\\/schema\\\/logo\\\/image\\\/\"},\"sameAs\":[\"https:\\\/\\\/x.com\\\/Technicost1\",\"https:\\\/\\\/www.linkedin.com\\\/company\\\/122491\\\/admin\\\/\"]}]}<\/script>\n<!-- \/ Yoast SEO plugin. -->","yoast_head_json":{"title":"POLITIQUES DE CONFIDENTIALIT\u00c9S - Technicost","robots":{"index":"index","follow":"follow","max-snippet":"max-snippet:-1","max-image-preview":"max-image-preview:large","max-video-preview":"max-video-preview:-1"},"canonical":"https:\/\/www.technicost.com\/fr\/politiques-de-confidentialites\/","og_locale":"fr_FR","og_type":"article","og_title":"POLITIQUES DE CONFIDENTIALIT\u00c9S - Technicost","og_description":"[vc_row][vc_column][vc_column_text] Politique de Confidentialit\u00e9 Cette politique est modifi\u00e9e de temps \u00e0 autre. La version la plus r\u00e9cente de cette politique a \u00e9t\u00e9 mise \u00e0 jour le 5 novembre 2025. Pour plus d\u2019informations, veuillez nous contacter par telephone \u2013 1-800-990-9259 ou par courriel via support@technicost.com. Votre confidentialit\u00e9 est importante pour nous Veuillez lire attentivement l&rsquo;avis de [&hellip;]","og_url":"https:\/\/www.technicost.com\/fr\/politiques-de-confidentialites\/","og_site_name":"Technicost","article_modified_time":"2025-11-11T18:53:40+00:00","twitter_card":"summary_large_image","twitter_site":"@Technicost1","twitter_misc":{"Dur\u00e9e de lecture estim\u00e9e":"5 minutes"},"schema":{"@context":"https:\/\/schema.org","@graph":[{"@type":"WebPage","@id":"https:\/\/www.technicost.com\/fr\/politiques-de-confidentialites\/","url":"https:\/\/www.technicost.com\/fr\/politiques-de-confidentialites\/","name":"POLITIQUES DE CONFIDENTIALIT\u00c9S - Technicost","isPartOf":{"@id":"https:\/\/www.technicost.com\/#website"},"datePublished":"2022-06-10T21:29:28+00:00","dateModified":"2025-11-11T18:53:40+00:00","breadcrumb":{"@id":"https:\/\/www.technicost.com\/fr\/politiques-de-confidentialites\/#breadcrumb"},"inLanguage":"fr-FR","potentialAction":[{"@type":"ReadAction","target":["https:\/\/www.technicost.com\/fr\/politiques-de-confidentialites\/"]}]},{"@type":"BreadcrumbList","@id":"https:\/\/www.technicost.com\/fr\/politiques-de-confidentialites\/#breadcrumb","itemListElement":[{"@type":"ListItem","position":1,"name":"Home","item":"https:\/\/www.technicost.com\/fr\/"},{"@type":"ListItem","position":2,"name":"POLITIQUES DE CONFIDENTIALIT\u00c9S"}]},{"@type":"WebSite","@id":"https:\/\/www.technicost.com\/#website","url":"https:\/\/www.technicost.com\/","name":"Technicost","description":"","publisher":{"@id":"https:\/\/www.technicost.com\/#organization"},"potentialAction":[{"@type":"SearchAction","target":{"@type":"EntryPoint","urlTemplate":"https:\/\/www.technicost.com\/?s={search_term_string}"},"query-input":{"@type":"PropertyValueSpecification","valueRequired":true,"valueName":"search_term_string"}}],"inLanguage":"fr-FR"},{"@type":"Organization","@id":"https:\/\/www.technicost.com\/#organization","name":"Technicost","url":"https:\/\/www.technicost.com\/","logo":{"@type":"ImageObject","inLanguage":"fr-FR","@id":"https:\/\/www.technicost.com\/#\/schema\/logo\/image\/","url":"https:\/\/www.technicost.com\/wp-content\/uploads\/2017\/06\/Technicost-Smaller.jpg","contentUrl":"https:\/\/www.technicost.com\/wp-content\/uploads\/2017\/06\/Technicost-Smaller.jpg","width":368,"height":110,"caption":"Technicost"},"image":{"@id":"https:\/\/www.technicost.com\/#\/schema\/logo\/image\/"},"sameAs":["https:\/\/x.com\/Technicost1","https:\/\/www.linkedin.com\/company\/122491\/admin\/"]}]}},"_links":{"self":[{"href":"https:\/\/www.technicost.com\/fr\/wp-json\/wp\/v2\/pages\/5098","targetHints":{"allow":["GET"]}}],"collection":[{"href":"https:\/\/www.technicost.com\/fr\/wp-json\/wp\/v2\/pages"}],"about":[{"href":"https:\/\/www.technicost.com\/fr\/wp-json\/wp\/v2\/types\/page"}],"author":[{"embeddable":true,"href":"https:\/\/www.technicost.com\/fr\/wp-json\/wp\/v2\/users\/100"}],"replies":[{"embeddable":true,"href":"https:\/\/www.technicost.com\/fr\/wp-json\/wp\/v2\/comments?post=5098"}],"version-history":[{"count":9,"href":"https:\/\/www.technicost.com\/fr\/wp-json\/wp\/v2\/pages\/5098\/revisions"}],"predecessor-version":[{"id":5801,"href":"https:\/\/www.technicost.com\/fr\/wp-json\/wp\/v2\/pages\/5098\/revisions\/5801"}],"wp:attachment":[{"href":"https:\/\/www.technicost.com\/fr\/wp-json\/wp\/v2\/media?parent=5098"}],"curies":[{"name":"wp","href":"https:\/\/api.w.org\/{rel}","templated":true}]}}