{"id":4836,"date":"2020-10-26T13:57:00","date_gmt":"2020-10-26T17:57:00","guid":{"rendered":"https:\/\/www.technicost.com\/?page_id=4836\/"},"modified":"2021-02-17T10:42:24","modified_gmt":"2021-02-17T15:42:24","slug":"signatureelectronique-technicost-promotion","status":"publish","type":"page","link":"https:\/\/www.technicost.com\/fr\/signatureelectronique-technicost-promotion\/","title":{"rendered":"Int\u00e9grez la signature \u00e9lectronique pour vos formulaire LOS Technicost"},"content":{"rendered":"<div class=\"wpb-content-wrapper\"><p>[vc_row css=\u00a0\u00bb.vc_custom_1492119660536{margin-top: 40px !important;margin-bottom: 50px !important;}\u00a0\u00bb][vc_column luv_text_alignment=\u00a0\u00bbcenter\u00a0\u00bb][vc_column_text font_family=\u00a0\u00bbRoboto\u00a0\u00bb font_weight=\u00a0\u00bb300&Prime; font_size=\u00a0\u00bb40px\u00a0\u00bb responsive_font_size=\u00a0\u00bbtrue\u00a0\u00bb css=\u00a0\u00bb.vc_custom_1494813163842{margin-top: 50px !important;}\u00a0\u00bb]<\/p>\n<p style=\"text-align: center;\">Facilitez la vie professionnelle de vos \u00e9quipes<\/p>\n<p>[\/vc_column_text][vc_column_text font_size=\u00a0\u00bb22&Prime; responsive_font_size=\u00a0\u00bbtrue\u00a0\u00bb font_color=\u00a0\u00bb#1b1d1f\u00a0\u00bb]<strong>A<\/strong>m\u00e9liorez vos formulaires de pr\u00eats Technicost avec le <strong>module de signature \u00e9lectronique<\/strong>,<br \/>\net facilitez grandement la t\u00e2che de tous les signataires des documents officiels.[\/vc_column_text][\/vc_column][\/vc_row][vc_row][vc_column luv_text_alignment=\u00a0\u00bbcenter\u00a0\u00bb width=\u00a0\u00bb1\/2&Prime; column_overlay=\u00a0\u00bbfalse\u00a0\u00bb luv_sticky_column=\u00a0\u00bbfalse\u00a0\u00bb full_height_column=\u00a0\u00bbfalse\u00a0\u00bb][vc_single_image image=\u00a0\u00bb4627&Prime; img_size=\u00a0\u00bbthumbnail\u00a0\u00bb alignment=\u00a0\u00bbcenter\u00a0\u00bb][\/vc_column][vc_column width=\u00a0\u00bb1\/2&Prime;][vc_column_text font_family=\u00a0\u00bbArchivo Narrow\u00a0\u00bb font_size=\u00a0\u00bb22&Prime; responsive_font_size=\u00a0\u00bbtrue\u00a0\u00bb]La<strong> signature \u00e9lectronique<\/strong> vous permet, ainsi qu&rsquo;\u00e0 vos membres, de <strong>finaliser en toute s\u00e9curit\u00e9<\/strong> les demandes de pr\u00eats et \/ ou de cr\u00e9dits g\u00e9n\u00e9r\u00e9es par vos formulaires de pr\u00eats LOS Technicost. La signature \u00e9lectronique est utilis\u00e9e pour finaliser et signer les appels d&rsquo;offre, les contrats, les baux, les <strong>documents financiers<\/strong>, etc. Elle s&rsquo;applique l\u00e9galement pour l&rsquo;ensemble des transactions commerciales et personnelles, et ce, pratiquement mondialement.[\/vc_column_text][\/vc_column][\/vc_row][vc_row][vc_column width=\u00a0\u00bb1\/2&Prime; column_overlay=\u00a0\u00bbfalse\u00a0\u00bb luv_sticky_column=\u00a0\u00bbfalse\u00a0\u00bb full_height_column=\u00a0\u00bbfalse\u00a0\u00bb][vc_single_image image=\u00a0\u00bb4823&Prime; img_size=\u00a0\u00bbthumbnail\u00a0\u00bb alignment=\u00a0\u00bbcenter\u00a0\u00bb luv_floating=\u00a0\u00bbtrue\u00a0\u00bb][\/vc_column][vc_column width=\u00a0\u00bb1\/2&Prime;][vc_column_text font_family=\u00a0\u00bbArchivo Narrow\u00a0\u00bb font_size=\u00a0\u00bb22&Prime; responsive_font_size=\u00a0\u00bbtrue\u00a0\u00bb]<\/p>\n<p><strong>Hautement s\u00e9curitaire<\/strong>, chaque signature \u00e9lectronique est s\u00e9curis\u00e9e par un cryptage num\u00e9rique, liant l\u2019identit\u00e9 de la personne \u00e0 la transaction.[\/vc_column_text][\/vc_column][\/vc_row][vc_row][vc_column width=\u00a0\u00bb1\/2&Prime; column_overlay=\u00a0\u00bbfalse\u00a0\u00bb luv_sticky_column=\u00a0\u00bbfalse\u00a0\u00bb full_height_column=\u00a0\u00bbfalse\u00a0\u00bb][vc_single_image image=\u00a0\u00bb4852&Prime; img_size=\u00a0\u00bbthumbnail\u00a0\u00bb alignment=\u00a0\u00bbcenter\u00a0\u00bb][\/vc_column][vc_column width=\u00a0\u00bb1\/2&Prime;][vc_column_text font_family=\u00a0\u00bbArchivo Narrow\u00a0\u00bb font_size=\u00a0\u00bb22&Prime; responsive_font_size=\u00a0\u00bbtrue\u00a0\u00bb]Plus besoin de transf\u00e9rer, remplir, reremplir votre document car le module est <strong>enti\u00e8rement int\u00e9gr\u00e9 et fusionn\u00e9 \u00e0 tous vos formulaires financiers<\/strong> provinciaux et corporatifs de votre entreprise.<\/p>\n<p>[\/vc_column_text][\/vc_column][\/vc_row][vc_row full_width=\u00a0\u00bbstretch_row\u00a0\u00bb luv_text_alignment=\u00a0\u00bbcenter\u00a0\u00bb css=\u00a0\u00bb.vc_custom_1492108939426{padding-top: 50px !important;padding-bottom: 50px !important;background-color: #33699b !important;}\u00a0\u00bb][vc_column css=\u00a0\u00bb.vc_custom_1465595421237{padding-top: 0px !important;padding-bottom: 0px !important;}\u00a0\u00bb][vc_column_text font_family=\u00a0\u00bbRoboto\u00a0\u00bb font_weight=\u00a0\u00bb300&Prime; font_size=\u00a0\u00bb30px\u00a0\u00bb responsive_font_size=\u00a0\u00bbtrue\u00a0\u00bb font_color=\u00a0\u00bb#ffffff\u00a0\u00bb css=\u00a0\u00bb.vc_custom_1604348076592{margin-top: 10px !important;margin-bottom: 5px !important;}\u00a0\u00bb line_height=\u00a0\u00bb30px\u00a0\u00bb]<\/p>\n<p style=\"text-align: center;\"><a href=\"https:\/\/zfrmz.com\/Uq6boa1LW23b9p5hiH2P\" target=\"_blank\" rel=\"noopener\"><strong>Oui, j&rsquo;aimerais plus de d\u00e9tails (formulaire de contact ici)<\/strong><\/a><\/p>\n<p>[\/vc_column_text][\/vc_column][\/vc_row][vc_row]<\/p>\n<\/div>","protected":false},"excerpt":{"rendered":"<p>[vc_row css=\u00a0\u00bb.vc_custom_1492119660536{margin-top: 40px !important;margin-bottom: 50px !important;}\u00a0\u00bb][vc_column luv_text_alignment=\u00a0\u00bbcenter\u00a0\u00bb][vc_column_text font_family=\u00a0\u00bbRoboto\u00a0\u00bb font_weight=\u00a0\u00bb300&Prime; font_size=\u00a0\u00bb40px\u00a0\u00bb responsive_font_size=\u00a0\u00bbtrue\u00a0\u00bb css=\u00a0\u00bb.vc_custom_1494813163842{margin-top: 50px !important;}\u00a0\u00bb] Facilitez la vie professionnelle de vos \u00e9quipes [\/vc_column_text][vc_column_text font_size=\u00a0\u00bb22&Prime; responsive_font_size=\u00a0\u00bbtrue\u00a0\u00bb font_color=\u00a0\u00bb#1b1d1f\u00a0\u00bb]Am\u00e9liorez vos formulaires de pr\u00eats Technicost avec le module de signature \u00e9lectronique, et facilitez grandement la t\u00e2che de tous les signataires des documents officiels.[\/vc_column_text][\/vc_column][\/vc_row][vc_row][vc_column luv_text_alignment=\u00a0\u00bbcenter\u00a0\u00bb width=\u00a0\u00bb1\/2&Prime; column_overlay=\u00a0\u00bbfalse\u00a0\u00bb luv_sticky_column=\u00a0\u00bbfalse\u00a0\u00bb full_height_column=\u00a0\u00bbfalse\u00a0\u00bb][vc_single_image image=\u00a0\u00bb4627&Prime; img_size=\u00a0\u00bbthumbnail\u00a0\u00bb [&hellip;]<\/p>\n","protected":false},"author":100,"featured_media":0,"parent":0,"menu_order":20,"comment_status":"closed","ping_status":"closed","template":"","meta":{"_monsterinsights_skip_tracking":false,"_monsterinsights_sitenote_active":false,"_monsterinsights_sitenote_note":"","_monsterinsights_sitenote_category":0,"footnotes":""},"class_list":["post-4836","page","type-page","status-publish","hentry"],"yoast_head":"<!-- This site is optimized with the Yoast SEO plugin v27.4 - https:\/\/yoast.com\/product\/yoast-seo-wordpress\/ -->\n<title>Int\u00e9grez la signature \u00e9lectronique pour vos formulaire LOS Technicost - Technicost<\/title>\n<meta name=\"robots\" content=\"index, follow, max-snippet:-1, max-image-preview:large, max-video-preview:-1\" \/>\n<link rel=\"canonical\" href=\"https:\/\/www.technicost.com\/fr\/signatureelectronique-technicost-promotion\/\" \/>\n<meta property=\"og:locale\" content=\"fr_FR\" \/>\n<meta property=\"og:type\" content=\"article\" \/>\n<meta property=\"og:title\" content=\"Int\u00e9grez la signature \u00e9lectronique pour vos formulaire LOS Technicost - Technicost\" \/>\n<meta property=\"og:description\" content=\"[vc_row css=\u00a0\u00bb.vc_custom_1492119660536{margin-top: 40px !important;margin-bottom: 50px !important;}\u00a0\u00bb][vc_column luv_text_alignment=\u00a0\u00bbcenter\u00a0\u00bb][vc_column_text font_family=\u00a0\u00bbRoboto\u00a0\u00bb font_weight=\u00a0\u00bb300&Prime; font_size=\u00a0\u00bb40px\u00a0\u00bb responsive_font_size=\u00a0\u00bbtrue\u00a0\u00bb css=\u00a0\u00bb.vc_custom_1494813163842{margin-top: 50px !important;}\u00a0\u00bb] Facilitez la vie professionnelle de vos \u00e9quipes [\/vc_column_text][vc_column_text font_size=\u00a0\u00bb22&Prime; responsive_font_size=\u00a0\u00bbtrue\u00a0\u00bb font_color=\u00a0\u00bb#1b1d1f\u00a0\u00bb]Am\u00e9liorez vos formulaires de pr\u00eats Technicost avec le module de signature \u00e9lectronique, et facilitez grandement la t\u00e2che de tous les signataires des documents officiels.[\/vc_column_text][\/vc_column][\/vc_row][vc_row][vc_column luv_text_alignment=\u00a0\u00bbcenter\u00a0\u00bb width=\u00a0\u00bb1\/2&Prime; column_overlay=\u00a0\u00bbfalse\u00a0\u00bb luv_sticky_column=\u00a0\u00bbfalse\u00a0\u00bb full_height_column=\u00a0\u00bbfalse\u00a0\u00bb][vc_single_image image=\u00a0\u00bb4627&Prime; img_size=\u00a0\u00bbthumbnail\u00a0\u00bb [&hellip;]\" \/>\n<meta property=\"og:url\" content=\"https:\/\/www.technicost.com\/fr\/signatureelectronique-technicost-promotion\/\" \/>\n<meta property=\"og:site_name\" content=\"Technicost\" \/>\n<meta property=\"article:modified_time\" content=\"2021-02-17T15:42:24+00:00\" \/>\n<meta name=\"twitter:card\" content=\"summary_large_image\" \/>\n<meta name=\"twitter:site\" content=\"@Technicost1\" \/>\n<meta name=\"twitter:label1\" content=\"Dur\u00e9e de lecture estim\u00e9e\" \/>\n\t<meta name=\"twitter:data1\" content=\"2 minutes\" \/>\n<script type=\"application\/ld+json\" class=\"yoast-schema-graph\">{\"@context\":\"https:\\\/\\\/schema.org\",\"@graph\":[{\"@type\":\"WebPage\",\"@id\":\"https:\\\/\\\/www.technicost.com\\\/fr\\\/signatureelectronique-technicost-promotion\\\/\",\"url\":\"https:\\\/\\\/www.technicost.com\\\/fr\\\/signatureelectronique-technicost-promotion\\\/\",\"name\":\"Int\u00e9grez la signature \u00e9lectronique pour vos formulaire LOS Technicost - Technicost\",\"isPartOf\":{\"@id\":\"https:\\\/\\\/www.technicost.com\\\/#website\"},\"datePublished\":\"2020-10-26T17:57:00+00:00\",\"dateModified\":\"2021-02-17T15:42:24+00:00\",\"breadcrumb\":{\"@id\":\"https:\\\/\\\/www.technicost.com\\\/fr\\\/signatureelectronique-technicost-promotion\\\/#breadcrumb\"},\"inLanguage\":\"fr-FR\",\"potentialAction\":[{\"@type\":\"ReadAction\",\"target\":[\"https:\\\/\\\/www.technicost.com\\\/fr\\\/signatureelectronique-technicost-promotion\\\/\"]}]},{\"@type\":\"BreadcrumbList\",\"@id\":\"https:\\\/\\\/www.technicost.com\\\/fr\\\/signatureelectronique-technicost-promotion\\\/#breadcrumb\",\"itemListElement\":[{\"@type\":\"ListItem\",\"position\":1,\"name\":\"Home\",\"item\":\"https:\\\/\\\/www.technicost.com\\\/fr\\\/\"},{\"@type\":\"ListItem\",\"position\":2,\"name\":\"Int\u00e9grez la signature \u00e9lectronique pour vos formulaire LOS Technicost\"}]},{\"@type\":\"WebSite\",\"@id\":\"https:\\\/\\\/www.technicost.com\\\/#website\",\"url\":\"https:\\\/\\\/www.technicost.com\\\/\",\"name\":\"Technicost\",\"description\":\"\",\"publisher\":{\"@id\":\"https:\\\/\\\/www.technicost.com\\\/#organization\"},\"potentialAction\":[{\"@type\":\"SearchAction\",\"target\":{\"@type\":\"EntryPoint\",\"urlTemplate\":\"https:\\\/\\\/www.technicost.com\\\/?s={search_term_string}\"},\"query-input\":{\"@type\":\"PropertyValueSpecification\",\"valueRequired\":true,\"valueName\":\"search_term_string\"}}],\"inLanguage\":\"fr-FR\"},{\"@type\":\"Organization\",\"@id\":\"https:\\\/\\\/www.technicost.com\\\/#organization\",\"name\":\"Technicost\",\"url\":\"https:\\\/\\\/www.technicost.com\\\/\",\"logo\":{\"@type\":\"ImageObject\",\"inLanguage\":\"fr-FR\",\"@id\":\"https:\\\/\\\/www.technicost.com\\\/#\\\/schema\\\/logo\\\/image\\\/\",\"url\":\"https:\\\/\\\/www.technicost.com\\\/wp-content\\\/uploads\\\/2017\\\/06\\\/Technicost-Smaller.jpg\",\"contentUrl\":\"https:\\\/\\\/www.technicost.com\\\/wp-content\\\/uploads\\\/2017\\\/06\\\/Technicost-Smaller.jpg\",\"width\":368,\"height\":110,\"caption\":\"Technicost\"},\"image\":{\"@id\":\"https:\\\/\\\/www.technicost.com\\\/#\\\/schema\\\/logo\\\/image\\\/\"},\"sameAs\":[\"https:\\\/\\\/x.com\\\/Technicost1\",\"https:\\\/\\\/www.linkedin.com\\\/company\\\/122491\\\/admin\\\/\"]}]}<\/script>\n<!-- \/ Yoast SEO plugin. -->","yoast_head_json":{"title":"Int\u00e9grez la signature \u00e9lectronique pour vos formulaire LOS Technicost - Technicost","robots":{"index":"index","follow":"follow","max-snippet":"max-snippet:-1","max-image-preview":"max-image-preview:large","max-video-preview":"max-video-preview:-1"},"canonical":"https:\/\/www.technicost.com\/fr\/signatureelectronique-technicost-promotion\/","og_locale":"fr_FR","og_type":"article","og_title":"Int\u00e9grez la signature \u00e9lectronique pour vos formulaire LOS Technicost - Technicost","og_description":"[vc_row css=\u00a0\u00bb.vc_custom_1492119660536{margin-top: 40px !important;margin-bottom: 50px !important;}\u00a0\u00bb][vc_column luv_text_alignment=\u00a0\u00bbcenter\u00a0\u00bb][vc_column_text font_family=\u00a0\u00bbRoboto\u00a0\u00bb font_weight=\u00a0\u00bb300&Prime; font_size=\u00a0\u00bb40px\u00a0\u00bb responsive_font_size=\u00a0\u00bbtrue\u00a0\u00bb css=\u00a0\u00bb.vc_custom_1494813163842{margin-top: 50px !important;}\u00a0\u00bb] Facilitez la vie professionnelle de vos \u00e9quipes [\/vc_column_text][vc_column_text font_size=\u00a0\u00bb22&Prime; responsive_font_size=\u00a0\u00bbtrue\u00a0\u00bb font_color=\u00a0\u00bb#1b1d1f\u00a0\u00bb]Am\u00e9liorez vos formulaires de pr\u00eats Technicost avec le module de signature \u00e9lectronique, et facilitez grandement la t\u00e2che de tous les signataires des documents officiels.[\/vc_column_text][\/vc_column][\/vc_row][vc_row][vc_column luv_text_alignment=\u00a0\u00bbcenter\u00a0\u00bb width=\u00a0\u00bb1\/2&Prime; column_overlay=\u00a0\u00bbfalse\u00a0\u00bb luv_sticky_column=\u00a0\u00bbfalse\u00a0\u00bb full_height_column=\u00a0\u00bbfalse\u00a0\u00bb][vc_single_image image=\u00a0\u00bb4627&Prime; img_size=\u00a0\u00bbthumbnail\u00a0\u00bb [&hellip;]","og_url":"https:\/\/www.technicost.com\/fr\/signatureelectronique-technicost-promotion\/","og_site_name":"Technicost","article_modified_time":"2021-02-17T15:42:24+00:00","twitter_card":"summary_large_image","twitter_site":"@Technicost1","twitter_misc":{"Dur\u00e9e de lecture estim\u00e9e":"2 minutes"},"schema":{"@context":"https:\/\/schema.org","@graph":[{"@type":"WebPage","@id":"https:\/\/www.technicost.com\/fr\/signatureelectronique-technicost-promotion\/","url":"https:\/\/www.technicost.com\/fr\/signatureelectronique-technicost-promotion\/","name":"Int\u00e9grez la signature \u00e9lectronique pour vos formulaire LOS Technicost - Technicost","isPartOf":{"@id":"https:\/\/www.technicost.com\/#website"},"datePublished":"2020-10-26T17:57:00+00:00","dateModified":"2021-02-17T15:42:24+00:00","breadcrumb":{"@id":"https:\/\/www.technicost.com\/fr\/signatureelectronique-technicost-promotion\/#breadcrumb"},"inLanguage":"fr-FR","potentialAction":[{"@type":"ReadAction","target":["https:\/\/www.technicost.com\/fr\/signatureelectronique-technicost-promotion\/"]}]},{"@type":"BreadcrumbList","@id":"https:\/\/www.technicost.com\/fr\/signatureelectronique-technicost-promotion\/#breadcrumb","itemListElement":[{"@type":"ListItem","position":1,"name":"Home","item":"https:\/\/www.technicost.com\/fr\/"},{"@type":"ListItem","position":2,"name":"Int\u00e9grez la signature \u00e9lectronique pour vos formulaire LOS Technicost"}]},{"@type":"WebSite","@id":"https:\/\/www.technicost.com\/#website","url":"https:\/\/www.technicost.com\/","name":"Technicost","description":"","publisher":{"@id":"https:\/\/www.technicost.com\/#organization"},"potentialAction":[{"@type":"SearchAction","target":{"@type":"EntryPoint","urlTemplate":"https:\/\/www.technicost.com\/?s={search_term_string}"},"query-input":{"@type":"PropertyValueSpecification","valueRequired":true,"valueName":"search_term_string"}}],"inLanguage":"fr-FR"},{"@type":"Organization","@id":"https:\/\/www.technicost.com\/#organization","name":"Technicost","url":"https:\/\/www.technicost.com\/","logo":{"@type":"ImageObject","inLanguage":"fr-FR","@id":"https:\/\/www.technicost.com\/#\/schema\/logo\/image\/","url":"https:\/\/www.technicost.com\/wp-content\/uploads\/2017\/06\/Technicost-Smaller.jpg","contentUrl":"https:\/\/www.technicost.com\/wp-content\/uploads\/2017\/06\/Technicost-Smaller.jpg","width":368,"height":110,"caption":"Technicost"},"image":{"@id":"https:\/\/www.technicost.com\/#\/schema\/logo\/image\/"},"sameAs":["https:\/\/x.com\/Technicost1","https:\/\/www.linkedin.com\/company\/122491\/admin\/"]}]}},"_links":{"self":[{"href":"https:\/\/www.technicost.com\/fr\/wp-json\/wp\/v2\/pages\/4836","targetHints":{"allow":["GET"]}}],"collection":[{"href":"https:\/\/www.technicost.com\/fr\/wp-json\/wp\/v2\/pages"}],"about":[{"href":"https:\/\/www.technicost.com\/fr\/wp-json\/wp\/v2\/types\/page"}],"author":[{"embeddable":true,"href":"https:\/\/www.technicost.com\/fr\/wp-json\/wp\/v2\/users\/100"}],"replies":[{"embeddable":true,"href":"https:\/\/www.technicost.com\/fr\/wp-json\/wp\/v2\/comments?post=4836"}],"version-history":[{"count":30,"href":"https:\/\/www.technicost.com\/fr\/wp-json\/wp\/v2\/pages\/4836\/revisions"}],"predecessor-version":[{"id":5052,"href":"https:\/\/www.technicost.com\/fr\/wp-json\/wp\/v2\/pages\/4836\/revisions\/5052"}],"wp:attachment":[{"href":"https:\/\/www.technicost.com\/fr\/wp-json\/wp\/v2\/media?parent=4836"}],"curies":[{"name":"wp","href":"https:\/\/api.w.org\/{rel}","templated":true}]}}