{"id":4396,"date":"2015-12-14T17:11:03","date_gmt":"2015-12-14T22:11:03","guid":{"rendered":"http:\/\/www.technicost.com\/about-us"},"modified":"2025-11-05T18:31:20","modified_gmt":"2025-11-05T23:31:20","slug":"a-propos","status":"publish","type":"page","link":"https:\/\/www.technicost.com\/fr\/a-propos\/","title":{"rendered":"\u00c0 PROPOS"},"content":{"rendered":"<div class=\"wpb-content-wrapper\"><p>[vc_row full_width=\u00a0\u00bbstretch_row_content_no_spaces\u00a0\u00bb equal_height=\u00a0\u00bbyes\u00a0\u00bb content_placement=\u00a0\u00bbmiddle\u00a0\u00bb][vc_column luv_animation=\u00a0\u00bbc-animate-zoom-in\u00a0\u00bb width=\u00a0\u00bb1\/2&Prime; css=\u00a0\u00bb.vc_custom_1492111374424{padding-top: 12% !important;padding-right: 10% !important;padding-bottom: 10% !important;padding-left: 10% !important;background-color: #33699b !important;}\u00a0\u00bb][vc_column_text font_family=\u00a0\u00bbPlayfair Display\u00a0\u00bb font_weight=\u00a0\u00bb700italic\u00a0\u00bb font_size=\u00a0\u00bb22px\u00a0\u00bb font_color=\u00a0\u00bb#ffffff\u00a0\u00bb css=\u00a0\u00bb.vc_custom_1494812016503{margin-bottom: 10px !important;padding-top: 10% !important;}\u00a0\u00bb]Qui sommes nous?[\/vc_column_text][vc_column_text font_family=\u00a0\u00bbPoppins\u00a0\u00bb font_weight=\u00a0\u00bb700&Prime; css=\u00a0\u00bb.vc_custom_1494812024190{margin-bottom: 36px !important;}\u00a0\u00bb font_color=\u00a0\u00bb#ffffff\u00a0\u00bb font_size=\u00a0\u00bb24px\u00a0\u00bb responsive_font_size=\u00a0\u00bbtrue\u00a0\u00bb]<\/p>\n<h3>Les technologies de Technicost anticipent vos besoins<\/h3>\n<p>[\/vc_column_text][vc_column_text font_size=\u00a0\u00bb16px\u00a0\u00bb css=\u00a0\u00bb.vc_custom_1494812037250{margin-bottom: 0px !important;padding-bottom: 10% !important;}\u00a0\u00bb font_color=\u00a0\u00bb#ffffff\u00a0\u00bb]En mettant nos partenariats \u00e0 l&rsquo;avant-garde de nos activit\u00e9s, les technologies de Technicost anticipent vos besoins. Nous croyons que nos clients repr\u00e9sentent plus que des transactions, tout comme nous savons que vos clients repr\u00e9sentent tout pour vous. Nous aimons ce que nous faisons, et vous verrez cela dans notre service et dans la qualit\u00e9 de nos produits en constante \u00e9volution.<\/p>\n<p>Depuis 1982, Technicost fournit aux coop\u00e9ratives canadiennes de cr\u00e9dit des solutions de LOS performates. Nous sommes bien \u00e9tablis dans l&rsquo;industrie, mais notre \u00e9quipe jeune et cr\u00e9ative de sp\u00e9cialistes en informatique et en finance garde notre marque et notre vision progressive.[\/vc_column_text][\/vc_column][vc_column luv_animation=\u00a0\u00bbc-animate-zoom-in\u00a0\u00bb width=\u00a0\u00bb1\/2&Prime; css=\u00a0\u00bb.vc_custom_1464219469476{padding-top: 100px !important;padding-right: 10% !important;padding-bottom: 100px !important;padding-left: 10% !important;}\u00a0\u00bb][vc_column_text font_family=\u00a0\u00bbPoppins\u00a0\u00bb font_weight=\u00a0\u00bb700&Prime; css=\u00a0\u00bb.vc_custom_1494812052356{margin-bottom: 36px !important;padding-top: 4% !important;}\u00a0\u00bb font_color=\u00a0\u00bb#33699b\u00a0\u00bb font_size=\u00a0\u00bb24px\u00a0\u00bb responsive_font_size=\u00a0\u00bbtrue\u00a0\u00bb]<\/p>\n<h3>Nos experts fournissent des solutions logicielles de cr\u00e9dit dynamiques et in\u00e9gal\u00e9es \u00e0 plus de 100 institutions financi\u00e8res partout au Canada, comprenant des services tels que:<\/h3>\n<p>[\/vc_column_text][vc_column_text font_size=\u00a0\u00bb16px\u00a0\u00bb css=\u00a0\u00bb.vc_custom_1494812077958{margin-bottom: 0px !important;padding-bottom: 2% !important;}\u00a0\u00bb font_color=\u00a0\u00bb#33699b\u00a0\u00bb]<\/p>\n<ul>\n<li>Demandes de pr\u00eat en ligne<\/li>\n<li>Syst\u00e8me d&rsquo;origine de pr\u00eat<\/li>\n<li>D\u00e9cision automatique<\/li>\n<li>Services de pr\u00eat et de pr\u00eat hypoth\u00e9caire<\/li>\n<li>Services d&rsquo;investissement et de d\u00e9p\u00f4t \u00e0 terme<\/li>\n<li>Transactions \u00e9lectroniques (Paiements et d\u00e9p\u00f4ts pr\u00e9autoris\u00e9s)<\/li>\n<\/ul>\n<p>Nous savons que votre temps est important, c&rsquo;est pourquoi toutes nos technologies combinent des logiciels mis \u00e0 jour associ\u00e9s aux services traditionnels des agents de cr\u00e9dit et des courtiers. Nous voulons que votre exp\u00e9rience soit \u00e0 la fois m\u00e9morable et transparente &#8211; tout comme cela devrait l&rsquo;\u00eatre avec vos clients.[\/vc_column_text][\/vc_column][\/vc_row][vc_row full_width=\u00a0\u00bbstretch_row\u00a0\u00bb luv_text_alignment=\u00a0\u00bbcenter\u00a0\u00bb css=\u00a0\u00bb.vc_custom_1492112841208{padding-top: 50px !important;padding-bottom: 50px !important;background-color: #ffffff !important;}\u00a0\u00bb][vc_column css=\u00a0\u00bb.vc_custom_1465595421237{padding-top: 0px !important;padding-bottom: 0px !important;}\u00a0\u00bb][vc_column_text font_family=\u00a0\u00bbRoboto\u00a0\u00bb font_weight=\u00a0\u00bb300&Prime; font_size=\u00a0\u00bb60px\u00a0\u00bb responsive_font_size=\u00a0\u00bbtrue\u00a0\u00bb font_color=\u00a0\u00bb#33699b\u00a0\u00bb css=\u00a0\u00bb.vc_custom_1494812086798{margin-bottom: 30px !important;}\u00a0\u00bb line_height=\u00a0\u00bb1em\u00a0\u00bb]<\/p>\n<p style=\"text-align: center;\">Avez-vous plus de questions?<\/p>\n<p>[\/vc_column_text]<a href=\"http:\/\/www.technicost.com\/fr\/contact\" target=\"_self\" class=\"btn btn-shortcode btn-rounded luv_dynamic-e45d90ab luv_dynamic-61a9f6f8\" ><span>NOUS AVONS DES R\u00c9PONSES<\/span><\/a>[\/vc_column][\/vc_row]<\/p>\n<\/div>","protected":false},"excerpt":{"rendered":"<p>[vc_row full_width=\u00a0\u00bbstretch_row_content_no_spaces\u00a0\u00bb equal_height=\u00a0\u00bbyes\u00a0\u00bb content_placement=\u00a0\u00bbmiddle\u00a0\u00bb][vc_column luv_animation=\u00a0\u00bbc-animate-zoom-in\u00a0\u00bb width=\u00a0\u00bb1\/2&Prime; css=\u00a0\u00bb.vc_custom_1492111374424{padding-top: 12% !important;padding-right: 10% !important;padding-bottom: 10% !important;padding-left: 10% !important;background-color: #33699b !important;}\u00a0\u00bb][vc_column_text font_family=\u00a0\u00bbPlayfair Display\u00a0\u00bb font_weight=\u00a0\u00bb700italic\u00a0\u00bb font_size=\u00a0\u00bb22px\u00a0\u00bb font_color=\u00a0\u00bb#ffffff\u00a0\u00bb css=\u00a0\u00bb.vc_custom_1494812016503{margin-bottom: 10px !important;padding-top: 10% !important;}\u00a0\u00bb]Qui sommes nous?[\/vc_column_text][vc_column_text font_family=\u00a0\u00bbPoppins\u00a0\u00bb font_weight=\u00a0\u00bb700&Prime; css=\u00a0\u00bb.vc_custom_1494812024190{margin-bottom: 36px !important;}\u00a0\u00bb font_color=\u00a0\u00bb#ffffff\u00a0\u00bb font_size=\u00a0\u00bb24px\u00a0\u00bb responsive_font_size=\u00a0\u00bbtrue\u00a0\u00bb] Les technologies de Technicost anticipent vos besoins [\/vc_column_text][vc_column_text font_size=\u00a0\u00bb16px\u00a0\u00bb css=\u00a0\u00bb.vc_custom_1494812037250{margin-bottom: 0px !important;padding-bottom: 10% !important;}\u00a0\u00bb font_color=\u00a0\u00bb#ffffff\u00a0\u00bb]En mettant nos partenariats [&hellip;]<\/p>\n","protected":false},"author":1,"featured_media":0,"parent":0,"menu_order":2,"comment_status":"closed","ping_status":"closed","template":"","meta":{"_monsterinsights_skip_tracking":false,"_monsterinsights_sitenote_active":false,"_monsterinsights_sitenote_note":"","_monsterinsights_sitenote_category":0,"footnotes":""},"class_list":["post-4396","page","type-page","status-publish","hentry"],"yoast_head":"<!-- This site is optimized with the Yoast SEO plugin v27.4 - https:\/\/yoast.com\/product\/yoast-seo-wordpress\/ -->\n<title>\u00c0 PROPOS - Technicost<\/title>\n<meta name=\"robots\" content=\"index, follow, max-snippet:-1, max-image-preview:large, max-video-preview:-1\" \/>\n<link rel=\"canonical\" href=\"https:\/\/www.technicost.com\/fr\/a-propos\/\" \/>\n<meta property=\"og:locale\" content=\"fr_FR\" \/>\n<meta property=\"og:type\" content=\"article\" \/>\n<meta property=\"og:title\" content=\"\u00c0 PROPOS - Technicost\" \/>\n<meta property=\"og:description\" content=\"[vc_row full_width=\u00a0\u00bbstretch_row_content_no_spaces\u00a0\u00bb equal_height=\u00a0\u00bbyes\u00a0\u00bb content_placement=\u00a0\u00bbmiddle\u00a0\u00bb][vc_column luv_animation=\u00a0\u00bbc-animate-zoom-in\u00a0\u00bb width=\u00a0\u00bb1\/2&Prime; css=\u00a0\u00bb.vc_custom_1492111374424{padding-top: 12% !important;padding-right: 10% !important;padding-bottom: 10% !important;padding-left: 10% !important;background-color: #33699b !important;}\u00a0\u00bb][vc_column_text font_family=\u00a0\u00bbPlayfair Display\u00a0\u00bb font_weight=\u00a0\u00bb700italic\u00a0\u00bb font_size=\u00a0\u00bb22px\u00a0\u00bb font_color=\u00a0\u00bb#ffffff\u00a0\u00bb css=\u00a0\u00bb.vc_custom_1494812016503{margin-bottom: 10px !important;padding-top: 10% !important;}\u00a0\u00bb]Qui sommes nous?[\/vc_column_text][vc_column_text font_family=\u00a0\u00bbPoppins\u00a0\u00bb font_weight=\u00a0\u00bb700&Prime; css=\u00a0\u00bb.vc_custom_1494812024190{margin-bottom: 36px !important;}\u00a0\u00bb font_color=\u00a0\u00bb#ffffff\u00a0\u00bb font_size=\u00a0\u00bb24px\u00a0\u00bb responsive_font_size=\u00a0\u00bbtrue\u00a0\u00bb] Les technologies de Technicost anticipent vos besoins [\/vc_column_text][vc_column_text font_size=\u00a0\u00bb16px\u00a0\u00bb css=\u00a0\u00bb.vc_custom_1494812037250{margin-bottom: 0px !important;padding-bottom: 10% !important;}\u00a0\u00bb font_color=\u00a0\u00bb#ffffff\u00a0\u00bb]En mettant nos partenariats [&hellip;]\" \/>\n<meta property=\"og:url\" content=\"https:\/\/www.technicost.com\/fr\/a-propos\/\" \/>\n<meta property=\"og:site_name\" content=\"Technicost\" \/>\n<meta property=\"article:modified_time\" content=\"2025-11-05T23:31:20+00:00\" \/>\n<meta name=\"twitter:card\" content=\"summary_large_image\" \/>\n<meta name=\"twitter:site\" content=\"@Technicost1\" \/>\n<meta name=\"twitter:label1\" content=\"Dur\u00e9e de lecture estim\u00e9e\" \/>\n\t<meta name=\"twitter:data1\" content=\"2 minutes\" \/>\n<script type=\"application\/ld+json\" class=\"yoast-schema-graph\">{\"@context\":\"https:\\\/\\\/schema.org\",\"@graph\":[{\"@type\":\"WebPage\",\"@id\":\"https:\\\/\\\/www.technicost.com\\\/fr\\\/a-propos\\\/\",\"url\":\"https:\\\/\\\/www.technicost.com\\\/fr\\\/a-propos\\\/\",\"name\":\"\u00c0 PROPOS - Technicost\",\"isPartOf\":{\"@id\":\"https:\\\/\\\/www.technicost.com\\\/#website\"},\"datePublished\":\"2015-12-14T22:11:03+00:00\",\"dateModified\":\"2025-11-05T23:31:20+00:00\",\"breadcrumb\":{\"@id\":\"https:\\\/\\\/www.technicost.com\\\/fr\\\/a-propos\\\/#breadcrumb\"},\"inLanguage\":\"fr-FR\",\"potentialAction\":[{\"@type\":\"ReadAction\",\"target\":[\"https:\\\/\\\/www.technicost.com\\\/fr\\\/a-propos\\\/\"]}]},{\"@type\":\"BreadcrumbList\",\"@id\":\"https:\\\/\\\/www.technicost.com\\\/fr\\\/a-propos\\\/#breadcrumb\",\"itemListElement\":[{\"@type\":\"ListItem\",\"position\":1,\"name\":\"Home\",\"item\":\"https:\\\/\\\/www.technicost.com\\\/fr\\\/\"},{\"@type\":\"ListItem\",\"position\":2,\"name\":\"\u00c0 PROPOS\"}]},{\"@type\":\"WebSite\",\"@id\":\"https:\\\/\\\/www.technicost.com\\\/#website\",\"url\":\"https:\\\/\\\/www.technicost.com\\\/\",\"name\":\"Technicost\",\"description\":\"\",\"publisher\":{\"@id\":\"https:\\\/\\\/www.technicost.com\\\/#organization\"},\"potentialAction\":[{\"@type\":\"SearchAction\",\"target\":{\"@type\":\"EntryPoint\",\"urlTemplate\":\"https:\\\/\\\/www.technicost.com\\\/?s={search_term_string}\"},\"query-input\":{\"@type\":\"PropertyValueSpecification\",\"valueRequired\":true,\"valueName\":\"search_term_string\"}}],\"inLanguage\":\"fr-FR\"},{\"@type\":\"Organization\",\"@id\":\"https:\\\/\\\/www.technicost.com\\\/#organization\",\"name\":\"Technicost\",\"url\":\"https:\\\/\\\/www.technicost.com\\\/\",\"logo\":{\"@type\":\"ImageObject\",\"inLanguage\":\"fr-FR\",\"@id\":\"https:\\\/\\\/www.technicost.com\\\/#\\\/schema\\\/logo\\\/image\\\/\",\"url\":\"https:\\\/\\\/www.technicost.com\\\/wp-content\\\/uploads\\\/2017\\\/06\\\/Technicost-Smaller.jpg\",\"contentUrl\":\"https:\\\/\\\/www.technicost.com\\\/wp-content\\\/uploads\\\/2017\\\/06\\\/Technicost-Smaller.jpg\",\"width\":368,\"height\":110,\"caption\":\"Technicost\"},\"image\":{\"@id\":\"https:\\\/\\\/www.technicost.com\\\/#\\\/schema\\\/logo\\\/image\\\/\"},\"sameAs\":[\"https:\\\/\\\/x.com\\\/Technicost1\",\"https:\\\/\\\/www.linkedin.com\\\/company\\\/122491\\\/admin\\\/\"]}]}<\/script>\n<!-- \/ Yoast SEO plugin. -->","yoast_head_json":{"title":"\u00c0 PROPOS - Technicost","robots":{"index":"index","follow":"follow","max-snippet":"max-snippet:-1","max-image-preview":"max-image-preview:large","max-video-preview":"max-video-preview:-1"},"canonical":"https:\/\/www.technicost.com\/fr\/a-propos\/","og_locale":"fr_FR","og_type":"article","og_title":"\u00c0 PROPOS - Technicost","og_description":"[vc_row full_width=\u00a0\u00bbstretch_row_content_no_spaces\u00a0\u00bb equal_height=\u00a0\u00bbyes\u00a0\u00bb content_placement=\u00a0\u00bbmiddle\u00a0\u00bb][vc_column luv_animation=\u00a0\u00bbc-animate-zoom-in\u00a0\u00bb width=\u00a0\u00bb1\/2&Prime; css=\u00a0\u00bb.vc_custom_1492111374424{padding-top: 12% !important;padding-right: 10% !important;padding-bottom: 10% !important;padding-left: 10% !important;background-color: #33699b !important;}\u00a0\u00bb][vc_column_text font_family=\u00a0\u00bbPlayfair Display\u00a0\u00bb font_weight=\u00a0\u00bb700italic\u00a0\u00bb font_size=\u00a0\u00bb22px\u00a0\u00bb font_color=\u00a0\u00bb#ffffff\u00a0\u00bb css=\u00a0\u00bb.vc_custom_1494812016503{margin-bottom: 10px !important;padding-top: 10% !important;}\u00a0\u00bb]Qui sommes nous?[\/vc_column_text][vc_column_text font_family=\u00a0\u00bbPoppins\u00a0\u00bb font_weight=\u00a0\u00bb700&Prime; css=\u00a0\u00bb.vc_custom_1494812024190{margin-bottom: 36px !important;}\u00a0\u00bb font_color=\u00a0\u00bb#ffffff\u00a0\u00bb font_size=\u00a0\u00bb24px\u00a0\u00bb responsive_font_size=\u00a0\u00bbtrue\u00a0\u00bb] Les technologies de Technicost anticipent vos besoins [\/vc_column_text][vc_column_text font_size=\u00a0\u00bb16px\u00a0\u00bb css=\u00a0\u00bb.vc_custom_1494812037250{margin-bottom: 0px !important;padding-bottom: 10% !important;}\u00a0\u00bb font_color=\u00a0\u00bb#ffffff\u00a0\u00bb]En mettant nos partenariats [&hellip;]","og_url":"https:\/\/www.technicost.com\/fr\/a-propos\/","og_site_name":"Technicost","article_modified_time":"2025-11-05T23:31:20+00:00","twitter_card":"summary_large_image","twitter_site":"@Technicost1","twitter_misc":{"Dur\u00e9e de lecture estim\u00e9e":"2 minutes"},"schema":{"@context":"https:\/\/schema.org","@graph":[{"@type":"WebPage","@id":"https:\/\/www.technicost.com\/fr\/a-propos\/","url":"https:\/\/www.technicost.com\/fr\/a-propos\/","name":"\u00c0 PROPOS - Technicost","isPartOf":{"@id":"https:\/\/www.technicost.com\/#website"},"datePublished":"2015-12-14T22:11:03+00:00","dateModified":"2025-11-05T23:31:20+00:00","breadcrumb":{"@id":"https:\/\/www.technicost.com\/fr\/a-propos\/#breadcrumb"},"inLanguage":"fr-FR","potentialAction":[{"@type":"ReadAction","target":["https:\/\/www.technicost.com\/fr\/a-propos\/"]}]},{"@type":"BreadcrumbList","@id":"https:\/\/www.technicost.com\/fr\/a-propos\/#breadcrumb","itemListElement":[{"@type":"ListItem","position":1,"name":"Home","item":"https:\/\/www.technicost.com\/fr\/"},{"@type":"ListItem","position":2,"name":"\u00c0 PROPOS"}]},{"@type":"WebSite","@id":"https:\/\/www.technicost.com\/#website","url":"https:\/\/www.technicost.com\/","name":"Technicost","description":"","publisher":{"@id":"https:\/\/www.technicost.com\/#organization"},"potentialAction":[{"@type":"SearchAction","target":{"@type":"EntryPoint","urlTemplate":"https:\/\/www.technicost.com\/?s={search_term_string}"},"query-input":{"@type":"PropertyValueSpecification","valueRequired":true,"valueName":"search_term_string"}}],"inLanguage":"fr-FR"},{"@type":"Organization","@id":"https:\/\/www.technicost.com\/#organization","name":"Technicost","url":"https:\/\/www.technicost.com\/","logo":{"@type":"ImageObject","inLanguage":"fr-FR","@id":"https:\/\/www.technicost.com\/#\/schema\/logo\/image\/","url":"https:\/\/www.technicost.com\/wp-content\/uploads\/2017\/06\/Technicost-Smaller.jpg","contentUrl":"https:\/\/www.technicost.com\/wp-content\/uploads\/2017\/06\/Technicost-Smaller.jpg","width":368,"height":110,"caption":"Technicost"},"image":{"@id":"https:\/\/www.technicost.com\/#\/schema\/logo\/image\/"},"sameAs":["https:\/\/x.com\/Technicost1","https:\/\/www.linkedin.com\/company\/122491\/admin\/"]}]}},"_links":{"self":[{"href":"https:\/\/www.technicost.com\/fr\/wp-json\/wp\/v2\/pages\/4396","targetHints":{"allow":["GET"]}}],"collection":[{"href":"https:\/\/www.technicost.com\/fr\/wp-json\/wp\/v2\/pages"}],"about":[{"href":"https:\/\/www.technicost.com\/fr\/wp-json\/wp\/v2\/types\/page"}],"author":[{"embeddable":true,"href":"https:\/\/www.technicost.com\/fr\/wp-json\/wp\/v2\/users\/1"}],"replies":[{"embeddable":true,"href":"https:\/\/www.technicost.com\/fr\/wp-json\/wp\/v2\/comments?post=4396"}],"version-history":[{"count":3,"href":"https:\/\/www.technicost.com\/fr\/wp-json\/wp\/v2\/pages\/4396\/revisions"}],"predecessor-version":[{"id":5784,"href":"https:\/\/www.technicost.com\/fr\/wp-json\/wp\/v2\/pages\/4396\/revisions\/5784"}],"wp:attachment":[{"href":"https:\/\/www.technicost.com\/fr\/wp-json\/wp\/v2\/media?parent=4396"}],"curies":[{"name":"wp","href":"https:\/\/api.w.org\/{rel}","templated":true}]}}