{"id":4395,"date":"2016-01-05T13:37:40","date_gmt":"2016-01-05T18:37:40","guid":{"rendered":"http:\/\/www.technicost.com\/support"},"modified":"2025-11-05T18:13:12","modified_gmt":"2025-11-05T23:13:12","slug":"support","status":"publish","type":"page","link":"https:\/\/www.technicost.com\/fr\/support\/","title":{"rendered":"SUPPORT"},"content":{"rendered":"<div class=\"wpb-content-wrapper\"><p>[vc_row full_width=\u00a0\u00bbstretch_row_content_no_spaces\u00a0\u00bb equal_height=\u00a0\u00bbyes\u00a0\u00bb content_placement=\u00a0\u00bbmiddle\u00a0\u00bb css=\u00a0\u00bb.vc_custom_1453120554226{margin-top: 0px !important;}\u00a0\u00bb][vc_column width=\u00a0\u00bb1\/2&Prime; css=\u00a0\u00bb.vc_custom_1492128922870{padding-right: 5% !important;padding-left: 5% !important;background-color: #33699b !important;}\u00a0\u00bb][vc_column_text font_color=\u00a0\u00bb#ffffff\u00a0\u00bb css=\u00a0\u00bb.vc_custom_1494813225576{padding-top: 10% !important;}\u00a0\u00bb]<\/p>\n<h2>JOINDRE LE SUPPORT TECHNIQUE<\/h2>\n<p>[\/vc_column_text][vc_column_text font_color=\u00a0\u00bb#ffffff\u00a0\u00bb]<strong>Lundi au Vendredi\u00a0&#8211; 8:30 a.m. \u00e0\u00a07:00 p.m. heure de l&rsquo;Est (GMT -05:00)<\/strong>[\/vc_column_text][vc_column_text font_color=\u00a0\u00bb#ffffff\u00a0\u00bb]<strong>AM\u00c9RIQUE DU NORD:<\/strong> 1-800-990-9259 option 1<br \/>\n<strong>INTERNATIONAL:<\/strong> 1-514-985-0555 option 1<br \/>\n<strong>FAX:<\/strong> +1-514-985-0556<br \/>\n<strong>COURRIEL:<\/strong> support@technicost.com[\/vc_column_text][vc_column_text font_color=\u00a0\u00bb#ffffff\u00a0\u00bb css=\u00a0\u00bb.vc_custom_1494813345644{padding-bottom: 10% !important;}\u00a0\u00bb][\/vc_column_text][\/vc_column][vc_column width=\u00a0\u00bb1\/2&Prime; css=\u00a0\u00bb.vc_custom_1492102282487{padding-top: 5% !important;padding-right: 5% !important;padding-left: 5% !important;}\u00a0\u00bb][vc_column_text font_family=\u00a0\u00bbPoppins\u00a0\u00bb font_weight=\u00a0\u00bb700&Prime; font_size=\u00a0\u00bb24px\u00a0\u00bb responsive_font_size=\u00a0\u00bbtrue\u00a0\u00bb font_color=\u00a0\u00bb#33699b\u00a0\u00bb]Pour plus d&rsquo;informations sur nos ententes de maintenance et de soutien, envoyez un courriel \u00e0 notre \u00e9quipe de vente.[\/vc_column_text][vc_column_text font_color=\u00a0\u00bb#33699b\u00a0\u00bb]En tant que client de Technicost, vous \u00eates assur\u00e9 d&rsquo;une impl\u00e9mentation fluide, efficace et r\u00e9ussie qui offre la valeur que vous attendez. Vous b\u00e9n\u00e9ficiez alors d&rsquo;un soutien total d&rsquo;une organisation qui aide ses clients \u00e0 r\u00e9ussir depuis quatre d\u00e9cennies.<\/p>\n<p>La satisfaction du client et la qualit\u00e9 du service sont des composants cl\u00e9s des valeurs fondamentales de Technicost. Nous nous effor\u00e7ons de fournir des services de soutien fiables, opportuns et pr\u00e9cis qui r\u00e9pondent aux besoins imm\u00e9diats et \u00e0 long terme ainsi que de cr\u00e9er de partenariats avec nos clients \u00e0 long terme.[\/vc_column_text][\/vc_column][\/vc_row][vc_row full_width=\u00a0\u00bbstretch_row_content\u00a0\u00bb css=\u00a0\u00bb.vc_custom_1494342199676{background-color: #f0f0f0 !important;}\u00a0\u00bb][vc_column][vc_cta h2=\u00a0\u00bb\u00a0\u00bb h4=\u00a0\u00bbLa satisfaction du client et la qualit\u00e9 du service sont des composants cl\u00e9s des valeurs fondamentales de Technicost. Nous nous effor\u00e7ons de fournir des services de soutien fiables, opportuns et pr\u00e9cis qui r\u00e9pondent aux besoins imm\u00e9diats et \u00e0 long terme ainsi que de cr\u00e9er de partenariats avec nos clients \u00e0 long terme.\u00a0\u00bb shape=\u00a0\u00bbsquare\u00a0\u00bb style=\u00a0\u00bbflat\u00a0\u00bb add_button=\u00a0\u00bbbottom\u00a0\u00bb btn_title=\u00a0\u00bbACC\u00c8DER AU SUPPORT EN LIGNE\u00a0\u00bb btn_style=\u00a0\u00bbflat\u00a0\u00bb btn_shape=\u00a0\u00bbsquare\u00a0\u00bb btn_color=\u00a0\u00bbprimary\u00a0\u00bb add_icon=\u00a0\u00bbleft\u00a0\u00bb btn_link=\u00a0\u00bburl:http%3A%2F%2Fwww.technicost.com%2Ffr%2Fsupport%2Facceder-au-support-en-ligne|||\u00a0\u00bb][\/vc_cta][\/vc_column][\/vc_row]<\/p>\n<\/div>","protected":false},"excerpt":{"rendered":"<p>[vc_row full_width=\u00a0\u00bbstretch_row_content_no_spaces\u00a0\u00bb equal_height=\u00a0\u00bbyes\u00a0\u00bb content_placement=\u00a0\u00bbmiddle\u00a0\u00bb css=\u00a0\u00bb.vc_custom_1453120554226{margin-top: 0px !important;}\u00a0\u00bb][vc_column width=\u00a0\u00bb1\/2&Prime; css=\u00a0\u00bb.vc_custom_1492128922870{padding-right: 5% !important;padding-left: 5% !important;background-color: #33699b !important;}\u00a0\u00bb][vc_column_text font_color=\u00a0\u00bb#ffffff\u00a0\u00bb css=\u00a0\u00bb.vc_custom_1494813225576{padding-top: 10% !important;}\u00a0\u00bb] JOINDRE LE SUPPORT TECHNIQUE [\/vc_column_text][vc_column_text font_color=\u00a0\u00bb#ffffff\u00a0\u00bb]Lundi au Vendredi\u00a0&#8211; 8:30 a.m. \u00e0\u00a07:00 p.m. heure de l&rsquo;Est (GMT -05:00)[\/vc_column_text][vc_column_text font_color=\u00a0\u00bb#ffffff\u00a0\u00bb]AM\u00c9RIQUE DU NORD: 1-800-990-9259 option 1 INTERNATIONAL: 1-514-985-0555 option 1 FAX: +1-514-985-0556 COURRIEL: support@technicost.com[\/vc_column_text][vc_column_text font_color=\u00a0\u00bb#ffffff\u00a0\u00bb css=\u00a0\u00bb.vc_custom_1494813345644{padding-bottom: 10% !important;}\u00a0\u00bb][\/vc_column_text][\/vc_column][vc_column width=\u00a0\u00bb1\/2&Prime; [&hellip;]<\/p>\n","protected":false},"author":1,"featured_media":0,"parent":0,"menu_order":6,"comment_status":"closed","ping_status":"closed","template":"","meta":{"_monsterinsights_skip_tracking":false,"_monsterinsights_sitenote_active":false,"_monsterinsights_sitenote_note":"","_monsterinsights_sitenote_category":0,"footnotes":""},"class_list":["post-4395","page","type-page","status-publish","hentry"],"yoast_head":"<!-- This site is optimized with the Yoast SEO plugin v27.4 - https:\/\/yoast.com\/product\/yoast-seo-wordpress\/ -->\n<title>SUPPORT - Technicost<\/title>\n<meta name=\"robots\" content=\"index, follow, max-snippet:-1, max-image-preview:large, max-video-preview:-1\" \/>\n<link rel=\"canonical\" href=\"https:\/\/www.technicost.com\/fr\/support\/\" \/>\n<meta property=\"og:locale\" content=\"fr_FR\" \/>\n<meta property=\"og:type\" content=\"article\" \/>\n<meta property=\"og:title\" content=\"SUPPORT - Technicost\" \/>\n<meta property=\"og:description\" content=\"[vc_row full_width=\u00a0\u00bbstretch_row_content_no_spaces\u00a0\u00bb equal_height=\u00a0\u00bbyes\u00a0\u00bb content_placement=\u00a0\u00bbmiddle\u00a0\u00bb css=\u00a0\u00bb.vc_custom_1453120554226{margin-top: 0px !important;}\u00a0\u00bb][vc_column width=\u00a0\u00bb1\/2&Prime; css=\u00a0\u00bb.vc_custom_1492128922870{padding-right: 5% !important;padding-left: 5% !important;background-color: #33699b !important;}\u00a0\u00bb][vc_column_text font_color=\u00a0\u00bb#ffffff\u00a0\u00bb css=\u00a0\u00bb.vc_custom_1494813225576{padding-top: 10% !important;}\u00a0\u00bb] JOINDRE LE SUPPORT TECHNIQUE [\/vc_column_text][vc_column_text font_color=\u00a0\u00bb#ffffff\u00a0\u00bb]Lundi au Vendredi\u00a0&#8211; 8:30 a.m. \u00e0\u00a07:00 p.m. heure de l&rsquo;Est (GMT -05:00)[\/vc_column_text][vc_column_text font_color=\u00a0\u00bb#ffffff\u00a0\u00bb]AM\u00c9RIQUE DU NORD: 1-800-990-9259 option 1 INTERNATIONAL: 1-514-985-0555 option 1 FAX: +1-514-985-0556 COURRIEL: support@technicost.com[\/vc_column_text][vc_column_text font_color=\u00a0\u00bb#ffffff\u00a0\u00bb css=\u00a0\u00bb.vc_custom_1494813345644{padding-bottom: 10% !important;}\u00a0\u00bb][\/vc_column_text][\/vc_column][vc_column width=\u00a0\u00bb1\/2&Prime; [&hellip;]\" \/>\n<meta property=\"og:url\" content=\"https:\/\/www.technicost.com\/fr\/support\/\" \/>\n<meta property=\"og:site_name\" content=\"Technicost\" \/>\n<meta property=\"article:modified_time\" content=\"2025-11-05T23:13:12+00:00\" \/>\n<meta name=\"twitter:card\" content=\"summary_large_image\" \/>\n<meta name=\"twitter:site\" content=\"@Technicost1\" \/>\n<meta name=\"twitter:label1\" content=\"Dur\u00e9e de lecture estim\u00e9e\" \/>\n\t<meta name=\"twitter:data1\" content=\"2 minutes\" \/>\n<script type=\"application\/ld+json\" class=\"yoast-schema-graph\">{\"@context\":\"https:\\\/\\\/schema.org\",\"@graph\":[{\"@type\":\"WebPage\",\"@id\":\"https:\\\/\\\/www.technicost.com\\\/fr\\\/support\\\/\",\"url\":\"https:\\\/\\\/www.technicost.com\\\/fr\\\/support\\\/\",\"name\":\"SUPPORT - Technicost\",\"isPartOf\":{\"@id\":\"https:\\\/\\\/www.technicost.com\\\/#website\"},\"datePublished\":\"2016-01-05T18:37:40+00:00\",\"dateModified\":\"2025-11-05T23:13:12+00:00\",\"breadcrumb\":{\"@id\":\"https:\\\/\\\/www.technicost.com\\\/fr\\\/support\\\/#breadcrumb\"},\"inLanguage\":\"fr-FR\",\"potentialAction\":[{\"@type\":\"ReadAction\",\"target\":[\"https:\\\/\\\/www.technicost.com\\\/fr\\\/support\\\/\"]}]},{\"@type\":\"BreadcrumbList\",\"@id\":\"https:\\\/\\\/www.technicost.com\\\/fr\\\/support\\\/#breadcrumb\",\"itemListElement\":[{\"@type\":\"ListItem\",\"position\":1,\"name\":\"Home\",\"item\":\"https:\\\/\\\/www.technicost.com\\\/fr\\\/\"},{\"@type\":\"ListItem\",\"position\":2,\"name\":\"SUPPORT\"}]},{\"@type\":\"WebSite\",\"@id\":\"https:\\\/\\\/www.technicost.com\\\/#website\",\"url\":\"https:\\\/\\\/www.technicost.com\\\/\",\"name\":\"Technicost\",\"description\":\"\",\"publisher\":{\"@id\":\"https:\\\/\\\/www.technicost.com\\\/#organization\"},\"potentialAction\":[{\"@type\":\"SearchAction\",\"target\":{\"@type\":\"EntryPoint\",\"urlTemplate\":\"https:\\\/\\\/www.technicost.com\\\/?s={search_term_string}\"},\"query-input\":{\"@type\":\"PropertyValueSpecification\",\"valueRequired\":true,\"valueName\":\"search_term_string\"}}],\"inLanguage\":\"fr-FR\"},{\"@type\":\"Organization\",\"@id\":\"https:\\\/\\\/www.technicost.com\\\/#organization\",\"name\":\"Technicost\",\"url\":\"https:\\\/\\\/www.technicost.com\\\/\",\"logo\":{\"@type\":\"ImageObject\",\"inLanguage\":\"fr-FR\",\"@id\":\"https:\\\/\\\/www.technicost.com\\\/#\\\/schema\\\/logo\\\/image\\\/\",\"url\":\"https:\\\/\\\/www.technicost.com\\\/wp-content\\\/uploads\\\/2017\\\/06\\\/Technicost-Smaller.jpg\",\"contentUrl\":\"https:\\\/\\\/www.technicost.com\\\/wp-content\\\/uploads\\\/2017\\\/06\\\/Technicost-Smaller.jpg\",\"width\":368,\"height\":110,\"caption\":\"Technicost\"},\"image\":{\"@id\":\"https:\\\/\\\/www.technicost.com\\\/#\\\/schema\\\/logo\\\/image\\\/\"},\"sameAs\":[\"https:\\\/\\\/x.com\\\/Technicost1\",\"https:\\\/\\\/www.linkedin.com\\\/company\\\/122491\\\/admin\\\/\"]}]}<\/script>\n<!-- \/ Yoast SEO plugin. -->","yoast_head_json":{"title":"SUPPORT - Technicost","robots":{"index":"index","follow":"follow","max-snippet":"max-snippet:-1","max-image-preview":"max-image-preview:large","max-video-preview":"max-video-preview:-1"},"canonical":"https:\/\/www.technicost.com\/fr\/support\/","og_locale":"fr_FR","og_type":"article","og_title":"SUPPORT - Technicost","og_description":"[vc_row full_width=\u00a0\u00bbstretch_row_content_no_spaces\u00a0\u00bb equal_height=\u00a0\u00bbyes\u00a0\u00bb content_placement=\u00a0\u00bbmiddle\u00a0\u00bb css=\u00a0\u00bb.vc_custom_1453120554226{margin-top: 0px !important;}\u00a0\u00bb][vc_column width=\u00a0\u00bb1\/2&Prime; css=\u00a0\u00bb.vc_custom_1492128922870{padding-right: 5% !important;padding-left: 5% !important;background-color: #33699b !important;}\u00a0\u00bb][vc_column_text font_color=\u00a0\u00bb#ffffff\u00a0\u00bb css=\u00a0\u00bb.vc_custom_1494813225576{padding-top: 10% !important;}\u00a0\u00bb] JOINDRE LE SUPPORT TECHNIQUE [\/vc_column_text][vc_column_text font_color=\u00a0\u00bb#ffffff\u00a0\u00bb]Lundi au Vendredi\u00a0&#8211; 8:30 a.m. \u00e0\u00a07:00 p.m. heure de l&rsquo;Est (GMT -05:00)[\/vc_column_text][vc_column_text font_color=\u00a0\u00bb#ffffff\u00a0\u00bb]AM\u00c9RIQUE DU NORD: 1-800-990-9259 option 1 INTERNATIONAL: 1-514-985-0555 option 1 FAX: +1-514-985-0556 COURRIEL: support@technicost.com[\/vc_column_text][vc_column_text font_color=\u00a0\u00bb#ffffff\u00a0\u00bb css=\u00a0\u00bb.vc_custom_1494813345644{padding-bottom: 10% !important;}\u00a0\u00bb][\/vc_column_text][\/vc_column][vc_column width=\u00a0\u00bb1\/2&Prime; [&hellip;]","og_url":"https:\/\/www.technicost.com\/fr\/support\/","og_site_name":"Technicost","article_modified_time":"2025-11-05T23:13:12+00:00","twitter_card":"summary_large_image","twitter_site":"@Technicost1","twitter_misc":{"Dur\u00e9e de lecture estim\u00e9e":"2 minutes"},"schema":{"@context":"https:\/\/schema.org","@graph":[{"@type":"WebPage","@id":"https:\/\/www.technicost.com\/fr\/support\/","url":"https:\/\/www.technicost.com\/fr\/support\/","name":"SUPPORT - Technicost","isPartOf":{"@id":"https:\/\/www.technicost.com\/#website"},"datePublished":"2016-01-05T18:37:40+00:00","dateModified":"2025-11-05T23:13:12+00:00","breadcrumb":{"@id":"https:\/\/www.technicost.com\/fr\/support\/#breadcrumb"},"inLanguage":"fr-FR","potentialAction":[{"@type":"ReadAction","target":["https:\/\/www.technicost.com\/fr\/support\/"]}]},{"@type":"BreadcrumbList","@id":"https:\/\/www.technicost.com\/fr\/support\/#breadcrumb","itemListElement":[{"@type":"ListItem","position":1,"name":"Home","item":"https:\/\/www.technicost.com\/fr\/"},{"@type":"ListItem","position":2,"name":"SUPPORT"}]},{"@type":"WebSite","@id":"https:\/\/www.technicost.com\/#website","url":"https:\/\/www.technicost.com\/","name":"Technicost","description":"","publisher":{"@id":"https:\/\/www.technicost.com\/#organization"},"potentialAction":[{"@type":"SearchAction","target":{"@type":"EntryPoint","urlTemplate":"https:\/\/www.technicost.com\/?s={search_term_string}"},"query-input":{"@type":"PropertyValueSpecification","valueRequired":true,"valueName":"search_term_string"}}],"inLanguage":"fr-FR"},{"@type":"Organization","@id":"https:\/\/www.technicost.com\/#organization","name":"Technicost","url":"https:\/\/www.technicost.com\/","logo":{"@type":"ImageObject","inLanguage":"fr-FR","@id":"https:\/\/www.technicost.com\/#\/schema\/logo\/image\/","url":"https:\/\/www.technicost.com\/wp-content\/uploads\/2017\/06\/Technicost-Smaller.jpg","contentUrl":"https:\/\/www.technicost.com\/wp-content\/uploads\/2017\/06\/Technicost-Smaller.jpg","width":368,"height":110,"caption":"Technicost"},"image":{"@id":"https:\/\/www.technicost.com\/#\/schema\/logo\/image\/"},"sameAs":["https:\/\/x.com\/Technicost1","https:\/\/www.linkedin.com\/company\/122491\/admin\/"]}]}},"_links":{"self":[{"href":"https:\/\/www.technicost.com\/fr\/wp-json\/wp\/v2\/pages\/4395","targetHints":{"allow":["GET"]}}],"collection":[{"href":"https:\/\/www.technicost.com\/fr\/wp-json\/wp\/v2\/pages"}],"about":[{"href":"https:\/\/www.technicost.com\/fr\/wp-json\/wp\/v2\/types\/page"}],"author":[{"embeddable":true,"href":"https:\/\/www.technicost.com\/fr\/wp-json\/wp\/v2\/users\/1"}],"replies":[{"embeddable":true,"href":"https:\/\/www.technicost.com\/fr\/wp-json\/wp\/v2\/comments?post=4395"}],"version-history":[{"count":5,"href":"https:\/\/www.technicost.com\/fr\/wp-json\/wp\/v2\/pages\/4395\/revisions"}],"predecessor-version":[{"id":5773,"href":"https:\/\/www.technicost.com\/fr\/wp-json\/wp\/v2\/pages\/4395\/revisions\/5773"}],"wp:attachment":[{"href":"https:\/\/www.technicost.com\/fr\/wp-json\/wp\/v2\/media?parent=4395"}],"curies":[{"name":"wp","href":"https:\/\/api.w.org\/{rel}","templated":true}]}}