{"id":4394,"date":"2016-06-10T15:09:51","date_gmt":"2016-06-10T19:09:51","guid":{"rendered":"http:\/\/www.technicost.com\/home"},"modified":"2025-11-05T18:26:33","modified_gmt":"2025-11-05T23:26:33","slug":"home","status":"publish","type":"page","link":"https:\/\/www.technicost.com\/fr\/","title":{"rendered":"ACCUEIL"},"content":{"rendered":"<div class=\"wpb-content-wrapper\"><p>[vc_row full_width=\u00a0\u00bbstretch_row_content_no_spaces\u00a0\u00bb][vc_column]\n\t\t\t<!-- START Home REVOLUTION SLIDER 6.7.18 --><p class=\"rs-p-wp-fix\"><\/p>\n\t\t\t<rs-module-wrap id=\"rev_slider_1_1_wrapper\" data-source=\"gallery\" style=\"visibility:hidden;background:transparent;padding:0;margin:0px auto;margin-top:0;margin-bottom:0;\">\n\t\t\t\t<rs-module id=\"rev_slider_1_1\" style=\"\" data-version=\"6.7.18\">\n\t\t\t\t\t<rs-slides style=\"overflow: hidden; position: absolute;\">\n\t\t\t\t\t\t<rs-slide style=\"position: absolute;\" data-key=\"rs-4\" data-title=\"Slide\" data-anim=\"ms:300,default,default,default,default,default,default,default,default,default,default,default,default;r:,0,0,0,0,0,0,0,0,0,0,0,0;f:nodelay;\" data-in=\"o:0;sx:0;sy:0;e:d,d,d,d,d,d,d,d,d,d,d,d;row:5;col:5;\" data-out=\"e:d,d,d,d,d,d,d,d,d,d,d,d;\" data-alttrans=\"slotslide-horizontal,slotslide-vertical,3dcurtain-horizontal,3dcurtain-vertical,incube,cube,turnoff,papercut,slideup,slidedown,slideleft\">\n\t\t\t\t\t\t\t<img decoding=\"async\" src=\"\/\/www.technicost.com\/wp-content\/plugins\/revslider\/sr6\/assets\/assets\/dummy.png\" alt=\"\" title=\"ACCUEIL\" class=\"rev-slidebg tp-rs-img rs-lazyload\" data-lazyload=\"\/\/www.technicost.com\/wp-content\/uploads\/2017\/04\/slider6.jpg\" data-panzoom=\"d:10000;ss:100;se:110;\" data-no-retina>\n<!--\n\t\t\t\t\t\t\t--><rs-layer\n\t\t\t\t\t\t\t\tid=\"slider-1-slide-4-layer-1\" \n\t\t\t\t\t\t\t\tdata-type=\"text\"\n\t\t\t\t\t\t\t\tdata-rsp_ch=\"on\"\n\t\t\t\t\t\t\t\tdata-xy=\"x:c;xo:-156px,-78px,-6px,-13px;y:m;yo:112px,110px,47px,56px;\"\n\t\t\t\t\t\t\t\tdata-text=\"w:nowrap,nowrap,nowrap,normal;s:70,60,50,50;l:70,70,50,50;fw:700;a:inherit;\"\n\t\t\t\t\t\t\t\tdata-dim=\"w:auto,auto,auto,375px;h:auto,auto,auto,217px;\"\n\t\t\t\t\t\t\t\tdata-frame_0=\"o:1;tp:600;\"\n\t\t\t\t\t\t\t\tdata-frame_0_sfx=\"se:blocktoright;\"\n\t\t\t\t\t\t\t\tdata-frame_1=\"tp:600;e:power4.inOut;st:0;sp:1700;\"\n\t\t\t\t\t\t\t\tdata-frame_1_sfx=\"se:blocktoright;\"\n\t\t\t\t\t\t\t\tdata-frame_999=\"o:0;tp:600;st:w;sR:7300;\"\n\t\t\t\t\t\t\t\tstyle=\"z-index:5;font-family:'Ubuntu';\"\n\t\t\t\t\t\t\t>LE PIONNIER CANADIEN <br> DES LOGICIELS DE CR\u00c9DIT \n\t\t\t\t\t\t\t<\/rs-layer><!--\n\n\t\t\t\t\t\t\t--><rs-layer\n\t\t\t\t\t\t\t\tid=\"slider-1-slide-4-layer-4\" \n\t\t\t\t\t\t\t\tdata-type=\"text\"\n\t\t\t\t\t\t\t\tdata-rsp_ch=\"on\"\n\t\t\t\t\t\t\t\tdata-xy=\"x:c;xo:-506px,-365px,-231px,-107px;y:m;yo:218px,217px,133px,195px;\"\n\t\t\t\t\t\t\t\tdata-text=\"l:20;ls:2px;a:inherit;\"\n\t\t\t\t\t\t\t\tdata-frame_0=\"o:1;tp:600;\"\n\t\t\t\t\t\t\t\tdata-frame_0_sfx=\"se:blocktoright;\"\n\t\t\t\t\t\t\t\tdata-frame_1=\"tp:600;e:power4.inOut;st:360;sp:1700;sR:360;\"\n\t\t\t\t\t\t\t\tdata-frame_1_sfx=\"se:blocktoright;\"\n\t\t\t\t\t\t\t\tdata-frame_999=\"o:0;tp:600;st:w;sR:6940;\"\n\t\t\t\t\t\t\t\tstyle=\"z-index:6;font-family:'Ubuntu';\"\n\t\t\t\t\t\t\t>EN SAVOIR PLUS \n\t\t\t\t\t\t\t<\/rs-layer><!--\n-->\t\t\t\t\t<\/rs-slide>\n\t\t\t\t\t\t<rs-slide style=\"position: absolute;\" data-key=\"rs-5\" data-title=\"Slide\" data-anim=\"ms:300,default,default,default,default,default,default,default,default,default,default,default,default;r:,0,0,0,0,0,0,0,0,0,0,0,0;f:nodelay;\" data-in=\"o:0;sx:0;sy:0;e:d,d,d,d,d,d,d,d,d,d,d,d;row:5;col:5;\" data-out=\"e:d,d,d,d,d,d,d,d,d,d,d,d;\" data-alttrans=\"slotslide-horizontal,slotslide-vertical,3dcurtain-horizontal,3dcurtain-vertical,incube,cube,turnoff,papercut,slideup,slidedown,slideleft\">\n\t\t\t\t\t\t\t<img decoding=\"async\" src=\"\/\/www.technicost.com\/wp-content\/plugins\/revslider\/sr6\/assets\/assets\/dummy.png\" alt=\"\" title=\"ACCUEIL\" class=\"rev-slidebg tp-rs-img rs-lazyload\" data-lazyload=\"\/\/www.technicost.com\/wp-content\/uploads\/2017\/05\/slide2.jpg\" data-panzoom=\"d:10000;ss:100;se:110;\" data-no-retina>\n<!--\n\t\t\t\t\t\t\t--><rs-layer\n\t\t\t\t\t\t\t\tid=\"slider-1-slide-5-layer-1\" \n\t\t\t\t\t\t\t\tdata-type=\"text\"\n\t\t\t\t\t\t\t\tdata-rsp_ch=\"on\"\n\t\t\t\t\t\t\t\tdata-xy=\"x:c;xo:-83px,-72px,-37px,1px;y:m;yo:99px,155px,228px,77px;\"\n\t\t\t\t\t\t\t\tdata-text=\"w:nowrap,nowrap,nowrap,normal;s:25,20,15,20;l:40,70,50,30;fw:700;a:inherit;\"\n\t\t\t\t\t\t\t\tdata-dim=\"w:auto,auto,auto,433px;\"\n\t\t\t\t\t\t\t\tdata-frame_0=\"o:1;tp:600;\"\n\t\t\t\t\t\t\t\tdata-frame_0_sfx=\"se:blocktoright;\"\n\t\t\t\t\t\t\t\tdata-frame_1=\"tp:600;e:power4.inOut;st:0;sp:1700;\"\n\t\t\t\t\t\t\t\tdata-frame_1_sfx=\"se:blocktoright;\"\n\t\t\t\t\t\t\t\tdata-frame_999=\"o:0;tp:600;st:w;sR:7300;\"\n\t\t\t\t\t\t\t\tstyle=\"z-index:5;font-family:'Ubuntu';\"\n\t\t\t\t\t\t\t>LA NOUVELLE MAISON, LA NOUVELLE VOITURE, LA PREMI\u00c8RE VACANCE EN FAMILLE \n\t\t\t\t\t\t\t<\/rs-layer><!--\n\n\t\t\t\t\t\t\t--><rs-layer\n\t\t\t\t\t\t\t\tid=\"slider-1-slide-5-layer-6\" \n\t\t\t\t\t\t\t\tdata-type=\"text\"\n\t\t\t\t\t\t\t\tdata-rsp_ch=\"on\"\n\t\t\t\t\t\t\t\tdata-xy=\"x:c;xo:-111px,4px,-21px,-37px;y:m;yo:152px,198px,264px,185px;\"\n\t\t\t\t\t\t\t\tdata-text=\"w:nowrap,nowrap,nowrap,normal;s:30,30,20,25;l:70,70,50,29;fw:700;a:inherit;\"\n\t\t\t\t\t\t\t\tdata-dim=\"w:auto,auto,auto,356px;\"\n\t\t\t\t\t\t\t\tdata-frame_0=\"o:1;tp:600;\"\n\t\t\t\t\t\t\t\tdata-frame_0_sfx=\"se:blocktoright;\"\n\t\t\t\t\t\t\t\tdata-frame_1=\"tp:600;e:power4.inOut;st:490;sp:1700;sR:490;\"\n\t\t\t\t\t\t\t\tdata-frame_1_sfx=\"se:blocktoright;\"\n\t\t\t\t\t\t\t\tdata-frame_999=\"o:0;tp:600;st:w;sR:6810;\"\n\t\t\t\t\t\t\t\tstyle=\"z-index:6;font-family:'Ubuntu';\"\n\t\t\t\t\t\t\t>VOUS \u00c9TIEZ L\u00c0 \u00c0 CHAQUE \u00c9TAPE, EN UTILISANT UN SEUL SYST\u00c8ME \n\t\t\t\t\t\t\t<\/rs-layer><!--\n\n\t\t\t\t\t\t\t--><rs-layer\n\t\t\t\t\t\t\t\tid=\"slider-1-slide-5-layer-4\" \n\t\t\t\t\t\t\t\tdata-type=\"text\"\n\t\t\t\t\t\t\t\tdata-rsp_ch=\"on\"\n\t\t\t\t\t\t\t\tdata-xy=\"x:c;xo:-509px,-393px,-255px,-125px;y:m;yo:210px,267px,326px,265px;\"\n\t\t\t\t\t\t\t\tdata-text=\"l:20;ls:2px;a:inherit;\"\n\t\t\t\t\t\t\t\tdata-frame_0=\"o:1;tp:600;\"\n\t\t\t\t\t\t\t\tdata-frame_0_sfx=\"se:blocktoright;\"\n\t\t\t\t\t\t\t\tdata-frame_1=\"tp:600;e:power4.inOut;st:920;sp:1700;sR:920;\"\n\t\t\t\t\t\t\t\tdata-frame_1_sfx=\"se:blocktoright;\"\n\t\t\t\t\t\t\t\tdata-frame_999=\"o:0;tp:600;st:w;sR:6380;\"\n\t\t\t\t\t\t\t\tstyle=\"z-index:7;font-family:'Ubuntu';\"\n\t\t\t\t\t\t\t>EN SAVOIR PLUS \n\t\t\t\t\t\t\t<\/rs-layer><!--\n-->\t\t\t\t\t<\/rs-slide>\n\t\t\t\t\t<\/rs-slides>\n\t\t\t\t<\/rs-module>\n\t\t\t\t<script>\n\t\t\t\t\tsetREVStartSize({c: 'rev_slider_1_1',rl:[1240,1024,778,480],el:[],gw:[1240,1024,778,480],gh:[800,768,960,720],type:'standard',justify:'',layout:'fullwidth',mh:\"0\"});if (window.RS_MODULES!==undefined && window.RS_MODULES.modules!==undefined && window.RS_MODULES.modules[\"revslider11\"]!==undefined) {window.RS_MODULES.modules[\"revslider11\"].once = false;window.revapi1 = undefined;if (window.RS_MODULES.checkMinimal!==undefined) window.RS_MODULES.checkMinimal()}\n\t\t\t\t<\/script>\n\t\t\t<\/rs-module-wrap>\n\t\t\t<!-- END REVOLUTION SLIDER -->\n[\/vc_column][\/vc_row][vc_row luv_text_alignment=\u00a0\u00bbcenter\u00a0\u00bb css=\u00a0\u00bb.vc_custom_1465593226683{padding-top: 100px !important;padding-bottom: 0px !important;}\u00a0\u00bb][vc_column][vc_column_text font_family=\u00a0\u00bbRoboto\u00a0\u00bb font_weight=\u00a0\u00bb300&Prime; font_size=\u00a0\u00bb40px\u00a0\u00bb responsive_font_size=\u00a0\u00bbtrue\u00a0\u00bb line_height=\u00a0\u00bb1.2em\u00a0\u00bb css=\u00a0\u00bb.vc_custom_1494811806693{margin-bottom: 15px !important;}\u00a0\u00bb]<\/p>\n<h3 style=\"text-align: center;\">Fournissant aux coop\u00e9ratives de cr\u00e9dit canadiennes des solutions LOS innovantes<\/h3>\n<p>[\/vc_column_text]<div class=\"luv-separator luv_dynamic-49cd8b46     \"><\/div>[vc_column_text font_family=\u00a0\u00bbPoppins\u00a0\u00bb font_size=\u00a0\u00bb16px\u00a0\u00bb css=\u00a0\u00bb.vc_custom_1494811821650{margin-top: 15px !important;margin-bottom: 100px !important;}\u00a0\u00bb]<\/p>\n<p style=\"text-align: center;\">Depuis plus de 40 ans, Technicost a \u00e9t\u00e9 le pionnier canadien des logiciels de cr\u00e9dit, promettant un service in\u00e9gal\u00e9, un support sans pr\u00e9c\u00e9dent et des solutions logicielles innovantes pour rendre votre flux de travail au jour le jour aussi efficace que possible.<\/p>\n<p>[\/vc_column_text][\/vc_column][\/vc_row][vc_row full_width=\u00a0\u00bbstretch_row\u00a0\u00bb content_placement=\u00a0\u00bbmiddle\u00a0\u00bb css=\u00a0\u00bb.vc_custom_1492105547475{padding-top: 50px !important;padding-bottom: 0px !important;background-image: url(http:\/\/www.technicost.com\/wp-content\/uploads\/2016\/06\/home1.jpg?id=4161) !important;background-position: center !important;background-repeat: no-repeat !important;background-size: cover !important;}\u00a0\u00bb font_color=\u00a0\u00bb#ffffff\u00a0\u00bb el_class=\u00a0\u00bbfloating-app-screen\u00a0\u00bb][vc_column width=\u00a0\u00bb1\/2&Prime;][vc_single_image image=\u00a0\u00bb4362&Prime; img_size=\u00a0\u00bblarge\u00a0\u00bb luv_floating=\u00a0\u00bbtrue\u00a0\u00bb css=\u00a0\u00bb.vc_custom_1494788811792{margin-bottom: 0px !important;}\u00a0\u00bb el_class=\u00a0\u00bbfloating-iphone\u00a0\u00bb][\/vc_column][vc_column width=\u00a0\u00bb1\/2&Prime; css=\u00a0\u00bb.vc_custom_1465593868155{padding-bottom: 50px !important;}\u00a0\u00bb][vc_column_text font_family=\u00a0\u00bbRoboto\u00a0\u00bb font_weight=\u00a0\u00bb300&Prime; font_size=\u00a0\u00bb40px\u00a0\u00bb responsive_font_size=\u00a0\u00bbtrue\u00a0\u00bb line_height=\u00a0\u00bb1.2em\u00a0\u00bb css=\u00a0\u00bb.vc_custom_1494811833493{margin-bottom: 15px !important;}\u00a0\u00bb]<\/p>\n<h3 style=\"text-align: left;\">Technicost anticipe vos besoins<\/h3>\n<p>[\/vc_column_text]<div class=\"luv-separator luv_dynamic-49cd8b46     \"><\/div>[vc_column_text font_family=\u00a0\u00bbPoppins\u00a0\u00bb font_size=\u00a0\u00bb16px\u00a0\u00bb css=\u00a0\u00bb.vc_custom_1494811841446{margin-top: 25px !important;margin-bottom: 35px !important;}\u00a0\u00bb]Notre mission est de vous fournir tous les outils dont vous avez besoin et un support de premi\u00e8re qualit\u00e9 pour faciliter l&rsquo;exp\u00e9rience de vos clients.[\/vc_column_text][\/vc_column][\/vc_row][vc_row full_width=\u00a0\u00bbstretch_row\u00a0\u00bb full_height=\u00a0\u00bbyes\u00a0\u00bb columns_placement=\u00a0\u00bbtop\u00a0\u00bb css=\u00a0\u00bb.vc_custom_1494356912026{padding-top: 0px !important;padding-bottom: 0px !important;background: #ffffff url(http:\/\/www.technicost.com\/wp-content\/uploads\/2016\/06\/home3-1.jpg?id=4359) !important;background-position: center !important;background-repeat: no-repeat !important;background-size: cover !important;}\u00a0\u00bb el_class=\u00a0\u00bbhidden-s\u00a0\u00bb][vc_column width=\u00a0\u00bb1\/2&Prime; css=\u00a0\u00bb.vc_custom_1465584669639{padding-top: 100px !important;padding-right: 15px !important;padding-bottom: 100px !important;padding-left: 15px !important;}\u00a0\u00bb offset=\u00a0\u00bbvc_hidden-xs\u00a0\u00bb][vc_column_text font_family=\u00a0\u00bbRoboto\u00a0\u00bb font_weight=\u00a0\u00bb300&Prime; font_size=\u00a0\u00bb40px\u00a0\u00bb responsive_font_size=\u00a0\u00bbtrue\u00a0\u00bb line_height=\u00a0\u00bb1.2em\u00a0\u00bb css=\u00a0\u00bb.vc_custom_1494811850071{margin-bottom: 15px !important;}\u00a0\u00bb]<\/p>\n<h3 style=\"text-align: left;\">Des solutions logicielles de cr\u00e9dit dynamiques et in\u00e9gal\u00e9es<\/h3>\n<p>[\/vc_column_text]<div class=\"luv-separator luv_dynamic-49cd8b46     \"><\/div>[vc_column_text font_family=\u00a0\u00bbPoppins\u00a0\u00bb font_size=\u00a0\u00bb16px\u00a0\u00bb css=\u00a0\u00bb.vc_custom_1494811884026{margin-top: 25px !important;margin-bottom: 35px !important;}\u00a0\u00bb]<\/p>\n<p style=\"text-align: left;\">Nos cadres experts fournissent des solutions logicielles de cr\u00e9dit dynamiques et in\u00e9gal\u00e9es \u00e0 plus de 100 institutions financi\u00e8res<strong> partout au Canada<\/strong>, comprenant des services tels que:<\/p>\n<ul>\n<li style=\"text-align: left;\">Demandes de pr\u00eat en ligne<\/li>\n<li style=\"text-align: left;\">Syst\u00e8me d&rsquo;origine de pr\u00eat<\/li>\n<li style=\"text-align: left;\">D\u00e9cision automatique<\/li>\n<li style=\"text-align: left;\">Services de pr\u00eat et de pr\u00eat hypoth\u00e9caire<\/li>\n<li style=\"text-align: left;\">Services d&rsquo;investissement et de d\u00e9p\u00f4t \u00e0 terme<\/li>\n<li style=\"text-align: left;\">Transactions \u00e9lectroniques (Paiements et d\u00e9p\u00f4ts pr\u00e9autoris\u00e9s)<\/li>\n<\/ul>\n<p>[\/vc_column_text]<a href=\"http:\/\/www.technicost.com\/fr\/produits\" target=\"_self\" class=\"btn btn-shortcode btn-rounded luv_dynamic-61a9f6f8\" ><span>EN SAVOIR PLUS<\/span><\/a>[\/vc_column][vc_column width=\u00a0\u00bb1\/2&Prime; offset=\u00a0\u00bbvc_hidden-xs\u00a0\u00bb][\/vc_column][\/vc_row][vc_row full_width=\u00a0\u00bbstretch_row\u00a0\u00bb parallax=\u00a0\u00bbcontent-moving\u00a0\u00bb parallax_image=\u00a0\u00bb4185&Prime; css=\u00a0\u00bb.vc_custom_1492107985967{padding-top: 50px !important;padding-bottom: 50px !important;background-position: center;background-repeat: no-repeat;background-size: cover !important;}\u00a0\u00bb font_color=\u00a0\u00bb#ffffff\u00a0\u00bb][vc_column][vc_column_text font_family=\u00a0\u00bbRoboto\u00a0\u00bb font_weight=\u00a0\u00bb300&Prime; font_size=\u00a0\u00bb40px\u00a0\u00bb responsive_font_size=\u00a0\u00bbtrue\u00a0\u00bb line_height=\u00a0\u00bb1.2em\u00a0\u00bb css=\u00a0\u00bb.vc_custom_1494811923657{margin-bottom: 15px !important;}\u00a0\u00bb]<\/p>\n<h3 style=\"text-align: center;\">Des logiciels \u00e0 la fine pointe de la technologie<\/h3>\n<p>[\/vc_column_text][vc_column_text font_family=\u00a0\u00bbPoppins\u00a0\u00bb font_size=\u00a0\u00bb16px\u00a0\u00bb css=\u00a0\u00bb.vc_custom_1494811929765{margin-top: 15px !important;margin-bottom: 60px !important;}\u00a0\u00bb font_color=\u00a0\u00bb#ffffff\u00a0\u00bb]<\/p>\n<p style=\"text-align: center;\">Technicost poss\u00e8de un r\u00e9pertoire solide de produits d\u00e9velopp\u00e9s et fortement acclam\u00e9s, depuis la cr\u00e9ation de cr\u00e9dit jusqu&rsquo;\u00e0 la gestion de pr\u00eats, au financement et \u00e0 la gestion des investissements.<\/p>\n<p>[\/vc_column_text]<ul class=\"luv-carousel \" data-luv-carousel-infinite=\"true\" data-luv-carousel-nav=\"false\" data-luv-carousel-dots=\"true\" data-luv-carousel-autoplay=\"true\" data-luv-carousel-autoplay_timeout=\"3000\" data-luv-carousel-autoplay_pause=\"false\" data-luv-carousel-items=\"{'desktop':'5','laptop':'5','tablet-landscape':'5','tablet-portrait':'2','mobile':'1'}\" data-luv-carousel-margin=\"40\" data-luv-carousel-parallax=\"false\" data-luv-carousel-full_height=\"false\" data-luv-carousel-same_height=\"false\" data-luv-carousel-vertical_alignment=\"middle\"><li class=\"    \">[vc_single_image image=\u00a0\u00bb4375&Prime; img_size=\u00a0\u00bblarge\u00a0\u00bb alignment=\u00a0\u00bbcenter\u00a0\u00bb css=\u00a0\u00bb.vc_custom_1494790653762{margin-bottom: 0px !important;}\u00a0\u00bb]<\/li><li class=\"    \">[vc_single_image image=\u00a0\u00bb4380&Prime; img_size=\u00a0\u00bblarge\u00a0\u00bb alignment=\u00a0\u00bbcenter\u00a0\u00bb css=\u00a0\u00bb.vc_custom_1494790669230{margin-bottom: 0px !important;}\u00a0\u00bb]<\/li><li class=\"    \">[vc_single_image image=\u00a0\u00bb5722&Prime; img_size=\u00a0\u00bblarge\u00a0\u00bb alignment=\u00a0\u00bbcenter\u00a0\u00bb css=\u00a0\u00bb.vc_custom_1753308470148{margin-bottom: 0px !important;}\u00a0\u00bb]<\/li><li class=\"    \">[vc_single_image image=\u00a0\u00bb5651&Prime; img_size=\u00a0\u00bblarge\u00a0\u00bb alignment=\u00a0\u00bbcenter\u00a0\u00bb css=\u00a0\u00bb.vc_custom_1753308457640{margin-bottom: 0px !important;}\u00a0\u00bb]<\/li><li class=\"    \">[vc_single_image image=\u00a0\u00bb4376&Prime; img_size=\u00a0\u00bblarge\u00a0\u00bb]<\/li><\/ul>[\/vc_column][\/vc_row][vc_row full_width=\u00a0\u00bbstretch_row\u00a0\u00bb luv_text_alignment=\u00a0\u00bbcenter\u00a0\u00bb css=\u00a0\u00bb.vc_custom_1492108939426{padding-top: 50px !important;padding-bottom: 50px !important;background-color: #33699b !important;}\u00a0\u00bb][vc_column css=\u00a0\u00bb.vc_custom_1465595421237{padding-top: 0px !important;padding-bottom: 0px !important;}\u00a0\u00bb][vc_column_text font_family=\u00a0\u00bbRoboto\u00a0\u00bb font_weight=\u00a0\u00bb300&Prime; font_size=\u00a0\u00bb60px\u00a0\u00bb responsive_font_size=\u00a0\u00bbtrue\u00a0\u00bb font_color=\u00a0\u00bb#ffffff\u00a0\u00bb css=\u00a0\u00bb.vc_custom_1494811948220{margin-bottom: 30px !important;}\u00a0\u00bb line_height=\u00a0\u00bb1em\u00a0\u00bb]<\/p>\n<p style=\"text-align: center;\">Avez-vous plus de questions?<\/p>\n<p>[\/vc_column_text]<a href=\"http:\/\/www.technicost.com\/fr\/support\" target=\"_self\" class=\"btn btn-shortcode btn-rounded luv_dynamic-e45d90ab luv_dynamic-091c1458\" ><span>NOUS AVONS DES R\u00c9PONSES<\/span><\/a>[\/vc_column][\/vc_row]<\/p>\n<\/div>","protected":false},"excerpt":{"rendered":"<p>[vc_row full_width=\u00a0\u00bbstretch_row_content_no_spaces\u00a0\u00bb][vc_column][\/vc_column][\/vc_row][vc_row luv_text_alignment=\u00a0\u00bbcenter\u00a0\u00bb css=\u00a0\u00bb.vc_custom_1465593226683{padding-top: 100px !important;padding-bottom: 0px !important;}\u00a0\u00bb][vc_column][vc_column_text font_family=\u00a0\u00bbRoboto\u00a0\u00bb font_weight=\u00a0\u00bb300&Prime; font_size=\u00a0\u00bb40px\u00a0\u00bb responsive_font_size=\u00a0\u00bbtrue\u00a0\u00bb line_height=\u00a0\u00bb1.2em\u00a0\u00bb css=\u00a0\u00bb.vc_custom_1494811806693{margin-bottom: 15px !important;}\u00a0\u00bb] Fournissant aux coop\u00e9ratives de cr\u00e9dit canadiennes des solutions LOS innovantes [\/vc_column_text][vc_column_text font_family=\u00a0\u00bbPoppins\u00a0\u00bb font_size=\u00a0\u00bb16px\u00a0\u00bb css=\u00a0\u00bb.vc_custom_1494811821650{margin-top: 15px !important;margin-bottom: 100px !important;}\u00a0\u00bb] Depuis plus de 40 ans, Technicost a \u00e9t\u00e9 le pionnier canadien des logiciels de cr\u00e9dit, promettant un service in\u00e9gal\u00e9, un support [&hellip;]<\/p>\n","protected":false},"author":1,"featured_media":0,"parent":0,"menu_order":1,"comment_status":"closed","ping_status":"closed","template":"","meta":{"_monsterinsights_skip_tracking":false,"_monsterinsights_sitenote_active":false,"_monsterinsights_sitenote_note":"","_monsterinsights_sitenote_category":0,"footnotes":""},"class_list":["post-4394","page","type-page","status-publish","hentry"],"yoast_head":"<!-- This site is optimized with the Yoast SEO plugin v27.4 - https:\/\/yoast.com\/product\/yoast-seo-wordpress\/ -->\n<title>ACCUEIL - Technicost<\/title>\n<meta name=\"robots\" content=\"index, follow, max-snippet:-1, max-image-preview:large, max-video-preview:-1\" \/>\n<link rel=\"canonical\" href=\"https:\/\/www.technicost.com\/fr\/\" \/>\n<meta property=\"og:locale\" content=\"fr_FR\" \/>\n<meta property=\"og:type\" content=\"article\" \/>\n<meta property=\"og:title\" content=\"ACCUEIL - Technicost\" \/>\n<meta property=\"og:description\" content=\"[vc_row full_width=\u00a0\u00bbstretch_row_content_no_spaces\u00a0\u00bb][vc_column][\/vc_column][\/vc_row][vc_row luv_text_alignment=\u00a0\u00bbcenter\u00a0\u00bb css=\u00a0\u00bb.vc_custom_1465593226683{padding-top: 100px !important;padding-bottom: 0px !important;}\u00a0\u00bb][vc_column][vc_column_text font_family=\u00a0\u00bbRoboto\u00a0\u00bb font_weight=\u00a0\u00bb300&Prime; font_size=\u00a0\u00bb40px\u00a0\u00bb responsive_font_size=\u00a0\u00bbtrue\u00a0\u00bb line_height=\u00a0\u00bb1.2em\u00a0\u00bb css=\u00a0\u00bb.vc_custom_1494811806693{margin-bottom: 15px !important;}\u00a0\u00bb] Fournissant aux coop\u00e9ratives de cr\u00e9dit canadiennes des solutions LOS innovantes [\/vc_column_text][vc_column_text font_family=\u00a0\u00bbPoppins\u00a0\u00bb font_size=\u00a0\u00bb16px\u00a0\u00bb css=\u00a0\u00bb.vc_custom_1494811821650{margin-top: 15px !important;margin-bottom: 100px !important;}\u00a0\u00bb] Depuis plus de 40 ans, Technicost a \u00e9t\u00e9 le pionnier canadien des logiciels de cr\u00e9dit, promettant un service in\u00e9gal\u00e9, un support [&hellip;]\" \/>\n<meta property=\"og:url\" content=\"https:\/\/www.technicost.com\/fr\/\" \/>\n<meta property=\"og:site_name\" content=\"Technicost\" \/>\n<meta property=\"article:modified_time\" content=\"2025-11-05T23:26:33+00:00\" \/>\n<meta name=\"twitter:card\" content=\"summary_large_image\" \/>\n<meta name=\"twitter:site\" content=\"@Technicost1\" \/>\n<meta name=\"twitter:label1\" content=\"Dur\u00e9e de lecture estim\u00e9e\" \/>\n\t<meta name=\"twitter:data1\" content=\"4 minutes\" \/>\n<script type=\"application\/ld+json\" class=\"yoast-schema-graph\">{\"@context\":\"https:\\\/\\\/schema.org\",\"@graph\":[{\"@type\":\"WebPage\",\"@id\":\"https:\\\/\\\/www.technicost.com\\\/fr\\\/\",\"url\":\"https:\\\/\\\/www.technicost.com\\\/fr\\\/\",\"name\":\"ACCUEIL - Technicost\",\"isPartOf\":{\"@id\":\"https:\\\/\\\/www.technicost.com\\\/#website\"},\"datePublished\":\"2016-06-10T19:09:51+00:00\",\"dateModified\":\"2025-11-05T23:26:33+00:00\",\"breadcrumb\":{\"@id\":\"https:\\\/\\\/www.technicost.com\\\/fr\\\/#breadcrumb\"},\"inLanguage\":\"fr-FR\",\"potentialAction\":[{\"@type\":\"ReadAction\",\"target\":[\"https:\\\/\\\/www.technicost.com\\\/fr\\\/\"]}]},{\"@type\":\"BreadcrumbList\",\"@id\":\"https:\\\/\\\/www.technicost.com\\\/fr\\\/#breadcrumb\",\"itemListElement\":[{\"@type\":\"ListItem\",\"position\":1,\"name\":\"Home\",\"item\":\"https:\\\/\\\/www.technicost.com\\\/fr\\\/\"},{\"@type\":\"ListItem\",\"position\":2,\"name\":\"ACCUEIL\"}]},{\"@type\":\"WebSite\",\"@id\":\"https:\\\/\\\/www.technicost.com\\\/#website\",\"url\":\"https:\\\/\\\/www.technicost.com\\\/\",\"name\":\"Technicost\",\"description\":\"\",\"publisher\":{\"@id\":\"https:\\\/\\\/www.technicost.com\\\/#organization\"},\"potentialAction\":[{\"@type\":\"SearchAction\",\"target\":{\"@type\":\"EntryPoint\",\"urlTemplate\":\"https:\\\/\\\/www.technicost.com\\\/?s={search_term_string}\"},\"query-input\":{\"@type\":\"PropertyValueSpecification\",\"valueRequired\":true,\"valueName\":\"search_term_string\"}}],\"inLanguage\":\"fr-FR\"},{\"@type\":\"Organization\",\"@id\":\"https:\\\/\\\/www.technicost.com\\\/#organization\",\"name\":\"Technicost\",\"url\":\"https:\\\/\\\/www.technicost.com\\\/\",\"logo\":{\"@type\":\"ImageObject\",\"inLanguage\":\"fr-FR\",\"@id\":\"https:\\\/\\\/www.technicost.com\\\/#\\\/schema\\\/logo\\\/image\\\/\",\"url\":\"https:\\\/\\\/www.technicost.com\\\/wp-content\\\/uploads\\\/2017\\\/06\\\/Technicost-Smaller.jpg\",\"contentUrl\":\"https:\\\/\\\/www.technicost.com\\\/wp-content\\\/uploads\\\/2017\\\/06\\\/Technicost-Smaller.jpg\",\"width\":368,\"height\":110,\"caption\":\"Technicost\"},\"image\":{\"@id\":\"https:\\\/\\\/www.technicost.com\\\/#\\\/schema\\\/logo\\\/image\\\/\"},\"sameAs\":[\"https:\\\/\\\/x.com\\\/Technicost1\",\"https:\\\/\\\/www.linkedin.com\\\/company\\\/122491\\\/admin\\\/\"]}]}<\/script>\n<!-- \/ Yoast SEO plugin. -->","yoast_head_json":{"title":"ACCUEIL - Technicost","robots":{"index":"index","follow":"follow","max-snippet":"max-snippet:-1","max-image-preview":"max-image-preview:large","max-video-preview":"max-video-preview:-1"},"canonical":"https:\/\/www.technicost.com\/fr\/","og_locale":"fr_FR","og_type":"article","og_title":"ACCUEIL - Technicost","og_description":"[vc_row full_width=\u00a0\u00bbstretch_row_content_no_spaces\u00a0\u00bb][vc_column][\/vc_column][\/vc_row][vc_row luv_text_alignment=\u00a0\u00bbcenter\u00a0\u00bb css=\u00a0\u00bb.vc_custom_1465593226683{padding-top: 100px !important;padding-bottom: 0px !important;}\u00a0\u00bb][vc_column][vc_column_text font_family=\u00a0\u00bbRoboto\u00a0\u00bb font_weight=\u00a0\u00bb300&Prime; font_size=\u00a0\u00bb40px\u00a0\u00bb responsive_font_size=\u00a0\u00bbtrue\u00a0\u00bb line_height=\u00a0\u00bb1.2em\u00a0\u00bb css=\u00a0\u00bb.vc_custom_1494811806693{margin-bottom: 15px !important;}\u00a0\u00bb] Fournissant aux coop\u00e9ratives de cr\u00e9dit canadiennes des solutions LOS innovantes [\/vc_column_text][vc_column_text font_family=\u00a0\u00bbPoppins\u00a0\u00bb font_size=\u00a0\u00bb16px\u00a0\u00bb css=\u00a0\u00bb.vc_custom_1494811821650{margin-top: 15px !important;margin-bottom: 100px !important;}\u00a0\u00bb] Depuis plus de 40 ans, Technicost a \u00e9t\u00e9 le pionnier canadien des logiciels de cr\u00e9dit, promettant un service in\u00e9gal\u00e9, un support [&hellip;]","og_url":"https:\/\/www.technicost.com\/fr\/","og_site_name":"Technicost","article_modified_time":"2025-11-05T23:26:33+00:00","twitter_card":"summary_large_image","twitter_site":"@Technicost1","twitter_misc":{"Dur\u00e9e de lecture estim\u00e9e":"4 minutes"},"schema":{"@context":"https:\/\/schema.org","@graph":[{"@type":"WebPage","@id":"https:\/\/www.technicost.com\/fr\/","url":"https:\/\/www.technicost.com\/fr\/","name":"ACCUEIL - Technicost","isPartOf":{"@id":"https:\/\/www.technicost.com\/#website"},"datePublished":"2016-06-10T19:09:51+00:00","dateModified":"2025-11-05T23:26:33+00:00","breadcrumb":{"@id":"https:\/\/www.technicost.com\/fr\/#breadcrumb"},"inLanguage":"fr-FR","potentialAction":[{"@type":"ReadAction","target":["https:\/\/www.technicost.com\/fr\/"]}]},{"@type":"BreadcrumbList","@id":"https:\/\/www.technicost.com\/fr\/#breadcrumb","itemListElement":[{"@type":"ListItem","position":1,"name":"Home","item":"https:\/\/www.technicost.com\/fr\/"},{"@type":"ListItem","position":2,"name":"ACCUEIL"}]},{"@type":"WebSite","@id":"https:\/\/www.technicost.com\/#website","url":"https:\/\/www.technicost.com\/","name":"Technicost","description":"","publisher":{"@id":"https:\/\/www.technicost.com\/#organization"},"potentialAction":[{"@type":"SearchAction","target":{"@type":"EntryPoint","urlTemplate":"https:\/\/www.technicost.com\/?s={search_term_string}"},"query-input":{"@type":"PropertyValueSpecification","valueRequired":true,"valueName":"search_term_string"}}],"inLanguage":"fr-FR"},{"@type":"Organization","@id":"https:\/\/www.technicost.com\/#organization","name":"Technicost","url":"https:\/\/www.technicost.com\/","logo":{"@type":"ImageObject","inLanguage":"fr-FR","@id":"https:\/\/www.technicost.com\/#\/schema\/logo\/image\/","url":"https:\/\/www.technicost.com\/wp-content\/uploads\/2017\/06\/Technicost-Smaller.jpg","contentUrl":"https:\/\/www.technicost.com\/wp-content\/uploads\/2017\/06\/Technicost-Smaller.jpg","width":368,"height":110,"caption":"Technicost"},"image":{"@id":"https:\/\/www.technicost.com\/#\/schema\/logo\/image\/"},"sameAs":["https:\/\/x.com\/Technicost1","https:\/\/www.linkedin.com\/company\/122491\/admin\/"]}]}},"_links":{"self":[{"href":"https:\/\/www.technicost.com\/fr\/wp-json\/wp\/v2\/pages\/4394","targetHints":{"allow":["GET"]}}],"collection":[{"href":"https:\/\/www.technicost.com\/fr\/wp-json\/wp\/v2\/pages"}],"about":[{"href":"https:\/\/www.technicost.com\/fr\/wp-json\/wp\/v2\/types\/page"}],"author":[{"embeddable":true,"href":"https:\/\/www.technicost.com\/fr\/wp-json\/wp\/v2\/users\/1"}],"replies":[{"embeddable":true,"href":"https:\/\/www.technicost.com\/fr\/wp-json\/wp\/v2\/comments?post=4394"}],"version-history":[{"count":4,"href":"https:\/\/www.technicost.com\/fr\/wp-json\/wp\/v2\/pages\/4394\/revisions"}],"predecessor-version":[{"id":5780,"href":"https:\/\/www.technicost.com\/fr\/wp-json\/wp\/v2\/pages\/4394\/revisions\/5780"}],"wp:attachment":[{"href":"https:\/\/www.technicost.com\/fr\/wp-json\/wp\/v2\/media?parent=4394"}],"curies":[{"name":"wp","href":"https:\/\/api.w.org\/{rel}","templated":true}]}}