{"id":4393,"date":"2016-07-02T22:13:19","date_gmt":"2016-07-03T02:13:19","guid":{"rendered":"http:\/\/www.technicost.com\/contact"},"modified":"2025-11-11T17:36:39","modified_gmt":"2025-11-11T22:36:39","slug":"contact","status":"publish","type":"page","link":"https:\/\/www.technicost.com\/fr\/contact\/","title":{"rendered":"CONTACT"},"content":{"rendered":"<div class=\"wpb-content-wrapper\"><p>[vc_column width=\u00a0\u00bb1\/2&Prime; css=\u00a0\u00bb.vc_custom_1467498971089{padding-top: 0px !important;}\u00a0\u00bb][vc_column_text]<\/p>\n<h4>INFORMATION DE CONTACT<\/h4>\n<h6>PAR T\u00c9L\u00c9PHONE OU FAX<\/h6>\n<p><strong>AM\u00c9RIQUE DU NORD:<\/strong> 1-800-990-9259<br \/><strong>INTERNATIONAL:<\/strong> 1-514-985-0555<br \/><strong>FAX:<\/strong> 1-514-985-0556<\/p>\n<h6>PAR COURRIEL<\/h6>\n<p><strong>QUESTION G\u00c9N\u00c9RALES:<\/strong> <a href=\"mailto:info@technicost.com\">info@technicost.com<\/a><br \/><strong>EQUIPE DE VENTES:<\/strong> <a href=\"mailto:sales@technicost.com\">sales@technicost.com<\/a><br \/><strong>EQUIPE DE SUPPORT:<\/strong> <a href=\"mailto:support@technicost.com\">support@technicost.com<\/a><br \/><strong>RESSOURCES HUMAINES:<\/strong> <a href=\"mailto:hr@technicost.com\">hr@technicost.com<\/a><\/p>\n<h4>NOS BUREAUX<\/h4>\n<h6>SI\u00c8GE SOCIAL<\/h6>\n<p>520-3080 Boul. Le Carrefour, Laval, Quebec, Canada, H7T 2R5<\/p>\n<p><strong>WEBSITE:<\/strong> www.technicost.com<br \/><strong>Courriel:<\/strong> <a href=\"mailto:sales@technicost.com\">sales@technicost.com<\/a><\/p>\n<h6>Directrice des ventes<\/h6>\n<p>Madame Chantal Fortier<\/p>\n<p><strong>COURRIEL :<\/strong> <a href=\"mailto:Cfortier@technicost.com\">Cfortier@technicost.com<\/a><\/p>\n<h6>BUREAU CANADA OUEST<\/h6>\n<p>Monsieur Lyle Skelton<\/p>\n<p><strong>COURRIEL:<\/strong> <a href=\"mailto:lyles@technicost.com\">lyles@technicost.com<\/a><\/p>\n<p>[\/vc_column_text][\/vc_column][vc_column width=\u00a0\u00bb1\/2&Prime; css=\u00a0\u00bb.vc_custom_1467498975492{padding-top: 0px !important;}\u00a0\u00bb][vc_column_text]<\/p>\n<h4>NOUS JOINDRE<\/h4>\n<h6>COMPL\u00c9TEZ NOTRE FORMULAIRE DE CONTACT<\/h6>\n<p>[\/vc_column_text]\n<div class=\"wpcf7 no-js\" id=\"wpcf7-f4438-o1\" lang=\"en-US\" dir=\"ltr\" data-wpcf7-id=\"4438\">\n<div class=\"screen-reader-response\"><p role=\"status\" aria-live=\"polite\" aria-atomic=\"true\"><\/p> <ul><\/ul><\/div>\n<form action=\"\/fr\/wp-json\/wp\/v2\/pages\/4393#wpcf7-f4438-o1\" method=\"post\" class=\"wpcf7-form init\" aria-label=\"Contact form\" novalidate=\"novalidate\" data-status=\"init\">\n<fieldset class=\"hidden-fields-container\"><input type=\"hidden\" name=\"_wpcf7\" value=\"4438\" \/><input type=\"hidden\" name=\"_wpcf7_version\" value=\"6.1.5\" \/><input type=\"hidden\" name=\"_wpcf7_locale\" value=\"en_US\" \/><input type=\"hidden\" name=\"_wpcf7_unit_tag\" value=\"wpcf7-f4438-o1\" \/><input type=\"hidden\" name=\"_wpcf7_container_post\" value=\"0\" \/><input type=\"hidden\" name=\"_wpcf7_posted_data_hash\" value=\"\" \/>\n<\/fieldset>\n<div class=\"l-grid-row\">\n\t<div class=\"l-grid-6\">\n\t\t<p><label>Votre nom (requis)<\/label><br \/>\n<span class=\"wpcf7-form-control-wrap\" data-name=\"your-name\"><input size=\"40\" maxlength=\"400\" class=\"wpcf7-form-control wpcf7-text wpcf7-validates-as-required\" aria-required=\"true\" aria-invalid=\"false\" value=\"\" type=\"text\" name=\"your-name\" \/><\/span>\n\t\t<\/p>\n\t<\/div>\n\t<div class=\"l-grid-6\">\n\t\t<p><label>Votre Courriel (requis)<\/label><br \/>\n<span class=\"wpcf7-form-control-wrap\" data-name=\"your-email\"><input size=\"40\" maxlength=\"400\" class=\"wpcf7-form-control wpcf7-email wpcf7-validates-as-required wpcf7-text wpcf7-validates-as-email\" aria-required=\"true\" aria-invalid=\"false\" value=\"\" type=\"email\" name=\"your-email\" \/><\/span>\n\t\t<\/p>\n\t<\/div>\n\t<div class=\"l-grid-12\">\n\t\t<p><label>Votre t\u00e9l\u00e9phone (requis)<\/label><br \/>\n<span class=\"wpcf7-form-control-wrap\" data-name=\"tel-230\"><input size=\"40\" maxlength=\"400\" class=\"wpcf7-form-control wpcf7-tel wpcf7-validates-as-required wpcf7-text wpcf7-validates-as-tel\" aria-required=\"true\" aria-invalid=\"false\" value=\"\" type=\"tel\" name=\"tel-230\" \/><\/span>\n\t\t<\/p>\n\t<\/div>\n\t<div class=\"l-grid-12\">\n\t\t<p><label>Produit<\/label><br \/>\n<span class=\"wpcf7-form-control-wrap\" data-name=\"menu-987\"><select class=\"wpcf7-form-control wpcf7-select\" aria-invalid=\"false\" name=\"menu-987\"><option value=\"LOS - Cr\u00e9ation de Pr\u00eat\">LOS - Cr\u00e9ation de Pr\u00eat<\/option><option value=\"LOS - Syst\u00e8me de d\u00e9cision\">LOS - Syst\u00e8me de d\u00e9cision<\/option><option value=\"LOS - Demande de Pr\u00eat en Ligne\">LOS - Demande de Pr\u00eat en Ligne<\/option><option value=\"Transaction Express Web\">Transaction Express Web<\/option><option value=\"LMS - Loan and Mortgage Systems\">LMS - Loan and Mortgage Systems<\/option><option value=\"KYC - Conna\u00eetre Votre Client\">KYC - Conna\u00eetre Votre Client<\/option><option value=\"Engagement Financier et Suivi\">Engagement Financier et Suivi<\/option><option value=\"Signature \u00c9lectronique\">Signature \u00c9lectronique<\/option><\/select><\/span>\n\t\t<\/p>\n\t<\/div>\n\t<p><label>Votre Message (requis)<\/label><br \/>\n<span class=\"wpcf7-form-control-wrap\" data-name=\"your-message\"><textarea cols=\"40\" rows=\"10\" maxlength=\"2000\" class=\"wpcf7-form-control wpcf7-textarea wpcf7-validates-as-required\" aria-required=\"true\" aria-invalid=\"false\" name=\"your-message\"><\/textarea><\/span>\n\t<\/p>\n\t<p><input class=\"wpcf7-form-control wpcf7-submit btn btn-global btn-full\" type=\"submit\" value=\"ENVOYER\" \/>\n\t<\/p>\n<\/div><noscript>\n\t\t\t<div class=\"wpcf7-response-output wpcf7-spam-blocked\">Your browser does not support JavaScript!. Please enable javascript in your browser in order to get form work properly.<\/div>\n\t<\/noscript><script type='text\/javascript'>\n\n\t\t\t\t\t\tif(contactform === undefined){\n\t\t\t\t\t\t\tvar contactform = [];\n\t\t\t\t\t\t}\n\t\t\t\t\t\tvar innerVal = [4438,'mail_sent_ok','Thank you for your message. It has been sent.'];\n\t\t\t\t\t\tcontactform.push(innerVal);\n\t\t\t\t\t\tvar innerVal = [4438,'mail_sent_ng','There was an error trying to send your message. Please try again later.'];\n\t\t\t\t\t\tcontactform.push(innerVal);\n\t\t\t\t\t\tvar innerVal = [4438,'validation_error','One or more fields have an error. Please check and try again.'];\n\t\t\t\t\t\tcontactform.push(innerVal);\n\t\t\t\t\t\tvar innerVal = [4438,'spam','There was an error trying to send your message. Please try again later.'];\n\t\t\t\t\t\tcontactform.push(innerVal);\n\t\t\t\t\t\tvar innerVal = [4438,'accept_terms','You must accept the terms and conditions before sending your message.'];\n\t\t\t\t\t\tcontactform.push(innerVal);\n\t\t\t\t\t\tvar innerVal = [4438,'invalid_required','The field is required.'];\n\t\t\t\t\t\tcontactform.push(innerVal);\n\t\t\t\t\t\tvar innerVal = [4438,'invalid_too_long','The field is too long.'];\n\t\t\t\t\t\tcontactform.push(innerVal);\n\t\t\t\t\t\tvar innerVal = [4438,'invalid_too_short','The field is too short.'];\n\t\t\t\t\t\tcontactform.push(innerVal);\n\t\t\t\t\t\tvar innerVal = [4438,'invalid_date','The date format is incorrect.'];\n\t\t\t\t\t\tcontactform.push(innerVal);\n\t\t\t\t\t\tvar innerVal = [4438,'date_too_early','The date is before the earliest one allowed.'];\n\t\t\t\t\t\tcontactform.push(innerVal);\n\t\t\t\t\t\tvar innerVal = [4438,'date_too_late','The date is after the latest one allowed.'];\n\t\t\t\t\t\tcontactform.push(innerVal);\n\t\t\t\t\t\tvar innerVal = [4438,'upload_failed','There was an unknown error uploading the file.'];\n\t\t\t\t\t\tcontactform.push(innerVal);\n\t\t\t\t\t\tvar innerVal = [4438,'upload_file_type_invalid','You are not allowed to upload files of this type.'];\n\t\t\t\t\t\tcontactform.push(innerVal);\n\t\t\t\t\t\tvar innerVal = [4438,'upload_file_too_large','The file is too big.'];\n\t\t\t\t\t\tcontactform.push(innerVal);\n\t\t\t\t\t\tvar innerVal = [4438,'upload_failed_php_error','There was an error uploading the file.'];\n\t\t\t\t\t\tcontactform.push(innerVal);\n\t\t\t\t\t\tvar innerVal = [4438,'invalid_number','The number format is invalid.'];\n\t\t\t\t\t\tcontactform.push(innerVal);\n\t\t\t\t\t\tvar innerVal = [4438,'number_too_small','The number is smaller than the minimum allowed.'];\n\t\t\t\t\t\tcontactform.push(innerVal);\n\t\t\t\t\t\tvar innerVal = [4438,'number_too_large','The number is larger than the maximum allowed.'];\n\t\t\t\t\t\tcontactform.push(innerVal);\n\t\t\t\t\t\tvar innerVal = [4438,'quiz_answer_not_correct','The answer to the quiz is incorrect.'];\n\t\t\t\t\t\tcontactform.push(innerVal);\n\t\t\t\t\t\tvar innerVal = [4438,'invalid_email','The e-mail address entered is invalid.'];\n\t\t\t\t\t\tcontactform.push(innerVal);\n\t\t\t\t\t\tvar innerVal = [4438,'invalid_url','The URL is invalid.'];\n\t\t\t\t\t\tcontactform.push(innerVal);\n\t\t\t\t\t\tvar innerVal = [4438,'invalid_tel','The telephone number is invalid.'];\n\t\t\t\t\t\tcontactform.push(innerVal);\n\t\t\t\t\t\tvar innerVal = [4438,'gdpr',''];\n\t\t\t\t\t\tcontactform.push(innerVal);\n\t\t\t\t\t\t<\/script><div class=\"wpcf7-response-output\" aria-hidden=\"true\"><\/div>\n<\/form>\n<\/div>\n[\/vc_column][vc_row 0=\u00a0\u00bb\u00a0\u00bb][vc_column][\/vc_column][vc_column_text 0=\u00a0\u00bb\u00a0\u00bb][\/vc_column_text][\/vc_row][vc_row full_width=\u00a0\u00bbstretch_row_content_no_spaces\u00a0\u00bb css=\u00a0\u00bb.vc_custom_1467498683420{padding-top: 0px !important;}\u00a0\u00bb][vc_column css=\u00a0\u00bb.vc_custom_1467498715368{padding-top: 0px !important;}\u00a0\u00bb]<ul class=\"luvmap luv_dynamic-3873e0f0\" data-type=\"roadmap\" data-animation=\"drop\" data-zoom=\"13\" data-disable-ui=\"true\" data-scrollwheel=\"false\" data-draggable=\"true\" data-map-style=\"%5B%7B%22featureType%22%3A%22administrative.locality%22%2C%22elementType%22%3A%22all%22%2C%22stylers%22%3A%5B%7B%22hue%22%3A%22%232c2e33%22%7D%2C%7B%22saturation%22%3A7%7D%2C%7B%22lightness%22%3A19%7D%2C%7B%22visibility%22%3A%22on%22%7D%5D%7D%2C%7B%22featureType%22%3A%22landscape%22%2C%22elementType%22%3A%22all%22%2C%22stylers%22%3A%5B%7B%22hue%22%3A%22%23ffffff%22%7D%2C%7B%22saturation%22%3A-100%7D%2C%7B%22lightness%22%3A100%7D%2C%7B%22visibility%22%3A%22simplified%22%7D%5D%7D%2C%7B%22featureType%22%3A%22poi%22%2C%22elementType%22%3A%22all%22%2C%22stylers%22%3A%5B%7B%22hue%22%3A%22%23ffffff%22%7D%2C%7B%22saturation%22%3A-100%7D%2C%7B%22lightness%22%3A100%7D%2C%7B%22visibility%22%3A%22off%22%7D%5D%7D%2C%7B%22featureType%22%3A%22road%22%2C%22elementType%22%3A%22geometry%22%2C%22stylers%22%3A%5B%7B%22hue%22%3A%22%23bbc0c4%22%7D%2C%7B%22saturation%22%3A-93%7D%2C%7B%22lightness%22%3A31%7D%2C%7B%22visibility%22%3A%22simplified%22%7D%5D%7D%2C%7B%22featureType%22%3A%22road%22%2C%22elementType%22%3A%22labels%22%2C%22stylers%22%3A%5B%7B%22hue%22%3A%22%23bbc0c4%22%7D%2C%7B%22saturation%22%3A-93%7D%2C%7B%22lightness%22%3A31%7D%2C%7B%22visibility%22%3A%22on%22%7D%5D%7D%2C%7B%22featureType%22%3A%22road.arterial%22%2C%22elementType%22%3A%22labels%22%2C%22stylers%22%3A%5B%7B%22hue%22%3A%22%23bbc0c4%22%7D%2C%7B%22saturation%22%3A-93%7D%2C%7B%22lightness%22%3A-2%7D%2C%7B%22visibility%22%3A%22simplified%22%7D%5D%7D%2C%7B%22featureType%22%3A%22road.local%22%2C%22elementType%22%3A%22geometry%22%2C%22stylers%22%3A%5B%7B%22hue%22%3A%22%23e9ebed%22%7D%2C%7B%22saturation%22%3A-90%7D%2C%7B%22lightness%22%3A-8%7D%2C%7B%22visibility%22%3A%22simplified%22%7D%5D%7D%2C%7B%22featureType%22%3A%22transit%22%2C%22elementType%22%3A%22all%22%2C%22stylers%22%3A%5B%7B%22hue%22%3A%22%23e9ebed%22%7D%2C%7B%22saturation%22%3A10%7D%2C%7B%22lightness%22%3A69%7D%2C%7B%22visibility%22%3A%22on%22%7D%5D%7D%2C%7B%22featureType%22%3A%22water%22%2C%22elementType%22%3A%22all%22%2C%22stylers%22%3A%5B%7B%22hue%22%3A%22%23e9ebed%22%7D%2C%7B%22saturation%22%3A-78%7D%2C%7B%22lightness%22%3A67%7D%2C%7B%22visibility%22%3A%22simplified%22%7D%5D%7D%5D\" data-use-clusters=\"false\"><li class=\"luvmap-address\">4200 St.Laurent Blvd., Montreal, Quebec, Canada, H2W 2R2<\/li>\n<\/ul>[\/vc_column][vc_row 0=\u00a0\u00bb\u00a0\u00bb][\/vc_row][vc_column][\/vc_column][vc_column_text 0=\u00a0\u00bb\u00a0\u00bb][\/vc_column_text][\/vc_row]<\/p>\n\n\n<p>&nbsp;<\/p>\n<\/div>","protected":false},"excerpt":{"rendered":"<p>[vc_column width=\u00a0\u00bb1\/2&Prime; css=\u00a0\u00bb.vc_custom_1467498971089{padding-top: 0px !important;}\u00a0\u00bb][vc_column_text] INFORMATION DE CONTACT PAR T\u00c9L\u00c9PHONE OU FAX AM\u00c9RIQUE DU NORD: 1-800-990-9259INTERNATIONAL: 1-514-985-0555FAX: 1-514-985-0556 PAR COURRIEL QUESTION G\u00c9N\u00c9RALES: info@technicost.comEQUIPE DE VENTES: sales@technicost.comEQUIPE DE SUPPORT: support@technicost.comRESSOURCES HUMAINES: hr@technicost.com NOS BUREAUX SI\u00c8GE SOCIAL 520-3080 Boul. Le Carrefour, Laval, Quebec, Canada, H7T 2R5 WEBSITE: www.technicost.comCourriel: sales@technicost.com Directrice des ventes Madame Chantal Fortier COURRIEL : [&hellip;]<\/p>\n","protected":false},"author":1,"featured_media":0,"parent":0,"menu_order":7,"comment_status":"closed","ping_status":"closed","template":"","meta":{"_monsterinsights_skip_tracking":false,"_monsterinsights_sitenote_active":false,"_monsterinsights_sitenote_note":"","_monsterinsights_sitenote_category":0,"footnotes":""},"class_list":["post-4393","page","type-page","status-publish","hentry"],"yoast_head":"<!-- This site is optimized with the Yoast SEO plugin v27.4 - https:\/\/yoast.com\/product\/yoast-seo-wordpress\/ -->\n<title>CONTACT - Technicost<\/title>\n<meta name=\"robots\" content=\"index, follow, max-snippet:-1, max-image-preview:large, max-video-preview:-1\" \/>\n<link rel=\"canonical\" href=\"https:\/\/www.technicost.com\/fr\/contact\/\" \/>\n<meta property=\"og:locale\" content=\"fr_FR\" \/>\n<meta property=\"og:type\" content=\"article\" \/>\n<meta property=\"og:title\" content=\"CONTACT - Technicost\" \/>\n<meta property=\"og:description\" content=\"[vc_column width=\u00a0\u00bb1\/2&Prime; css=\u00a0\u00bb.vc_custom_1467498971089{padding-top: 0px !important;}\u00a0\u00bb][vc_column_text] INFORMATION DE CONTACT PAR T\u00c9L\u00c9PHONE OU FAX AM\u00c9RIQUE DU NORD: 1-800-990-9259INTERNATIONAL: 1-514-985-0555FAX: 1-514-985-0556 PAR COURRIEL QUESTION G\u00c9N\u00c9RALES: info@technicost.comEQUIPE DE VENTES: sales@technicost.comEQUIPE DE SUPPORT: support@technicost.comRESSOURCES HUMAINES: hr@technicost.com NOS BUREAUX SI\u00c8GE SOCIAL 520-3080 Boul. Le Carrefour, Laval, Quebec, Canada, H7T 2R5 WEBSITE: www.technicost.comCourriel: sales@technicost.com Directrice des ventes Madame Chantal Fortier COURRIEL : [&hellip;]\" \/>\n<meta property=\"og:url\" content=\"https:\/\/www.technicost.com\/fr\/contact\/\" \/>\n<meta property=\"og:site_name\" content=\"Technicost\" \/>\n<meta property=\"article:modified_time\" content=\"2025-11-11T22:36:39+00:00\" \/>\n<meta name=\"twitter:card\" content=\"summary_large_image\" \/>\n<meta name=\"twitter:site\" content=\"@Technicost1\" \/>\n<meta name=\"twitter:label1\" content=\"Dur\u00e9e de lecture estim\u00e9e\" \/>\n\t<meta name=\"twitter:data1\" content=\"1 minute\" \/>\n<script type=\"application\/ld+json\" class=\"yoast-schema-graph\">{\"@context\":\"https:\\\/\\\/schema.org\",\"@graph\":[{\"@type\":[\"WebPage\",\"ContactPage\"],\"@id\":\"https:\\\/\\\/www.technicost.com\\\/fr\\\/contact\\\/\",\"url\":\"https:\\\/\\\/www.technicost.com\\\/fr\\\/contact\\\/\",\"name\":\"CONTACT - Technicost\",\"isPartOf\":{\"@id\":\"https:\\\/\\\/www.technicost.com\\\/#website\"},\"datePublished\":\"2016-07-03T02:13:19+00:00\",\"dateModified\":\"2025-11-11T22:36:39+00:00\",\"breadcrumb\":{\"@id\":\"https:\\\/\\\/www.technicost.com\\\/fr\\\/contact\\\/#breadcrumb\"},\"inLanguage\":\"fr-FR\",\"potentialAction\":[{\"@type\":\"ReadAction\",\"target\":[\"https:\\\/\\\/www.technicost.com\\\/fr\\\/contact\\\/\"]}]},{\"@type\":\"BreadcrumbList\",\"@id\":\"https:\\\/\\\/www.technicost.com\\\/fr\\\/contact\\\/#breadcrumb\",\"itemListElement\":[{\"@type\":\"ListItem\",\"position\":1,\"name\":\"Home\",\"item\":\"https:\\\/\\\/www.technicost.com\\\/fr\\\/\"},{\"@type\":\"ListItem\",\"position\":2,\"name\":\"CONTACT\"}]},{\"@type\":\"WebSite\",\"@id\":\"https:\\\/\\\/www.technicost.com\\\/#website\",\"url\":\"https:\\\/\\\/www.technicost.com\\\/\",\"name\":\"Technicost\",\"description\":\"\",\"publisher\":{\"@id\":\"https:\\\/\\\/www.technicost.com\\\/#organization\"},\"potentialAction\":[{\"@type\":\"SearchAction\",\"target\":{\"@type\":\"EntryPoint\",\"urlTemplate\":\"https:\\\/\\\/www.technicost.com\\\/?s={search_term_string}\"},\"query-input\":{\"@type\":\"PropertyValueSpecification\",\"valueRequired\":true,\"valueName\":\"search_term_string\"}}],\"inLanguage\":\"fr-FR\"},{\"@type\":\"Organization\",\"@id\":\"https:\\\/\\\/www.technicost.com\\\/#organization\",\"name\":\"Technicost\",\"url\":\"https:\\\/\\\/www.technicost.com\\\/\",\"logo\":{\"@type\":\"ImageObject\",\"inLanguage\":\"fr-FR\",\"@id\":\"https:\\\/\\\/www.technicost.com\\\/#\\\/schema\\\/logo\\\/image\\\/\",\"url\":\"https:\\\/\\\/www.technicost.com\\\/wp-content\\\/uploads\\\/2017\\\/06\\\/Technicost-Smaller.jpg\",\"contentUrl\":\"https:\\\/\\\/www.technicost.com\\\/wp-content\\\/uploads\\\/2017\\\/06\\\/Technicost-Smaller.jpg\",\"width\":368,\"height\":110,\"caption\":\"Technicost\"},\"image\":{\"@id\":\"https:\\\/\\\/www.technicost.com\\\/#\\\/schema\\\/logo\\\/image\\\/\"},\"sameAs\":[\"https:\\\/\\\/x.com\\\/Technicost1\",\"https:\\\/\\\/www.linkedin.com\\\/company\\\/122491\\\/admin\\\/\"]}]}<\/script>\n<!-- \/ Yoast SEO plugin. -->","yoast_head_json":{"title":"CONTACT - Technicost","robots":{"index":"index","follow":"follow","max-snippet":"max-snippet:-1","max-image-preview":"max-image-preview:large","max-video-preview":"max-video-preview:-1"},"canonical":"https:\/\/www.technicost.com\/fr\/contact\/","og_locale":"fr_FR","og_type":"article","og_title":"CONTACT - Technicost","og_description":"[vc_column width=\u00a0\u00bb1\/2&Prime; css=\u00a0\u00bb.vc_custom_1467498971089{padding-top: 0px !important;}\u00a0\u00bb][vc_column_text] INFORMATION DE CONTACT PAR T\u00c9L\u00c9PHONE OU FAX AM\u00c9RIQUE DU NORD: 1-800-990-9259INTERNATIONAL: 1-514-985-0555FAX: 1-514-985-0556 PAR COURRIEL QUESTION G\u00c9N\u00c9RALES: info@technicost.comEQUIPE DE VENTES: sales@technicost.comEQUIPE DE SUPPORT: support@technicost.comRESSOURCES HUMAINES: hr@technicost.com NOS BUREAUX SI\u00c8GE SOCIAL 520-3080 Boul. Le Carrefour, Laval, Quebec, Canada, H7T 2R5 WEBSITE: www.technicost.comCourriel: sales@technicost.com Directrice des ventes Madame Chantal Fortier COURRIEL : [&hellip;]","og_url":"https:\/\/www.technicost.com\/fr\/contact\/","og_site_name":"Technicost","article_modified_time":"2025-11-11T22:36:39+00:00","twitter_card":"summary_large_image","twitter_site":"@Technicost1","twitter_misc":{"Dur\u00e9e de lecture estim\u00e9e":"1 minute"},"schema":{"@context":"https:\/\/schema.org","@graph":[{"@type":["WebPage","ContactPage"],"@id":"https:\/\/www.technicost.com\/fr\/contact\/","url":"https:\/\/www.technicost.com\/fr\/contact\/","name":"CONTACT - Technicost","isPartOf":{"@id":"https:\/\/www.technicost.com\/#website"},"datePublished":"2016-07-03T02:13:19+00:00","dateModified":"2025-11-11T22:36:39+00:00","breadcrumb":{"@id":"https:\/\/www.technicost.com\/fr\/contact\/#breadcrumb"},"inLanguage":"fr-FR","potentialAction":[{"@type":"ReadAction","target":["https:\/\/www.technicost.com\/fr\/contact\/"]}]},{"@type":"BreadcrumbList","@id":"https:\/\/www.technicost.com\/fr\/contact\/#breadcrumb","itemListElement":[{"@type":"ListItem","position":1,"name":"Home","item":"https:\/\/www.technicost.com\/fr\/"},{"@type":"ListItem","position":2,"name":"CONTACT"}]},{"@type":"WebSite","@id":"https:\/\/www.technicost.com\/#website","url":"https:\/\/www.technicost.com\/","name":"Technicost","description":"","publisher":{"@id":"https:\/\/www.technicost.com\/#organization"},"potentialAction":[{"@type":"SearchAction","target":{"@type":"EntryPoint","urlTemplate":"https:\/\/www.technicost.com\/?s={search_term_string}"},"query-input":{"@type":"PropertyValueSpecification","valueRequired":true,"valueName":"search_term_string"}}],"inLanguage":"fr-FR"},{"@type":"Organization","@id":"https:\/\/www.technicost.com\/#organization","name":"Technicost","url":"https:\/\/www.technicost.com\/","logo":{"@type":"ImageObject","inLanguage":"fr-FR","@id":"https:\/\/www.technicost.com\/#\/schema\/logo\/image\/","url":"https:\/\/www.technicost.com\/wp-content\/uploads\/2017\/06\/Technicost-Smaller.jpg","contentUrl":"https:\/\/www.technicost.com\/wp-content\/uploads\/2017\/06\/Technicost-Smaller.jpg","width":368,"height":110,"caption":"Technicost"},"image":{"@id":"https:\/\/www.technicost.com\/#\/schema\/logo\/image\/"},"sameAs":["https:\/\/x.com\/Technicost1","https:\/\/www.linkedin.com\/company\/122491\/admin\/"]}]}},"_links":{"self":[{"href":"https:\/\/www.technicost.com\/fr\/wp-json\/wp\/v2\/pages\/4393","targetHints":{"allow":["GET"]}}],"collection":[{"href":"https:\/\/www.technicost.com\/fr\/wp-json\/wp\/v2\/pages"}],"about":[{"href":"https:\/\/www.technicost.com\/fr\/wp-json\/wp\/v2\/types\/page"}],"author":[{"embeddable":true,"href":"https:\/\/www.technicost.com\/fr\/wp-json\/wp\/v2\/users\/1"}],"replies":[{"embeddable":true,"href":"https:\/\/www.technicost.com\/fr\/wp-json\/wp\/v2\/comments?post=4393"}],"version-history":[{"count":17,"href":"https:\/\/www.technicost.com\/fr\/wp-json\/wp\/v2\/pages\/4393\/revisions"}],"predecessor-version":[{"id":5802,"href":"https:\/\/www.technicost.com\/fr\/wp-json\/wp\/v2\/pages\/4393\/revisions\/5802"}],"wp:attachment":[{"href":"https:\/\/www.technicost.com\/fr\/wp-json\/wp\/v2\/media?parent=4393"}],"curies":[{"name":"wp","href":"https:\/\/api.w.org\/{rel}","templated":true}]}}