{"id":4392,"date":"2017-04-13T11:22:45","date_gmt":"2017-04-13T15:22:45","guid":{"rendered":"http:\/\/www.technicost.com\/products"},"modified":"2025-11-05T18:44:50","modified_gmt":"2025-11-05T23:44:50","slug":"produits","status":"publish","type":"page","link":"https:\/\/www.technicost.com\/fr\/produits\/","title":{"rendered":"PRODUITS"},"content":{"rendered":"<div class=\"wpb-content-wrapper\"><p>[vc_row css=\u00a0\u00bb.vc_custom_1492119660536{margin-top: 40px !important;margin-bottom: 50px !important;}\u00a0\u00bb][vc_column][vc_column_text font_family=\u00a0\u00bbRoboto\u00a0\u00bb font_weight=\u00a0\u00bb300&Prime; font_size=\u00a0\u00bb40px\u00a0\u00bb responsive_font_size=\u00a0\u00bbtrue\u00a0\u00bb css=\u00a0\u00bb.vc_custom_1494812248696{margin-top: 50px !important;}\u00a0\u00bb]<\/p>\n<p style=\"text-align: center;\">Un r\u00e9pertoire solide de produits minutieusement d\u00e9velopp\u00e9s et fortement acclam\u00e9s<\/p>\n<p>[\/vc_column_text][vc_column_text]<\/p>\n<p style=\"text-align: center;\">Nous sommes tr\u00e8s fiers de nos produits et avons d\u00e9ploy\u00e9 des efforts consid\u00e9rables pour d\u00e9velopper des technologies qui nous distinguent de la concurrence et contribuent \u00e0 offrir une exp\u00e9rience client enrichissante. Technicost propose une gamme compl\u00e8te de produits de haute qualit\u00e9, allant de l&rsquo;octroi de cr\u00e9dit \u00e0 la gestion de pr\u00eats, en passant par le financement et la gestion d&rsquo;investissements. Nos produits sont accessibles en ligne et disponibles \u00e0 tout moment et en tout lieu.<\/p>\n<p>[\/vc_column_text][\/vc_column][\/vc_row][vc_row css=\u00a0\u00bb.vc_custom_1492119612782{margin-bottom: 30px !important;}\u00a0\u00bb][vc_column width=\u00a0\u00bb1\/3&Prime;]<div class=\"luv-image-box luv_dynamic-470c62ee\"><div class=\"luv-image-box-img\"><\/div><div class=\"luv-image-box-inner\"><h4 class=\"luv-image-box-title\">LOS: Cr\u00e9ation de Pr\u00eat<\/h4><div class=\"luv-image-box-content\">Le processus de pr\u00eat devrait \u00eatre le plus facile et direct possible. C&rsquo;est le domaine dans lequel notre suite LOS excelle.<\/div><\/div><a class=\"luv-image-box-link\" href=\"http:\/\/www.technicost.com\/fr\/produits\/los-creation-de-pret\"><\/a><\/div>[\/vc_column][vc_column width=\u00a0\u00bb1\/3&Prime;]<div class=\"luv-image-box luv_dynamic-e6c924fe\"><div class=\"luv-image-box-img\"><\/div><div class=\"luv-image-box-inner\"><h4 class=\"luv-image-box-title\">LOS - Syst\u00e8me de D\u00e9cision<\/h4><div class=\"luv-image-box-content\">Le Syst\u00e8me de D\u00e9cision automatique permet une approbation rapide des pr\u00eats, \u00e9liminant ainsi le besoin de faire valider la solvabilit\u00e9 d&rsquo;un emprunteur par un pr\u00eateur d\u00e9di\u00e9.<\/div><\/div><a class=\"luv-image-box-link\" href=\"http:\/\/www.technicost.com\/fr\/produits\/los-systeme-de-decision\"><\/a><\/div>[\/vc_column][vc_column width=\u00a0\u00bb1\/3&Prime;]<div class=\"luv-image-box luv_dynamic-147ea60d\"><div class=\"luv-image-box-img\"><\/div><div class=\"luv-image-box-inner\"><h4 class=\"luv-image-box-title\">WebLOS - Demande de Pr\u00eat en Ligne<\/h4><div class=\"luv-image-box-content\">WebLOS offre aux membres des coop\u00e9ratives de cr\u00e9dit l&rsquo;autonomie n\u00e9cessaire pour demander un pr\u00eat en ligne en 4 \u00e9tapes faciles.<\/div><\/div><a class=\"luv-image-box-link\" href=\"http:\/\/www.technicost.com\/fr\/produits\/los-demande-de-pret-en-ligne\"><\/a><\/div>[\/vc_column][\/vc_row][vc_row css=\u00a0\u00bb.vc_custom_1492118750033{margin-bottom: 30px !important;}\u00a0\u00bb][vc_column width=\u00a0\u00bb1\/3&Prime;]<div class=\"luv-image-box luv_dynamic-a442a9de\"><div class=\"luv-image-box-img\"><\/div><div class=\"luv-image-box-inner\"><h4 class=\"luv-image-box-title\">Transactions Express Web<\/h4><div class=\"luv-image-box-content\">Ce logiciel de traitement de paiements facilitera la vie de vos clients en centralisant toutes les transactions des d\u00e9p\u00f4ts, des retraits, des comptes d\u00e9biteurs, etc.<\/div><\/div><a class=\"luv-image-box-link\" href=\"http:\/\/www.technicost.com\/fr\/produits\/transaction-express-web\"><\/a><\/div>[\/vc_column][vc_column width=\u00a0\u00bb1\/3&Prime;]<div class=\"luv-image-box luv_dynamic-f7306d3d\"><div class=\"luv-image-box-img\"><\/div><div class=\"luv-image-box-inner\"><h4 class=\"luv-image-box-title\">KYC<\/h4><div class=\"luv-image-box-content\">Le logiciel le plus performant Know Your Customer sur le march\u00e9. Il v\u00e9rifie chaque client potentiel avec cinq niveaux de s\u00e9curit\u00e9 m\u00e9ticuleux pour d\u00e9tecter et pr\u00e9venir la fraude, le tout dans un syst\u00e8me coh\u00e9rent.<\/div><\/div><a class=\"luv-image-box-link\" href=\"http:\/\/www.technicost.com\/fr\/produits\/kyc\"><\/a><\/div>[\/vc_column][vc_column width=\u00a0\u00bb1\/3&Prime;]<div class=\"luv-image-box luv_dynamic-0587efce\"><div class=\"luv-image-box-img\"><\/div><div class=\"luv-image-box-inner\"><h4 class=\"luv-image-box-title\">Engagement Financier et Suivi<\/h4><div class=\"luv-image-box-content\">L&rsquo;Engagement Financier et Suivi consid\u00e8re tous les actifs de votre client lors de la demande de pr\u00eat et vous permet de d\u00e9finir tous les param\u00e8tres de votre contrat de pr\u00eat commercial en vous assurant de ne pas manquer un d\u00e9lai ou un document requis.<\/div><\/div><a class=\"luv-image-box-link\" href=\"http:\/\/www.technicost.com\/fr\/produits\/engagement-financier-et-suivi\"><\/a><\/div>[\/vc_column][\/vc_row]<\/p>\n<\/div>","protected":false},"excerpt":{"rendered":"<p>[vc_row css=\u00a0\u00bb.vc_custom_1492119660536{margin-top: 40px !important;margin-bottom: 50px !important;}\u00a0\u00bb][vc_column][vc_column_text font_family=\u00a0\u00bbRoboto\u00a0\u00bb font_weight=\u00a0\u00bb300&Prime; font_size=\u00a0\u00bb40px\u00a0\u00bb responsive_font_size=\u00a0\u00bbtrue\u00a0\u00bb css=\u00a0\u00bb.vc_custom_1494812248696{margin-top: 50px !important;}\u00a0\u00bb] Un r\u00e9pertoire solide de produits minutieusement d\u00e9velopp\u00e9s et fortement acclam\u00e9s [\/vc_column_text][vc_column_text] Nous sommes tr\u00e8s fiers de nos produits et avons d\u00e9ploy\u00e9 des efforts consid\u00e9rables pour d\u00e9velopper des technologies qui nous distinguent de la concurrence et contribuent \u00e0 offrir une exp\u00e9rience client enrichissante. [&hellip;]<\/p>\n","protected":false},"author":1,"featured_media":0,"parent":0,"menu_order":4,"comment_status":"closed","ping_status":"closed","template":"","meta":{"_monsterinsights_skip_tracking":false,"_monsterinsights_sitenote_active":false,"_monsterinsights_sitenote_note":"","_monsterinsights_sitenote_category":0,"footnotes":""},"class_list":["post-4392","page","type-page","status-publish","hentry"],"yoast_head":"<!-- This site is optimized with the Yoast SEO plugin v27.4 - https:\/\/yoast.com\/product\/yoast-seo-wordpress\/ -->\n<title>PRODUITS - Technicost<\/title>\n<meta name=\"robots\" content=\"index, follow, max-snippet:-1, max-image-preview:large, max-video-preview:-1\" \/>\n<link rel=\"canonical\" href=\"https:\/\/www.technicost.com\/fr\/produits\/\" \/>\n<meta property=\"og:locale\" content=\"fr_FR\" \/>\n<meta property=\"og:type\" content=\"article\" \/>\n<meta property=\"og:title\" content=\"PRODUITS - Technicost\" \/>\n<meta property=\"og:description\" content=\"[vc_row css=\u00a0\u00bb.vc_custom_1492119660536{margin-top: 40px !important;margin-bottom: 50px !important;}\u00a0\u00bb][vc_column][vc_column_text font_family=\u00a0\u00bbRoboto\u00a0\u00bb font_weight=\u00a0\u00bb300&Prime; font_size=\u00a0\u00bb40px\u00a0\u00bb responsive_font_size=\u00a0\u00bbtrue\u00a0\u00bb css=\u00a0\u00bb.vc_custom_1494812248696{margin-top: 50px !important;}\u00a0\u00bb] Un r\u00e9pertoire solide de produits minutieusement d\u00e9velopp\u00e9s et fortement acclam\u00e9s [\/vc_column_text][vc_column_text] Nous sommes tr\u00e8s fiers de nos produits et avons d\u00e9ploy\u00e9 des efforts consid\u00e9rables pour d\u00e9velopper des technologies qui nous distinguent de la concurrence et contribuent \u00e0 offrir une exp\u00e9rience client enrichissante. [&hellip;]\" \/>\n<meta property=\"og:url\" content=\"https:\/\/www.technicost.com\/fr\/produits\/\" \/>\n<meta property=\"og:site_name\" content=\"Technicost\" \/>\n<meta property=\"article:modified_time\" content=\"2025-11-05T23:44:50+00:00\" \/>\n<meta name=\"twitter:card\" content=\"summary_large_image\" \/>\n<meta name=\"twitter:site\" content=\"@Technicost1\" \/>\n<meta name=\"twitter:label1\" content=\"Dur\u00e9e de lecture estim\u00e9e\" \/>\n\t<meta name=\"twitter:data1\" content=\"3 minutes\" \/>\n<script type=\"application\/ld+json\" class=\"yoast-schema-graph\">{\"@context\":\"https:\\\/\\\/schema.org\",\"@graph\":[{\"@type\":\"WebPage\",\"@id\":\"https:\\\/\\\/www.technicost.com\\\/fr\\\/produits\\\/\",\"url\":\"https:\\\/\\\/www.technicost.com\\\/fr\\\/produits\\\/\",\"name\":\"PRODUITS - Technicost\",\"isPartOf\":{\"@id\":\"https:\\\/\\\/www.technicost.com\\\/#website\"},\"datePublished\":\"2017-04-13T15:22:45+00:00\",\"dateModified\":\"2025-11-05T23:44:50+00:00\",\"breadcrumb\":{\"@id\":\"https:\\\/\\\/www.technicost.com\\\/fr\\\/produits\\\/#breadcrumb\"},\"inLanguage\":\"fr-FR\",\"potentialAction\":[{\"@type\":\"ReadAction\",\"target\":[\"https:\\\/\\\/www.technicost.com\\\/fr\\\/produits\\\/\"]}]},{\"@type\":\"BreadcrumbList\",\"@id\":\"https:\\\/\\\/www.technicost.com\\\/fr\\\/produits\\\/#breadcrumb\",\"itemListElement\":[{\"@type\":\"ListItem\",\"position\":1,\"name\":\"Home\",\"item\":\"https:\\\/\\\/www.technicost.com\\\/fr\\\/\"},{\"@type\":\"ListItem\",\"position\":2,\"name\":\"PRODUITS\"}]},{\"@type\":\"WebSite\",\"@id\":\"https:\\\/\\\/www.technicost.com\\\/#website\",\"url\":\"https:\\\/\\\/www.technicost.com\\\/\",\"name\":\"Technicost\",\"description\":\"\",\"publisher\":{\"@id\":\"https:\\\/\\\/www.technicost.com\\\/#organization\"},\"potentialAction\":[{\"@type\":\"SearchAction\",\"target\":{\"@type\":\"EntryPoint\",\"urlTemplate\":\"https:\\\/\\\/www.technicost.com\\\/?s={search_term_string}\"},\"query-input\":{\"@type\":\"PropertyValueSpecification\",\"valueRequired\":true,\"valueName\":\"search_term_string\"}}],\"inLanguage\":\"fr-FR\"},{\"@type\":\"Organization\",\"@id\":\"https:\\\/\\\/www.technicost.com\\\/#organization\",\"name\":\"Technicost\",\"url\":\"https:\\\/\\\/www.technicost.com\\\/\",\"logo\":{\"@type\":\"ImageObject\",\"inLanguage\":\"fr-FR\",\"@id\":\"https:\\\/\\\/www.technicost.com\\\/#\\\/schema\\\/logo\\\/image\\\/\",\"url\":\"https:\\\/\\\/www.technicost.com\\\/wp-content\\\/uploads\\\/2017\\\/06\\\/Technicost-Smaller.jpg\",\"contentUrl\":\"https:\\\/\\\/www.technicost.com\\\/wp-content\\\/uploads\\\/2017\\\/06\\\/Technicost-Smaller.jpg\",\"width\":368,\"height\":110,\"caption\":\"Technicost\"},\"image\":{\"@id\":\"https:\\\/\\\/www.technicost.com\\\/#\\\/schema\\\/logo\\\/image\\\/\"},\"sameAs\":[\"https:\\\/\\\/x.com\\\/Technicost1\",\"https:\\\/\\\/www.linkedin.com\\\/company\\\/122491\\\/admin\\\/\"]}]}<\/script>\n<!-- \/ Yoast SEO plugin. -->","yoast_head_json":{"title":"PRODUITS - Technicost","robots":{"index":"index","follow":"follow","max-snippet":"max-snippet:-1","max-image-preview":"max-image-preview:large","max-video-preview":"max-video-preview:-1"},"canonical":"https:\/\/www.technicost.com\/fr\/produits\/","og_locale":"fr_FR","og_type":"article","og_title":"PRODUITS - Technicost","og_description":"[vc_row css=\u00a0\u00bb.vc_custom_1492119660536{margin-top: 40px !important;margin-bottom: 50px !important;}\u00a0\u00bb][vc_column][vc_column_text font_family=\u00a0\u00bbRoboto\u00a0\u00bb font_weight=\u00a0\u00bb300&Prime; font_size=\u00a0\u00bb40px\u00a0\u00bb responsive_font_size=\u00a0\u00bbtrue\u00a0\u00bb css=\u00a0\u00bb.vc_custom_1494812248696{margin-top: 50px !important;}\u00a0\u00bb] Un r\u00e9pertoire solide de produits minutieusement d\u00e9velopp\u00e9s et fortement acclam\u00e9s [\/vc_column_text][vc_column_text] Nous sommes tr\u00e8s fiers de nos produits et avons d\u00e9ploy\u00e9 des efforts consid\u00e9rables pour d\u00e9velopper des technologies qui nous distinguent de la concurrence et contribuent \u00e0 offrir une exp\u00e9rience client enrichissante. [&hellip;]","og_url":"https:\/\/www.technicost.com\/fr\/produits\/","og_site_name":"Technicost","article_modified_time":"2025-11-05T23:44:50+00:00","twitter_card":"summary_large_image","twitter_site":"@Technicost1","twitter_misc":{"Dur\u00e9e de lecture estim\u00e9e":"3 minutes"},"schema":{"@context":"https:\/\/schema.org","@graph":[{"@type":"WebPage","@id":"https:\/\/www.technicost.com\/fr\/produits\/","url":"https:\/\/www.technicost.com\/fr\/produits\/","name":"PRODUITS - Technicost","isPartOf":{"@id":"https:\/\/www.technicost.com\/#website"},"datePublished":"2017-04-13T15:22:45+00:00","dateModified":"2025-11-05T23:44:50+00:00","breadcrumb":{"@id":"https:\/\/www.technicost.com\/fr\/produits\/#breadcrumb"},"inLanguage":"fr-FR","potentialAction":[{"@type":"ReadAction","target":["https:\/\/www.technicost.com\/fr\/produits\/"]}]},{"@type":"BreadcrumbList","@id":"https:\/\/www.technicost.com\/fr\/produits\/#breadcrumb","itemListElement":[{"@type":"ListItem","position":1,"name":"Home","item":"https:\/\/www.technicost.com\/fr\/"},{"@type":"ListItem","position":2,"name":"PRODUITS"}]},{"@type":"WebSite","@id":"https:\/\/www.technicost.com\/#website","url":"https:\/\/www.technicost.com\/","name":"Technicost","description":"","publisher":{"@id":"https:\/\/www.technicost.com\/#organization"},"potentialAction":[{"@type":"SearchAction","target":{"@type":"EntryPoint","urlTemplate":"https:\/\/www.technicost.com\/?s={search_term_string}"},"query-input":{"@type":"PropertyValueSpecification","valueRequired":true,"valueName":"search_term_string"}}],"inLanguage":"fr-FR"},{"@type":"Organization","@id":"https:\/\/www.technicost.com\/#organization","name":"Technicost","url":"https:\/\/www.technicost.com\/","logo":{"@type":"ImageObject","inLanguage":"fr-FR","@id":"https:\/\/www.technicost.com\/#\/schema\/logo\/image\/","url":"https:\/\/www.technicost.com\/wp-content\/uploads\/2017\/06\/Technicost-Smaller.jpg","contentUrl":"https:\/\/www.technicost.com\/wp-content\/uploads\/2017\/06\/Technicost-Smaller.jpg","width":368,"height":110,"caption":"Technicost"},"image":{"@id":"https:\/\/www.technicost.com\/#\/schema\/logo\/image\/"},"sameAs":["https:\/\/x.com\/Technicost1","https:\/\/www.linkedin.com\/company\/122491\/admin\/"]}]}},"_links":{"self":[{"href":"https:\/\/www.technicost.com\/fr\/wp-json\/wp\/v2\/pages\/4392","targetHints":{"allow":["GET"]}}],"collection":[{"href":"https:\/\/www.technicost.com\/fr\/wp-json\/wp\/v2\/pages"}],"about":[{"href":"https:\/\/www.technicost.com\/fr\/wp-json\/wp\/v2\/types\/page"}],"author":[{"embeddable":true,"href":"https:\/\/www.technicost.com\/fr\/wp-json\/wp\/v2\/users\/1"}],"replies":[{"embeddable":true,"href":"https:\/\/www.technicost.com\/fr\/wp-json\/wp\/v2\/comments?post=4392"}],"version-history":[{"count":13,"href":"https:\/\/www.technicost.com\/fr\/wp-json\/wp\/v2\/pages\/4392\/revisions"}],"predecessor-version":[{"id":5792,"href":"https:\/\/www.technicost.com\/fr\/wp-json\/wp\/v2\/pages\/4392\/revisions\/5792"}],"wp:attachment":[{"href":"https:\/\/www.technicost.com\/fr\/wp-json\/wp\/v2\/media?parent=4392"}],"curies":[{"name":"wp","href":"https:\/\/api.w.org\/{rel}","templated":true}]}}