{"id":4391,"date":"2017-04-13T11:32:49","date_gmt":"2017-04-13T15:32:49","guid":{"rendered":"http:\/\/www.technicost.com\/careers"},"modified":"2025-11-11T13:53:12","modified_gmt":"2025-11-11T18:53:12","slug":"carrieres","status":"publish","type":"page","link":"https:\/\/www.technicost.com\/fr\/carrieres\/","title":{"rendered":"CARRI\u00c8RES"},"content":{"rendered":"<div class=\"wpb-content-wrapper\"><p>[vc_row css=\u00a0\u00bb.vc_custom_1492119660536{margin-top: 40px !important;margin-bottom: 50px !important;}\u00a0\u00bb][vc_column][vc_column_text font_family=\u00a0\u00bbRoboto\u00a0\u00bb font_weight=\u00a0\u00bb300&Prime; font_size=\u00a0\u00bb40px\u00a0\u00bb responsive_font_size=\u00a0\u00bbtrue\u00a0\u00bb css=\u00a0\u00bb.vc_custom_1494812155414{margin-top: 50px !important;}\u00a0\u00bb]\u00cates-vous innovateur, d\u00e9termin\u00e9 et un joueur d&rsquo;\u00e9quipe? Nous aimerions vous entendre![\/vc_column_text][vc_column_text]Pour Technicost les gens et l&rsquo;\u00e9quipe viennent avant tout, et nous nous amusons toujours \u00e0 d\u00e9velopper de nouveaux produits et \u00e0 r\u00e9fl\u00e9chir sur de grandes id\u00e9es. Nous mettons nos employ\u00e9s au c\u0153ur de notre organisation, car nous savons que plus nos employ\u00e9s sont heureux et enthousiasm\u00e9s, mieux ils peuvent servir nos clients. <strong>Nous aimons ce que nous faisons<\/strong> et nous passons des bons moments \u00e0 le faire. Nous travaillons dur, et nous cherchons toujours \u00e0 ajouter des esprits g\u00e9niaux \u00e0 notre \u00e9quipe.<br \/>\n\u00c0 l&rsquo;heure actuelle, nous avons des offres d&#8217;emploi disponibles \u00e0 notre si\u00e8ge social \u00e0 Montr\u00e9al, au Canada (le bilinguisme est un atout), mais nous avons \u00e9galement des postes \u00e0 distance disponibles afin de pouvoir \u00e9tendre notre recherche de candidats \u00e0 l&rsquo;\u00e9chelle internationale.[\/vc_column_text][\/vc_column][\/vc_row][vc_row full_width=\u00a0\u00bbstretch_row\u00a0\u00bb parallax=\u00a0\u00bbcontent-moving\u00a0\u00bb parallax_image=\u00a0\u00bb4309&Prime; css=\u00a0\u00bb.vc_custom_1492125061302{margin-top: 40px !important;margin-bottom: 0px !important;border-bottom-width: 0px !important;padding-bottom: 0px !important;background-color: #ffffff !important;}\u00a0\u00bb][vc_column][vc_column_text font_family=\u00a0\u00bbRoboto\u00a0\u00bb font_weight=\u00a0\u00bb300&Prime; font_size=\u00a0\u00bb40px\u00a0\u00bb responsive_font_size=\u00a0\u00bbtrue\u00a0\u00bb css=\u00a0\u00bb.vc_custom_1494812183816{margin-top: 50px !important;}\u00a0\u00bb font_color=\u00a0\u00bb#33699b\u00a0\u00bb]Nous recherchons des gemmes, des licornes, la cr\u00e8me de la cr\u00e8me. Est-ce vous?[\/vc_column_text][vc_column_text font_family=\u00a0\u00bbRoboto\u00a0\u00bb font_weight=\u00a0\u00bb300&Prime; font_size=\u00a0\u00bb25px\u00a0\u00bb responsive_font_size=\u00a0\u00bbtrue\u00a0\u00bb css=\u00a0\u00bb.vc_custom_1494812190047{margin-top: 20px !important;}\u00a0\u00bb]Positions disponibles:[\/vc_column_text][vc_column_text css=\u00a0\u00bb.vc_custom_1494812202283{padding-bottom: 40px !important;}\u00a0\u00bb]<\/p>\n<ul>\n<li>Analystes d&rsquo;affaires<\/li>\n<li>Programmateurs (C #, Visual Studio, .NET)<\/li>\n<li>D\u00e9veloppeurs Web<\/li>\n<li>Sp\u00e9cialistes du soutien \u00e0 la client\u00e8le<\/li>\n<li>Graphiste et r\u00e9dacteur (\u00e0 temps partiel)<\/li>\n<\/ul>\n<p>[\/vc_column_text][\/vc_column][\/vc_row][vc_row full_width=\u00a0\u00bbstretch_row_content_no_spaces\u00a0\u00bb][vc_column css=\u00a0\u00bb.vc_custom_1492125906398{margin-top: 0px !important;border-top-width: 0px !important;padding-top: 0px !important;}\u00a0\u00bb]<div class=\"ult_exp_section_layer ult-adjust-bottom-margin  \" >\n\t<div id=\"uvc-exp-wrap-9500\"   data-ultimate-target='#uvc-exp-wrap-9500'  data-responsive-json-new='{\"font-size\":\"desktop:20px;\",\"line-height\":\"desktop:20px;\"}'  class=\"ult_exp_section  ult-responsive     \" style=\"color:#ffffff;background-color:#33699b; font-weight:normal; padding:40px;text-align:center;\" data-textcolor=\"#ffffff\"data-texthover=\"#ffffff\"data-icncolor=\"#333333\"data-ihover=\"#333333\"data-height=\"0\"data-cntbg=\"#33699b\"data-cnthvrbg=\"#3c7bb5\"data-headerbg=\"#33699b\"data-headerhover=\"#3c7bb5\"data-title=\"Int\u00e9ress\u00e9 \u00e0 travailler ensemble? Nous aimerions en savoir plus.\"data-newtitle=\"Appliquez ici\"data-icon=\"\"data-newicon=\"\"data-activeicon=\"#333333\"data-effect=\"slideToggle\"data-override=\"0\"data-activetitle=\"#ffffff\"data-activebg=\"#3c7bb5\"data-img=\"\"data-newimg=\"\"><div  class=\"ult_exp_section-main \">\n\t\t\t\t\t<div class=\"ult_expheader\" >Int\u00e9ress\u00e9 \u00e0 travailler ensemble? Nous aimerions en savoir plus.\n\t\t\t\t\t <\/div><\/div>\n\t\t\t\t<\/div><div class=\"ult_exp_content     \" style=\"background-color:#33699b;padding-bottom:40px; \"><div class=\"ult_ecpsub_cont\" style=\" \" >\n<div class=\"wpcf7 no-js\" id=\"wpcf7-f4439-o1\" lang=\"en-US\" dir=\"ltr\" data-wpcf7-id=\"4439\">\n<div class=\"screen-reader-response\"><p role=\"status\" aria-live=\"polite\" aria-atomic=\"true\"><\/p> <ul><\/ul><\/div>\n<form action=\"\/fr\/wp-json\/wp\/v2\/pages\/4391#wpcf7-f4439-o1\" method=\"post\" class=\"wpcf7-form init\" aria-label=\"Contact form\" novalidate=\"novalidate\" data-status=\"init\">\n<fieldset class=\"hidden-fields-container\"><input type=\"hidden\" name=\"_wpcf7\" value=\"4439\" \/><input type=\"hidden\" name=\"_wpcf7_version\" value=\"6.1.5\" \/><input type=\"hidden\" name=\"_wpcf7_locale\" value=\"en_US\" \/><input type=\"hidden\" name=\"_wpcf7_unit_tag\" value=\"wpcf7-f4439-o1\" \/><input type=\"hidden\" name=\"_wpcf7_container_post\" value=\"0\" \/><input type=\"hidden\" name=\"_wpcf7_posted_data_hash\" value=\"\" \/>\n<\/fieldset>\n<div class=\"l-grid-row\">\n\t<div class=\"l-grid-6\">\n\t\t<p><label>Nom<\/label><br \/>\n<span class=\"wpcf7-form-control-wrap\" data-name=\"your-name\"><input size=\"40\" maxlength=\"400\" class=\"wpcf7-form-control wpcf7-text wpcf7-validates-as-required\" aria-required=\"true\" aria-invalid=\"false\" value=\"\" type=\"text\" name=\"your-name\" \/><\/span>\n\t\t<\/p>\n\t<\/div>\n\t<div class=\"l-grid-6\">\n\t\t<p><label>Courriel<\/label><br \/>\n<span class=\"wpcf7-form-control-wrap\" data-name=\"your-email\"><input size=\"40\" maxlength=\"400\" class=\"wpcf7-form-control wpcf7-email wpcf7-validates-as-required wpcf7-text wpcf7-validates-as-email\" aria-required=\"true\" aria-invalid=\"false\" value=\"\" type=\"email\" name=\"your-email\" \/><\/span>\n\t\t<\/p>\n\t<\/div>\n\t<div class=\"l-grid-12\">\n\t\t<p><label>T\u00e9l\u00e9phone<\/label><br \/>\n<span class=\"wpcf7-form-control-wrap\" data-name=\"tel-230\"><input size=\"40\" maxlength=\"400\" class=\"wpcf7-form-control wpcf7-tel wpcf7-validates-as-required wpcf7-text wpcf7-validates-as-tel\" aria-required=\"true\" aria-invalid=\"false\" value=\"\" type=\"tel\" name=\"tel-230\" \/><\/span>\n\t\t<\/p>\n\t<\/div>\n\t<div class=\"l-grid-12\">\n\t\t<p><label>Position<\/label><br \/>\n<span class=\"wpcf7-form-control-wrap\" data-name=\"menu-4\"><select class=\"wpcf7-form-control wpcf7-select\" aria-invalid=\"false\" name=\"menu-4\"><option value=\"Analyste d&#039;affaires\">Analyste d&#039;affaires<\/option><option value=\"Programmeur\">Programmeur<\/option><option value=\"D\u00e9veloppeur web\">D\u00e9veloppeur web<\/option><option value=\"Sp\u00e9cialiste du soutien \u00e0 la client\u00e8le\">Sp\u00e9cialiste du soutien \u00e0 la client\u00e8le<\/option><option value=\"Graphiste et r\u00e9dacteur (\u00e0 temps partiel)\">Graphiste et r\u00e9dacteur (\u00e0 temps partiel)<\/option><\/select><\/span>\n\t\t<\/p>\n\t<\/div>\n<\/div>\n<p><label>D\u00e9crivez-vous<\/label><br \/>\n<span class=\"wpcf7-form-control-wrap\" data-name=\"your-message\"><textarea cols=\"40\" rows=\"10\" maxlength=\"2000\" class=\"wpcf7-form-control wpcf7-textarea wpcf7-validates-as-required\" aria-required=\"true\" aria-invalid=\"false\" name=\"your-message\"><\/textarea><\/span>\n<\/p>\n<p><input class=\"wpcf7-form-control wpcf7-submit btn btn-global btn-full\" type=\"submit\" value=\"ENVOYER\" \/>\n<\/p><noscript>\n\t\t\t<div class=\"wpcf7-response-output wpcf7-spam-blocked\">Your browser does not support JavaScript!. Please enable javascript in your browser in order to get form work properly.<\/div>\n\t<\/noscript><script type='text\/javascript'>\n\n\t\t\t\t\t\tif(contactform === undefined){\n\t\t\t\t\t\t\tvar contactform = [];\n\t\t\t\t\t\t}\n\t\t\t\t\t\tvar innerVal = [4439,'mail_sent_ok','Thank you for your message. It has been sent.'];\n\t\t\t\t\t\tcontactform.push(innerVal);\n\t\t\t\t\t\tvar innerVal = [4439,'mail_sent_ng','There was an error trying to send your message. Please try again later.'];\n\t\t\t\t\t\tcontactform.push(innerVal);\n\t\t\t\t\t\tvar innerVal = [4439,'validation_error','One or more fields have an error. Please check and try again.'];\n\t\t\t\t\t\tcontactform.push(innerVal);\n\t\t\t\t\t\tvar innerVal = [4439,'spam','There was an error trying to send your message. Please try again later.'];\n\t\t\t\t\t\tcontactform.push(innerVal);\n\t\t\t\t\t\tvar innerVal = [4439,'accept_terms','You must accept the terms and conditions before sending your message.'];\n\t\t\t\t\t\tcontactform.push(innerVal);\n\t\t\t\t\t\tvar innerVal = [4439,'invalid_required','The field is required.'];\n\t\t\t\t\t\tcontactform.push(innerVal);\n\t\t\t\t\t\tvar innerVal = [4439,'invalid_too_long','The field is too long.'];\n\t\t\t\t\t\tcontactform.push(innerVal);\n\t\t\t\t\t\tvar innerVal = [4439,'invalid_too_short','The field is too short.'];\n\t\t\t\t\t\tcontactform.push(innerVal);\n\t\t\t\t\t\tvar innerVal = [4439,'invalid_date','The date format is incorrect.'];\n\t\t\t\t\t\tcontactform.push(innerVal);\n\t\t\t\t\t\tvar innerVal = [4439,'date_too_early','The date is before the earliest one allowed.'];\n\t\t\t\t\t\tcontactform.push(innerVal);\n\t\t\t\t\t\tvar innerVal = [4439,'date_too_late','The date is after the latest one allowed.'];\n\t\t\t\t\t\tcontactform.push(innerVal);\n\t\t\t\t\t\tvar innerVal = [4439,'upload_failed','There was an unknown error uploading the file.'];\n\t\t\t\t\t\tcontactform.push(innerVal);\n\t\t\t\t\t\tvar innerVal = [4439,'upload_file_type_invalid','You are not allowed to upload files of this type.'];\n\t\t\t\t\t\tcontactform.push(innerVal);\n\t\t\t\t\t\tvar innerVal = [4439,'upload_file_too_large','The file is too big.'];\n\t\t\t\t\t\tcontactform.push(innerVal);\n\t\t\t\t\t\tvar innerVal = [4439,'upload_failed_php_error','There was an error uploading the file.'];\n\t\t\t\t\t\tcontactform.push(innerVal);\n\t\t\t\t\t\tvar innerVal = [4439,'invalid_number','The number format is invalid.'];\n\t\t\t\t\t\tcontactform.push(innerVal);\n\t\t\t\t\t\tvar innerVal = [4439,'number_too_small','The number is smaller than the minimum allowed.'];\n\t\t\t\t\t\tcontactform.push(innerVal);\n\t\t\t\t\t\tvar innerVal = [4439,'number_too_large','The number is larger than the maximum allowed.'];\n\t\t\t\t\t\tcontactform.push(innerVal);\n\t\t\t\t\t\tvar innerVal = [4439,'quiz_answer_not_correct','The answer to the quiz is incorrect.'];\n\t\t\t\t\t\tcontactform.push(innerVal);\n\t\t\t\t\t\tvar innerVal = [4439,'invalid_email','The e-mail address entered is invalid.'];\n\t\t\t\t\t\tcontactform.push(innerVal);\n\t\t\t\t\t\tvar innerVal = [4439,'invalid_url','The URL is invalid.'];\n\t\t\t\t\t\tcontactform.push(innerVal);\n\t\t\t\t\t\tvar innerVal = [4439,'invalid_tel','The telephone number is invalid.'];\n\t\t\t\t\t\tcontactform.push(innerVal);\n\t\t\t\t\t\tvar innerVal = [4439,'gdpr',''];\n\t\t\t\t\t\tcontactform.push(innerVal);\n\t\t\t\t\t\t<\/script><div class=\"wpcf7-response-output\" aria-hidden=\"true\"><\/div>\n<\/form>\n<\/div>\n<\/div><\/div>\n\n\t\t\t<\/div>[\/vc_column][\/vc_row]<\/p>\n<\/div>","protected":false},"excerpt":{"rendered":"<p>[vc_row css=\u00a0\u00bb.vc_custom_1492119660536{margin-top: 40px !important;margin-bottom: 50px !important;}\u00a0\u00bb][vc_column][vc_column_text font_family=\u00a0\u00bbRoboto\u00a0\u00bb font_weight=\u00a0\u00bb300&Prime; font_size=\u00a0\u00bb40px\u00a0\u00bb responsive_font_size=\u00a0\u00bbtrue\u00a0\u00bb css=\u00a0\u00bb.vc_custom_1494812155414{margin-top: 50px !important;}\u00a0\u00bb]\u00cates-vous innovateur, d\u00e9termin\u00e9 et un joueur d&rsquo;\u00e9quipe? Nous aimerions vous entendre![\/vc_column_text][vc_column_text]Pour Technicost les gens et l&rsquo;\u00e9quipe viennent avant tout, et nous nous amusons toujours \u00e0 d\u00e9velopper de nouveaux produits et \u00e0 r\u00e9fl\u00e9chir sur de grandes id\u00e9es. Nous mettons nos employ\u00e9s au c\u0153ur de [&hellip;]<\/p>\n","protected":false},"author":1,"featured_media":0,"parent":0,"menu_order":3,"comment_status":"closed","ping_status":"closed","template":"","meta":{"_monsterinsights_skip_tracking":false,"_monsterinsights_sitenote_active":false,"_monsterinsights_sitenote_note":"","_monsterinsights_sitenote_category":0,"footnotes":""},"class_list":["post-4391","page","type-page","status-publish","hentry"],"yoast_head":"<!-- This site is optimized with the Yoast SEO plugin v27.4 - https:\/\/yoast.com\/product\/yoast-seo-wordpress\/ -->\n<title>CARRI\u00c8RES - Technicost<\/title>\n<meta name=\"robots\" content=\"index, follow, max-snippet:-1, max-image-preview:large, max-video-preview:-1\" \/>\n<link rel=\"canonical\" href=\"https:\/\/www.technicost.com\/fr\/carrieres\/\" \/>\n<meta property=\"og:locale\" content=\"fr_FR\" \/>\n<meta property=\"og:type\" content=\"article\" \/>\n<meta property=\"og:title\" content=\"CARRI\u00c8RES - Technicost\" \/>\n<meta property=\"og:description\" content=\"[vc_row css=\u00a0\u00bb.vc_custom_1492119660536{margin-top: 40px !important;margin-bottom: 50px !important;}\u00a0\u00bb][vc_column][vc_column_text font_family=\u00a0\u00bbRoboto\u00a0\u00bb font_weight=\u00a0\u00bb300&Prime; font_size=\u00a0\u00bb40px\u00a0\u00bb responsive_font_size=\u00a0\u00bbtrue\u00a0\u00bb css=\u00a0\u00bb.vc_custom_1494812155414{margin-top: 50px !important;}\u00a0\u00bb]\u00cates-vous innovateur, d\u00e9termin\u00e9 et un joueur d&rsquo;\u00e9quipe? Nous aimerions vous entendre![\/vc_column_text][vc_column_text]Pour Technicost les gens et l&rsquo;\u00e9quipe viennent avant tout, et nous nous amusons toujours \u00e0 d\u00e9velopper de nouveaux produits et \u00e0 r\u00e9fl\u00e9chir sur de grandes id\u00e9es. Nous mettons nos employ\u00e9s au c\u0153ur de [&hellip;]\" \/>\n<meta property=\"og:url\" content=\"https:\/\/www.technicost.com\/fr\/carrieres\/\" \/>\n<meta property=\"og:site_name\" content=\"Technicost\" \/>\n<meta property=\"article:modified_time\" content=\"2025-11-11T18:53:12+00:00\" \/>\n<meta name=\"twitter:card\" content=\"summary_large_image\" \/>\n<meta name=\"twitter:site\" content=\"@Technicost1\" \/>\n<meta name=\"twitter:label1\" content=\"Dur\u00e9e de lecture estim\u00e9e\" \/>\n\t<meta name=\"twitter:data1\" content=\"2 minutes\" \/>\n<script type=\"application\/ld+json\" class=\"yoast-schema-graph\">{\"@context\":\"https:\\\/\\\/schema.org\",\"@graph\":[{\"@type\":\"WebPage\",\"@id\":\"https:\\\/\\\/www.technicost.com\\\/fr\\\/carrieres\\\/\",\"url\":\"https:\\\/\\\/www.technicost.com\\\/fr\\\/carrieres\\\/\",\"name\":\"CARRI\u00c8RES - Technicost\",\"isPartOf\":{\"@id\":\"https:\\\/\\\/www.technicost.com\\\/#website\"},\"datePublished\":\"2017-04-13T15:32:49+00:00\",\"dateModified\":\"2025-11-11T18:53:12+00:00\",\"breadcrumb\":{\"@id\":\"https:\\\/\\\/www.technicost.com\\\/fr\\\/carrieres\\\/#breadcrumb\"},\"inLanguage\":\"fr-FR\",\"potentialAction\":[{\"@type\":\"ReadAction\",\"target\":[\"https:\\\/\\\/www.technicost.com\\\/fr\\\/carrieres\\\/\"]}]},{\"@type\":\"BreadcrumbList\",\"@id\":\"https:\\\/\\\/www.technicost.com\\\/fr\\\/carrieres\\\/#breadcrumb\",\"itemListElement\":[{\"@type\":\"ListItem\",\"position\":1,\"name\":\"Home\",\"item\":\"https:\\\/\\\/www.technicost.com\\\/fr\\\/\"},{\"@type\":\"ListItem\",\"position\":2,\"name\":\"CARRI\u00c8RES\"}]},{\"@type\":\"WebSite\",\"@id\":\"https:\\\/\\\/www.technicost.com\\\/#website\",\"url\":\"https:\\\/\\\/www.technicost.com\\\/\",\"name\":\"Technicost\",\"description\":\"\",\"publisher\":{\"@id\":\"https:\\\/\\\/www.technicost.com\\\/#organization\"},\"potentialAction\":[{\"@type\":\"SearchAction\",\"target\":{\"@type\":\"EntryPoint\",\"urlTemplate\":\"https:\\\/\\\/www.technicost.com\\\/?s={search_term_string}\"},\"query-input\":{\"@type\":\"PropertyValueSpecification\",\"valueRequired\":true,\"valueName\":\"search_term_string\"}}],\"inLanguage\":\"fr-FR\"},{\"@type\":\"Organization\",\"@id\":\"https:\\\/\\\/www.technicost.com\\\/#organization\",\"name\":\"Technicost\",\"url\":\"https:\\\/\\\/www.technicost.com\\\/\",\"logo\":{\"@type\":\"ImageObject\",\"inLanguage\":\"fr-FR\",\"@id\":\"https:\\\/\\\/www.technicost.com\\\/#\\\/schema\\\/logo\\\/image\\\/\",\"url\":\"https:\\\/\\\/www.technicost.com\\\/wp-content\\\/uploads\\\/2017\\\/06\\\/Technicost-Smaller.jpg\",\"contentUrl\":\"https:\\\/\\\/www.technicost.com\\\/wp-content\\\/uploads\\\/2017\\\/06\\\/Technicost-Smaller.jpg\",\"width\":368,\"height\":110,\"caption\":\"Technicost\"},\"image\":{\"@id\":\"https:\\\/\\\/www.technicost.com\\\/#\\\/schema\\\/logo\\\/image\\\/\"},\"sameAs\":[\"https:\\\/\\\/x.com\\\/Technicost1\",\"https:\\\/\\\/www.linkedin.com\\\/company\\\/122491\\\/admin\\\/\"]}]}<\/script>\n<!-- \/ Yoast SEO plugin. -->","yoast_head_json":{"title":"CARRI\u00c8RES - Technicost","robots":{"index":"index","follow":"follow","max-snippet":"max-snippet:-1","max-image-preview":"max-image-preview:large","max-video-preview":"max-video-preview:-1"},"canonical":"https:\/\/www.technicost.com\/fr\/carrieres\/","og_locale":"fr_FR","og_type":"article","og_title":"CARRI\u00c8RES - Technicost","og_description":"[vc_row css=\u00a0\u00bb.vc_custom_1492119660536{margin-top: 40px !important;margin-bottom: 50px !important;}\u00a0\u00bb][vc_column][vc_column_text font_family=\u00a0\u00bbRoboto\u00a0\u00bb font_weight=\u00a0\u00bb300&Prime; font_size=\u00a0\u00bb40px\u00a0\u00bb responsive_font_size=\u00a0\u00bbtrue\u00a0\u00bb css=\u00a0\u00bb.vc_custom_1494812155414{margin-top: 50px !important;}\u00a0\u00bb]\u00cates-vous innovateur, d\u00e9termin\u00e9 et un joueur d&rsquo;\u00e9quipe? Nous aimerions vous entendre![\/vc_column_text][vc_column_text]Pour Technicost les gens et l&rsquo;\u00e9quipe viennent avant tout, et nous nous amusons toujours \u00e0 d\u00e9velopper de nouveaux produits et \u00e0 r\u00e9fl\u00e9chir sur de grandes id\u00e9es. Nous mettons nos employ\u00e9s au c\u0153ur de [&hellip;]","og_url":"https:\/\/www.technicost.com\/fr\/carrieres\/","og_site_name":"Technicost","article_modified_time":"2025-11-11T18:53:12+00:00","twitter_card":"summary_large_image","twitter_site":"@Technicost1","twitter_misc":{"Dur\u00e9e de lecture estim\u00e9e":"2 minutes"},"schema":{"@context":"https:\/\/schema.org","@graph":[{"@type":"WebPage","@id":"https:\/\/www.technicost.com\/fr\/carrieres\/","url":"https:\/\/www.technicost.com\/fr\/carrieres\/","name":"CARRI\u00c8RES - Technicost","isPartOf":{"@id":"https:\/\/www.technicost.com\/#website"},"datePublished":"2017-04-13T15:32:49+00:00","dateModified":"2025-11-11T18:53:12+00:00","breadcrumb":{"@id":"https:\/\/www.technicost.com\/fr\/carrieres\/#breadcrumb"},"inLanguage":"fr-FR","potentialAction":[{"@type":"ReadAction","target":["https:\/\/www.technicost.com\/fr\/carrieres\/"]}]},{"@type":"BreadcrumbList","@id":"https:\/\/www.technicost.com\/fr\/carrieres\/#breadcrumb","itemListElement":[{"@type":"ListItem","position":1,"name":"Home","item":"https:\/\/www.technicost.com\/fr\/"},{"@type":"ListItem","position":2,"name":"CARRI\u00c8RES"}]},{"@type":"WebSite","@id":"https:\/\/www.technicost.com\/#website","url":"https:\/\/www.technicost.com\/","name":"Technicost","description":"","publisher":{"@id":"https:\/\/www.technicost.com\/#organization"},"potentialAction":[{"@type":"SearchAction","target":{"@type":"EntryPoint","urlTemplate":"https:\/\/www.technicost.com\/?s={search_term_string}"},"query-input":{"@type":"PropertyValueSpecification","valueRequired":true,"valueName":"search_term_string"}}],"inLanguage":"fr-FR"},{"@type":"Organization","@id":"https:\/\/www.technicost.com\/#organization","name":"Technicost","url":"https:\/\/www.technicost.com\/","logo":{"@type":"ImageObject","inLanguage":"fr-FR","@id":"https:\/\/www.technicost.com\/#\/schema\/logo\/image\/","url":"https:\/\/www.technicost.com\/wp-content\/uploads\/2017\/06\/Technicost-Smaller.jpg","contentUrl":"https:\/\/www.technicost.com\/wp-content\/uploads\/2017\/06\/Technicost-Smaller.jpg","width":368,"height":110,"caption":"Technicost"},"image":{"@id":"https:\/\/www.technicost.com\/#\/schema\/logo\/image\/"},"sameAs":["https:\/\/x.com\/Technicost1","https:\/\/www.linkedin.com\/company\/122491\/admin\/"]}]}},"_links":{"self":[{"href":"https:\/\/www.technicost.com\/fr\/wp-json\/wp\/v2\/pages\/4391","targetHints":{"allow":["GET"]}}],"collection":[{"href":"https:\/\/www.technicost.com\/fr\/wp-json\/wp\/v2\/pages"}],"about":[{"href":"https:\/\/www.technicost.com\/fr\/wp-json\/wp\/v2\/types\/page"}],"author":[{"embeddable":true,"href":"https:\/\/www.technicost.com\/fr\/wp-json\/wp\/v2\/users\/1"}],"replies":[{"embeddable":true,"href":"https:\/\/www.technicost.com\/fr\/wp-json\/wp\/v2\/comments?post=4391"}],"version-history":[{"count":4,"href":"https:\/\/www.technicost.com\/fr\/wp-json\/wp\/v2\/pages\/4391\/revisions"}],"predecessor-version":[{"id":5800,"href":"https:\/\/www.technicost.com\/fr\/wp-json\/wp\/v2\/pages\/4391\/revisions\/5800"}],"wp:attachment":[{"href":"https:\/\/www.technicost.com\/fr\/wp-json\/wp\/v2\/media?parent=4391"}],"curies":[{"name":"wp","href":"https:\/\/api.w.org\/{rel}","templated":true}]}}