{"id":4389,"date":"2017-04-13T17:53:02","date_gmt":"2017-04-13T21:53:02","guid":{"rendered":"http:\/\/www.technicost.com\/los-decision-system"},"modified":"2017-05-14T21:50:16","modified_gmt":"2017-05-15T01:50:16","slug":"los-systeme-de-decision","status":"publish","type":"page","link":"https:\/\/www.technicost.com\/fr\/produits\/los-systeme-de-decision\/","title":{"rendered":"LOS &#8211; Syst\u00e8me de D\u00e9cision"},"content":{"rendered":"<div class=\"wpb-content-wrapper\"><p>[vc_row css=\u00a0\u00bb.vc_custom_1492119660536{margin-top: 40px !important;margin-bottom: 50px !important;}\u00a0\u00bb][vc_column][vc_column_text font_family=\u00a0\u00bbRoboto\u00a0\u00bb font_weight=\u00a0\u00bb300&Prime; font_size=\u00a0\u00bb40px\u00a0\u00bb responsive_font_size=\u00a0\u00bbtrue\u00a0\u00bb css=\u00a0\u00bb.vc_custom_1494812936448{margin-top: 50px !important;}\u00a0\u00bb]<\/p>\n<p style=\"text-align: center;\">Accro\u00eetre la pr\u00e9cision et l&rsquo;efficacit\u00e9 des d\u00e9cisions de pr\u00eat<\/p>\n<p>[\/vc_column_text][vc_column_text]<\/p>\n<p style=\"text-align: center;\">Il est important pour les coop\u00e9ratives de cr\u00e9dit de zoomer sur l&rsquo;augmentation de la pr\u00e9cision et de l&rsquo;efficacit\u00e9 des d\u00e9cisions de pr\u00eat. Avec ce logiciel, les pr\u00eateurs, les<strong> vendeurs<\/strong> et les courtiers re\u00e7oivent une r\u00e9ponse en moins de deux minutes avec la note de d\u00e9cision rapide du syst\u00e8me, mais tr\u00e8s pr\u00e9cise, bas\u00e9e sur une <strong>matrice de d\u00e9cision cr\u00e9\u00e9e par vous<\/strong>. L&rsquo;ajout du syst\u00e8me de d\u00e9cision <strong>\u00e0 votre suite de produits<\/strong> permet aux courtiers et aux vendeurs de soumettre facilement des demandes de cr\u00e9dit en ligne au nom de leurs clients, puis de recevoir une d\u00e9cision de cr\u00e9dit automatis\u00e9e.<\/p>\n<p>[\/vc_column_text][\/vc_column][\/vc_row][vc_row full_width=\u00a0\u00bbstretch_row\u00a0\u00bb luv_text_alignment=\u00a0\u00bbcenter\u00a0\u00bb css=\u00a0\u00bb.vc_custom_1492108939426{padding-top: 50px !important;padding-bottom: 50px !important;background-color: #33699b !important;}\u00a0\u00bb][vc_column css=\u00a0\u00bb.vc_custom_1465595421237{padding-top: 0px !important;padding-bottom: 0px !important;}\u00a0\u00bb][vc_column_text font_family=\u00a0\u00bbRoboto\u00a0\u00bb font_weight=\u00a0\u00bb300&Prime; font_size=\u00a0\u00bb30px\u00a0\u00bb responsive_font_size=\u00a0\u00bbtrue\u00a0\u00bb font_color=\u00a0\u00bb#ffffff\u00a0\u00bb css=\u00a0\u00bb.vc_custom_1494813001694{margin-top: 30px !important;margin-bottom: 10px !important;}\u00a0\u00bb line_height=\u00a0\u00bb30px\u00a0\u00bb]<\/p>\n<p style=\"text-align: center;\">En savoir plus sur ce que LOS &#8211; Syst\u00e8me de D\u00e9cision a \u00e0 offrir.<\/p>\n<p>[\/vc_column_text]<a href=\"http:\/\/www.technicost.com\/fr\/contact\" target=\"_self\" class=\"btn btn-shortcode btn-rounded luv_dynamic-e45d90ab luv_dynamic-091c1458\" ><span>NOUS JOINDRE<\/span><\/a>[\/vc_column][\/vc_row]<\/p>\n<\/div>","protected":false},"excerpt":{"rendered":"<p>[vc_row css=\u00a0\u00bb.vc_custom_1492119660536{margin-top: 40px !important;margin-bottom: 50px !important;}\u00a0\u00bb][vc_column][vc_column_text font_family=\u00a0\u00bbRoboto\u00a0\u00bb font_weight=\u00a0\u00bb300&Prime; font_size=\u00a0\u00bb40px\u00a0\u00bb responsive_font_size=\u00a0\u00bbtrue\u00a0\u00bb css=\u00a0\u00bb.vc_custom_1494812936448{margin-top: 50px !important;}\u00a0\u00bb] Accro\u00eetre la pr\u00e9cision et l&rsquo;efficacit\u00e9 des d\u00e9cisions de pr\u00eat [\/vc_column_text][vc_column_text] Il est important pour les coop\u00e9ratives de cr\u00e9dit de zoomer sur l&rsquo;augmentation de la pr\u00e9cision et de l&rsquo;efficacit\u00e9 des d\u00e9cisions de pr\u00eat. Avec ce logiciel, les pr\u00eateurs, les vendeurs et les courtiers [&hellip;]<\/p>\n","protected":false},"author":1,"featured_media":0,"parent":4392,"menu_order":4,"comment_status":"closed","ping_status":"closed","template":"","meta":{"_monsterinsights_skip_tracking":false,"_monsterinsights_sitenote_active":false,"_monsterinsights_sitenote_note":"","_monsterinsights_sitenote_category":0,"footnotes":""},"class_list":["post-4389","page","type-page","status-publish","hentry"],"yoast_head":"<!-- This site is optimized with the Yoast SEO plugin v27.4 - https:\/\/yoast.com\/product\/yoast-seo-wordpress\/ -->\n<title>LOS - Syst\u00e8me de D\u00e9cision - Technicost<\/title>\n<meta name=\"robots\" content=\"index, follow, max-snippet:-1, max-image-preview:large, max-video-preview:-1\" \/>\n<link rel=\"canonical\" href=\"https:\/\/www.technicost.com\/fr\/produits\/los-systeme-de-decision\/\" \/>\n<meta property=\"og:locale\" content=\"fr_FR\" \/>\n<meta property=\"og:type\" content=\"article\" \/>\n<meta property=\"og:title\" content=\"LOS - Syst\u00e8me de D\u00e9cision - Technicost\" \/>\n<meta property=\"og:description\" content=\"[vc_row css=\u00a0\u00bb.vc_custom_1492119660536{margin-top: 40px !important;margin-bottom: 50px !important;}\u00a0\u00bb][vc_column][vc_column_text font_family=\u00a0\u00bbRoboto\u00a0\u00bb font_weight=\u00a0\u00bb300&Prime; font_size=\u00a0\u00bb40px\u00a0\u00bb responsive_font_size=\u00a0\u00bbtrue\u00a0\u00bb css=\u00a0\u00bb.vc_custom_1494812936448{margin-top: 50px !important;}\u00a0\u00bb] Accro\u00eetre la pr\u00e9cision et l&rsquo;efficacit\u00e9 des d\u00e9cisions de pr\u00eat [\/vc_column_text][vc_column_text] Il est important pour les coop\u00e9ratives de cr\u00e9dit de zoomer sur l&rsquo;augmentation de la pr\u00e9cision et de l&rsquo;efficacit\u00e9 des d\u00e9cisions de pr\u00eat. Avec ce logiciel, les pr\u00eateurs, les vendeurs et les courtiers [&hellip;]\" \/>\n<meta property=\"og:url\" content=\"https:\/\/www.technicost.com\/fr\/produits\/los-systeme-de-decision\/\" \/>\n<meta property=\"og:site_name\" content=\"Technicost\" \/>\n<meta property=\"article:modified_time\" content=\"2017-05-15T01:50:16+00:00\" \/>\n<meta name=\"twitter:card\" content=\"summary_large_image\" \/>\n<meta name=\"twitter:site\" content=\"@Technicost1\" \/>\n<meta name=\"twitter:label1\" content=\"Dur\u00e9e de lecture estim\u00e9e\" \/>\n\t<meta name=\"twitter:data1\" content=\"2 minutes\" \/>\n<script type=\"application\/ld+json\" class=\"yoast-schema-graph\">{\"@context\":\"https:\\\/\\\/schema.org\",\"@graph\":[{\"@type\":\"WebPage\",\"@id\":\"https:\\\/\\\/www.technicost.com\\\/fr\\\/produits\\\/los-systeme-de-decision\\\/\",\"url\":\"https:\\\/\\\/www.technicost.com\\\/fr\\\/produits\\\/los-systeme-de-decision\\\/\",\"name\":\"LOS - Syst\u00e8me de D\u00e9cision - Technicost\",\"isPartOf\":{\"@id\":\"https:\\\/\\\/www.technicost.com\\\/#website\"},\"datePublished\":\"2017-04-13T21:53:02+00:00\",\"dateModified\":\"2017-05-15T01:50:16+00:00\",\"breadcrumb\":{\"@id\":\"https:\\\/\\\/www.technicost.com\\\/fr\\\/produits\\\/los-systeme-de-decision\\\/#breadcrumb\"},\"inLanguage\":\"fr-FR\",\"potentialAction\":[{\"@type\":\"ReadAction\",\"target\":[\"https:\\\/\\\/www.technicost.com\\\/fr\\\/produits\\\/los-systeme-de-decision\\\/\"]}]},{\"@type\":\"BreadcrumbList\",\"@id\":\"https:\\\/\\\/www.technicost.com\\\/fr\\\/produits\\\/los-systeme-de-decision\\\/#breadcrumb\",\"itemListElement\":[{\"@type\":\"ListItem\",\"position\":1,\"name\":\"Home\",\"item\":\"https:\\\/\\\/www.technicost.com\\\/fr\\\/\"},{\"@type\":\"ListItem\",\"position\":2,\"name\":\"PRODUITS\",\"item\":\"https:\\\/\\\/www.technicost.com\\\/fr\\\/produits\\\/\"},{\"@type\":\"ListItem\",\"position\":3,\"name\":\"LOS &#8211; Syst\u00e8me de D\u00e9cision\"}]},{\"@type\":\"WebSite\",\"@id\":\"https:\\\/\\\/www.technicost.com\\\/#website\",\"url\":\"https:\\\/\\\/www.technicost.com\\\/\",\"name\":\"Technicost\",\"description\":\"\",\"publisher\":{\"@id\":\"https:\\\/\\\/www.technicost.com\\\/#organization\"},\"potentialAction\":[{\"@type\":\"SearchAction\",\"target\":{\"@type\":\"EntryPoint\",\"urlTemplate\":\"https:\\\/\\\/www.technicost.com\\\/?s={search_term_string}\"},\"query-input\":{\"@type\":\"PropertyValueSpecification\",\"valueRequired\":true,\"valueName\":\"search_term_string\"}}],\"inLanguage\":\"fr-FR\"},{\"@type\":\"Organization\",\"@id\":\"https:\\\/\\\/www.technicost.com\\\/#organization\",\"name\":\"Technicost\",\"url\":\"https:\\\/\\\/www.technicost.com\\\/\",\"logo\":{\"@type\":\"ImageObject\",\"inLanguage\":\"fr-FR\",\"@id\":\"https:\\\/\\\/www.technicost.com\\\/#\\\/schema\\\/logo\\\/image\\\/\",\"url\":\"https:\\\/\\\/www.technicost.com\\\/wp-content\\\/uploads\\\/2017\\\/06\\\/Technicost-Smaller.jpg\",\"contentUrl\":\"https:\\\/\\\/www.technicost.com\\\/wp-content\\\/uploads\\\/2017\\\/06\\\/Technicost-Smaller.jpg\",\"width\":368,\"height\":110,\"caption\":\"Technicost\"},\"image\":{\"@id\":\"https:\\\/\\\/www.technicost.com\\\/#\\\/schema\\\/logo\\\/image\\\/\"},\"sameAs\":[\"https:\\\/\\\/x.com\\\/Technicost1\",\"https:\\\/\\\/www.linkedin.com\\\/company\\\/122491\\\/admin\\\/\"]}]}<\/script>\n<!-- \/ Yoast SEO plugin. -->","yoast_head_json":{"title":"LOS - Syst\u00e8me de D\u00e9cision - Technicost","robots":{"index":"index","follow":"follow","max-snippet":"max-snippet:-1","max-image-preview":"max-image-preview:large","max-video-preview":"max-video-preview:-1"},"canonical":"https:\/\/www.technicost.com\/fr\/produits\/los-systeme-de-decision\/","og_locale":"fr_FR","og_type":"article","og_title":"LOS - Syst\u00e8me de D\u00e9cision - Technicost","og_description":"[vc_row css=\u00a0\u00bb.vc_custom_1492119660536{margin-top: 40px !important;margin-bottom: 50px !important;}\u00a0\u00bb][vc_column][vc_column_text font_family=\u00a0\u00bbRoboto\u00a0\u00bb font_weight=\u00a0\u00bb300&Prime; font_size=\u00a0\u00bb40px\u00a0\u00bb responsive_font_size=\u00a0\u00bbtrue\u00a0\u00bb css=\u00a0\u00bb.vc_custom_1494812936448{margin-top: 50px !important;}\u00a0\u00bb] Accro\u00eetre la pr\u00e9cision et l&rsquo;efficacit\u00e9 des d\u00e9cisions de pr\u00eat [\/vc_column_text][vc_column_text] Il est important pour les coop\u00e9ratives de cr\u00e9dit de zoomer sur l&rsquo;augmentation de la pr\u00e9cision et de l&rsquo;efficacit\u00e9 des d\u00e9cisions de pr\u00eat. Avec ce logiciel, les pr\u00eateurs, les vendeurs et les courtiers [&hellip;]","og_url":"https:\/\/www.technicost.com\/fr\/produits\/los-systeme-de-decision\/","og_site_name":"Technicost","article_modified_time":"2017-05-15T01:50:16+00:00","twitter_card":"summary_large_image","twitter_site":"@Technicost1","twitter_misc":{"Dur\u00e9e de lecture estim\u00e9e":"2 minutes"},"schema":{"@context":"https:\/\/schema.org","@graph":[{"@type":"WebPage","@id":"https:\/\/www.technicost.com\/fr\/produits\/los-systeme-de-decision\/","url":"https:\/\/www.technicost.com\/fr\/produits\/los-systeme-de-decision\/","name":"LOS - Syst\u00e8me de D\u00e9cision - Technicost","isPartOf":{"@id":"https:\/\/www.technicost.com\/#website"},"datePublished":"2017-04-13T21:53:02+00:00","dateModified":"2017-05-15T01:50:16+00:00","breadcrumb":{"@id":"https:\/\/www.technicost.com\/fr\/produits\/los-systeme-de-decision\/#breadcrumb"},"inLanguage":"fr-FR","potentialAction":[{"@type":"ReadAction","target":["https:\/\/www.technicost.com\/fr\/produits\/los-systeme-de-decision\/"]}]},{"@type":"BreadcrumbList","@id":"https:\/\/www.technicost.com\/fr\/produits\/los-systeme-de-decision\/#breadcrumb","itemListElement":[{"@type":"ListItem","position":1,"name":"Home","item":"https:\/\/www.technicost.com\/fr\/"},{"@type":"ListItem","position":2,"name":"PRODUITS","item":"https:\/\/www.technicost.com\/fr\/produits\/"},{"@type":"ListItem","position":3,"name":"LOS &#8211; Syst\u00e8me de D\u00e9cision"}]},{"@type":"WebSite","@id":"https:\/\/www.technicost.com\/#website","url":"https:\/\/www.technicost.com\/","name":"Technicost","description":"","publisher":{"@id":"https:\/\/www.technicost.com\/#organization"},"potentialAction":[{"@type":"SearchAction","target":{"@type":"EntryPoint","urlTemplate":"https:\/\/www.technicost.com\/?s={search_term_string}"},"query-input":{"@type":"PropertyValueSpecification","valueRequired":true,"valueName":"search_term_string"}}],"inLanguage":"fr-FR"},{"@type":"Organization","@id":"https:\/\/www.technicost.com\/#organization","name":"Technicost","url":"https:\/\/www.technicost.com\/","logo":{"@type":"ImageObject","inLanguage":"fr-FR","@id":"https:\/\/www.technicost.com\/#\/schema\/logo\/image\/","url":"https:\/\/www.technicost.com\/wp-content\/uploads\/2017\/06\/Technicost-Smaller.jpg","contentUrl":"https:\/\/www.technicost.com\/wp-content\/uploads\/2017\/06\/Technicost-Smaller.jpg","width":368,"height":110,"caption":"Technicost"},"image":{"@id":"https:\/\/www.technicost.com\/#\/schema\/logo\/image\/"},"sameAs":["https:\/\/x.com\/Technicost1","https:\/\/www.linkedin.com\/company\/122491\/admin\/"]}]}},"_links":{"self":[{"href":"https:\/\/www.technicost.com\/fr\/wp-json\/wp\/v2\/pages\/4389","targetHints":{"allow":["GET"]}}],"collection":[{"href":"https:\/\/www.technicost.com\/fr\/wp-json\/wp\/v2\/pages"}],"about":[{"href":"https:\/\/www.technicost.com\/fr\/wp-json\/wp\/v2\/types\/page"}],"author":[{"embeddable":true,"href":"https:\/\/www.technicost.com\/fr\/wp-json\/wp\/v2\/users\/1"}],"replies":[{"embeddable":true,"href":"https:\/\/www.technicost.com\/fr\/wp-json\/wp\/v2\/comments?post=4389"}],"version-history":[{"count":2,"href":"https:\/\/www.technicost.com\/fr\/wp-json\/wp\/v2\/pages\/4389\/revisions"}],"predecessor-version":[{"id":4414,"href":"https:\/\/www.technicost.com\/fr\/wp-json\/wp\/v2\/pages\/4389\/revisions\/4414"}],"up":[{"embeddable":true,"href":"https:\/\/www.technicost.com\/fr\/wp-json\/wp\/v2\/pages\/4392"}],"wp:attachment":[{"href":"https:\/\/www.technicost.com\/fr\/wp-json\/wp\/v2\/media?parent=4389"}],"curies":[{"name":"wp","href":"https:\/\/api.w.org\/{rel}","templated":true}]}}