{"id":4387,"date":"2017-04-13T17:53:34","date_gmt":"2017-04-13T21:53:34","guid":{"rendered":"http:\/\/www.technicost.com\/transaction-express-web"},"modified":"2022-08-09T19:17:44","modified_gmt":"2022-08-09T23:17:44","slug":"transaction-express-web","status":"publish","type":"page","link":"https:\/\/www.technicost.com\/fr\/produits\/transaction-express-web\/","title":{"rendered":"Transactions Express Web"},"content":{"rendered":"<div class=\"wpb-content-wrapper\"><p>[vc_row css=\u00a0\u00bb.vc_custom_1492119660536{margin-top: 40px !important;margin-bottom: 50px !important;}\u00a0\u00bb][vc_column luv_text_alignment=\u00a0\u00bbcenter\u00a0\u00bb][vc_column_text font_family=\u00a0\u00bbRoboto\u00a0\u00bb font_weight=\u00a0\u00bb300&Prime; font_size=\u00a0\u00bb40px\u00a0\u00bb responsive_font_size=\u00a0\u00bbtrue\u00a0\u00bb css=\u00a0\u00bb.vc_custom_1494813163842{margin-top: 50px !important;}\u00a0\u00bb]<\/p>\n<p style=\"text-align: center;\">Facilitez la vie de votre client<\/p>\n<p>[\/vc_column_text][vc_column_text 0=\u00a0\u00bb\u00a0\u00bb]<\/p>\n<p style=\"text-align: center;\">Ce logiciel de traitement de paiements facilitera la vie de vos clients en centralisant toutes les transactions des d\u00e9p\u00f4ts, des retraits, des comptes d\u00e9biteurs, etc. Utilisez ce logiciel prospectif pour les transactions r\u00e9currentes sans l&rsquo;utilisation obsol\u00e8te des ch\u00e8ques.<\/p>\n<p style=\"text-align: center;\">La localisation de tous les processus permet de faciliter le jour au jour de votre client, rendre l&rsquo;exp\u00e9rience coh\u00e9rente et agr\u00e9able, plut\u00f4t que fragment\u00e9e et d\u00e9connect\u00e9e. C&rsquo;est m\u00e9morable car c&rsquo;est tr\u00e8s utile et simple \u00e0 utiliser, et c&rsquo;est exactement ce que nous essayons d&rsquo;\u00eatre; des agents de la facilit\u00e9 et de la simplicit\u00e9, parce que les affaires devraient \u00eatre \u00e9galement faciles.<\/p>\n<p>[\/vc_column_text]<a href=\"https:\/\/transxpress.desjardins.com\/login.php?lang=fr\" target=\"_self\" class=\"btn btn-shortcode btn-rounded btn-l luv_dynamic-e45d90ab luv_dynamic-9d3fc07c\" ><span>INSCRIVEZ-VOUS MAINTENANT avec DESJARDINS<\/span><\/a><a href=\"https:\/\/tewbn.technicost.com\/\/login.php?lang=fr\" target=\"_self\" class=\"btn btn-shortcode btn-rounded btn-l luv_dynamic-e45d90ab luv_dynamic-9d3fc07c\" ><span>INSCRIVEZ-VOUS MAINTENANT avec la Banque Nationale<\/span><\/a>[\/vc_column][\/vc_row][vc_row full_width=\u00a0\u00bbstretch_row\u00a0\u00bb luv_text_alignment=\u00a0\u00bbcenter\u00a0\u00bb css=\u00a0\u00bb.vc_custom_1492108939426{padding-top: 50px !important;padding-bottom: 50px !important;background-color: #33699b !important;}\u00a0\u00bb][vc_column css=\u00a0\u00bb.vc_custom_1465595421237{padding-top: 0px !important;padding-bottom: 0px !important;}\u00a0\u00bb][vc_column_text font_family=\u00a0\u00bbRoboto\u00a0\u00bb font_weight=\u00a0\u00bb300&Prime; font_size=\u00a0\u00bb30px\u00a0\u00bb responsive_font_size=\u00a0\u00bbtrue\u00a0\u00bb font_color=\u00a0\u00bb#ffffff\u00a0\u00bb css=\u00a0\u00bb.vc_custom_1494813186708{margin-top: 30px !important;margin-bottom: 10px !important;}\u00a0\u00bb line_height=\u00a0\u00bb30px\u00a0\u00bb]<\/p>\n<p style=\"text-align: center;\">Pour en savoir plus sur ce que Transaction Express Web a \u00e0 offrir.<br>\nVeuillez nous contacter par courriel ou par t\u00e9l\u00e9phone<\/p>\n<p>transxpress@technicost.com &#8211; 1-800-990-9259 opt 1-1<\/p>\n<p>[\/vc_column_text][\/vc_column][\/vc_row]<\/p>\n\n\n<p><\/p>\n<\/div>","protected":false},"excerpt":{"rendered":"<p>[vc_row css=\u00a0\u00bb.vc_custom_1492119660536{margin-top: 40px !important;margin-bottom: 50px !important;}\u00a0\u00bb][vc_column luv_text_alignment=\u00a0\u00bbcenter\u00a0\u00bb][vc_column_text font_family=\u00a0\u00bbRoboto\u00a0\u00bb font_weight=\u00a0\u00bb300&Prime; font_size=\u00a0\u00bb40px\u00a0\u00bb responsive_font_size=\u00a0\u00bbtrue\u00a0\u00bb css=\u00a0\u00bb.vc_custom_1494813163842{margin-top: 50px !important;}\u00a0\u00bb] Facilitez la vie de votre client [\/vc_column_text][vc_column_text 0=\u00a0\u00bb\u00a0\u00bb] Ce logiciel de traitement de paiements facilitera la vie de vos clients en centralisant toutes les transactions des d\u00e9p\u00f4ts, des retraits, des comptes d\u00e9biteurs, etc. Utilisez ce logiciel prospectif pour les transactions r\u00e9currentes [&hellip;]<\/p>\n","protected":false},"author":1,"featured_media":0,"parent":4392,"menu_order":4,"comment_status":"closed","ping_status":"closed","template":"","meta":{"_monsterinsights_skip_tracking":false,"_monsterinsights_sitenote_active":false,"_monsterinsights_sitenote_note":"","_monsterinsights_sitenote_category":0,"footnotes":""},"class_list":["post-4387","page","type-page","status-publish","hentry"],"yoast_head":"<!-- This site is optimized with the Yoast SEO plugin v27.4 - https:\/\/yoast.com\/product\/yoast-seo-wordpress\/ -->\n<title>Transactions Express Web - Technicost<\/title>\n<meta name=\"robots\" content=\"index, follow, max-snippet:-1, max-image-preview:large, max-video-preview:-1\" \/>\n<link rel=\"canonical\" href=\"https:\/\/www.technicost.com\/fr\/produits\/transaction-express-web\/\" \/>\n<meta property=\"og:locale\" content=\"fr_FR\" \/>\n<meta property=\"og:type\" content=\"article\" \/>\n<meta property=\"og:title\" content=\"Transactions Express Web - Technicost\" \/>\n<meta property=\"og:description\" content=\"[vc_row css=\u00a0\u00bb.vc_custom_1492119660536{margin-top: 40px !important;margin-bottom: 50px !important;}\u00a0\u00bb][vc_column luv_text_alignment=\u00a0\u00bbcenter\u00a0\u00bb][vc_column_text font_family=\u00a0\u00bbRoboto\u00a0\u00bb font_weight=\u00a0\u00bb300&Prime; font_size=\u00a0\u00bb40px\u00a0\u00bb responsive_font_size=\u00a0\u00bbtrue\u00a0\u00bb css=\u00a0\u00bb.vc_custom_1494813163842{margin-top: 50px !important;}\u00a0\u00bb] Facilitez la vie de votre client [\/vc_column_text][vc_column_text 0=\u00a0\u00bb\u00a0\u00bb] Ce logiciel de traitement de paiements facilitera la vie de vos clients en centralisant toutes les transactions des d\u00e9p\u00f4ts, des retraits, des comptes d\u00e9biteurs, etc. Utilisez ce logiciel prospectif pour les transactions r\u00e9currentes [&hellip;]\" \/>\n<meta property=\"og:url\" content=\"https:\/\/www.technicost.com\/fr\/produits\/transaction-express-web\/\" \/>\n<meta property=\"og:site_name\" content=\"Technicost\" \/>\n<meta property=\"article:modified_time\" content=\"2022-08-09T23:17:44+00:00\" \/>\n<meta name=\"twitter:card\" content=\"summary_large_image\" \/>\n<meta name=\"twitter:site\" content=\"@Technicost1\" \/>\n<meta name=\"twitter:label1\" content=\"Dur\u00e9e de lecture estim\u00e9e\" \/>\n\t<meta name=\"twitter:data1\" content=\"2 minutes\" \/>\n<script type=\"application\/ld+json\" class=\"yoast-schema-graph\">{\"@context\":\"https:\\\/\\\/schema.org\",\"@graph\":[{\"@type\":\"WebPage\",\"@id\":\"https:\\\/\\\/www.technicost.com\\\/fr\\\/produits\\\/transaction-express-web\\\/\",\"url\":\"https:\\\/\\\/www.technicost.com\\\/fr\\\/produits\\\/transaction-express-web\\\/\",\"name\":\"Transactions Express Web - Technicost\",\"isPartOf\":{\"@id\":\"https:\\\/\\\/www.technicost.com\\\/#website\"},\"datePublished\":\"2017-04-13T21:53:34+00:00\",\"dateModified\":\"2022-08-09T23:17:44+00:00\",\"breadcrumb\":{\"@id\":\"https:\\\/\\\/www.technicost.com\\\/fr\\\/produits\\\/transaction-express-web\\\/#breadcrumb\"},\"inLanguage\":\"fr-FR\",\"potentialAction\":[{\"@type\":\"ReadAction\",\"target\":[\"https:\\\/\\\/www.technicost.com\\\/fr\\\/produits\\\/transaction-express-web\\\/\"]}]},{\"@type\":\"BreadcrumbList\",\"@id\":\"https:\\\/\\\/www.technicost.com\\\/fr\\\/produits\\\/transaction-express-web\\\/#breadcrumb\",\"itemListElement\":[{\"@type\":\"ListItem\",\"position\":1,\"name\":\"Home\",\"item\":\"https:\\\/\\\/www.technicost.com\\\/fr\\\/\"},{\"@type\":\"ListItem\",\"position\":2,\"name\":\"PRODUITS\",\"item\":\"https:\\\/\\\/www.technicost.com\\\/fr\\\/produits\\\/\"},{\"@type\":\"ListItem\",\"position\":3,\"name\":\"Transactions Express Web\"}]},{\"@type\":\"WebSite\",\"@id\":\"https:\\\/\\\/www.technicost.com\\\/#website\",\"url\":\"https:\\\/\\\/www.technicost.com\\\/\",\"name\":\"Technicost\",\"description\":\"\",\"publisher\":{\"@id\":\"https:\\\/\\\/www.technicost.com\\\/#organization\"},\"potentialAction\":[{\"@type\":\"SearchAction\",\"target\":{\"@type\":\"EntryPoint\",\"urlTemplate\":\"https:\\\/\\\/www.technicost.com\\\/?s={search_term_string}\"},\"query-input\":{\"@type\":\"PropertyValueSpecification\",\"valueRequired\":true,\"valueName\":\"search_term_string\"}}],\"inLanguage\":\"fr-FR\"},{\"@type\":\"Organization\",\"@id\":\"https:\\\/\\\/www.technicost.com\\\/#organization\",\"name\":\"Technicost\",\"url\":\"https:\\\/\\\/www.technicost.com\\\/\",\"logo\":{\"@type\":\"ImageObject\",\"inLanguage\":\"fr-FR\",\"@id\":\"https:\\\/\\\/www.technicost.com\\\/#\\\/schema\\\/logo\\\/image\\\/\",\"url\":\"https:\\\/\\\/www.technicost.com\\\/wp-content\\\/uploads\\\/2017\\\/06\\\/Technicost-Smaller.jpg\",\"contentUrl\":\"https:\\\/\\\/www.technicost.com\\\/wp-content\\\/uploads\\\/2017\\\/06\\\/Technicost-Smaller.jpg\",\"width\":368,\"height\":110,\"caption\":\"Technicost\"},\"image\":{\"@id\":\"https:\\\/\\\/www.technicost.com\\\/#\\\/schema\\\/logo\\\/image\\\/\"},\"sameAs\":[\"https:\\\/\\\/x.com\\\/Technicost1\",\"https:\\\/\\\/www.linkedin.com\\\/company\\\/122491\\\/admin\\\/\"]}]}<\/script>\n<!-- \/ Yoast SEO plugin. -->","yoast_head_json":{"title":"Transactions Express Web - Technicost","robots":{"index":"index","follow":"follow","max-snippet":"max-snippet:-1","max-image-preview":"max-image-preview:large","max-video-preview":"max-video-preview:-1"},"canonical":"https:\/\/www.technicost.com\/fr\/produits\/transaction-express-web\/","og_locale":"fr_FR","og_type":"article","og_title":"Transactions Express Web - Technicost","og_description":"[vc_row css=\u00a0\u00bb.vc_custom_1492119660536{margin-top: 40px !important;margin-bottom: 50px !important;}\u00a0\u00bb][vc_column luv_text_alignment=\u00a0\u00bbcenter\u00a0\u00bb][vc_column_text font_family=\u00a0\u00bbRoboto\u00a0\u00bb font_weight=\u00a0\u00bb300&Prime; font_size=\u00a0\u00bb40px\u00a0\u00bb responsive_font_size=\u00a0\u00bbtrue\u00a0\u00bb css=\u00a0\u00bb.vc_custom_1494813163842{margin-top: 50px !important;}\u00a0\u00bb] Facilitez la vie de votre client [\/vc_column_text][vc_column_text 0=\u00a0\u00bb\u00a0\u00bb] Ce logiciel de traitement de paiements facilitera la vie de vos clients en centralisant toutes les transactions des d\u00e9p\u00f4ts, des retraits, des comptes d\u00e9biteurs, etc. Utilisez ce logiciel prospectif pour les transactions r\u00e9currentes [&hellip;]","og_url":"https:\/\/www.technicost.com\/fr\/produits\/transaction-express-web\/","og_site_name":"Technicost","article_modified_time":"2022-08-09T23:17:44+00:00","twitter_card":"summary_large_image","twitter_site":"@Technicost1","twitter_misc":{"Dur\u00e9e de lecture estim\u00e9e":"2 minutes"},"schema":{"@context":"https:\/\/schema.org","@graph":[{"@type":"WebPage","@id":"https:\/\/www.technicost.com\/fr\/produits\/transaction-express-web\/","url":"https:\/\/www.technicost.com\/fr\/produits\/transaction-express-web\/","name":"Transactions Express Web - Technicost","isPartOf":{"@id":"https:\/\/www.technicost.com\/#website"},"datePublished":"2017-04-13T21:53:34+00:00","dateModified":"2022-08-09T23:17:44+00:00","breadcrumb":{"@id":"https:\/\/www.technicost.com\/fr\/produits\/transaction-express-web\/#breadcrumb"},"inLanguage":"fr-FR","potentialAction":[{"@type":"ReadAction","target":["https:\/\/www.technicost.com\/fr\/produits\/transaction-express-web\/"]}]},{"@type":"BreadcrumbList","@id":"https:\/\/www.technicost.com\/fr\/produits\/transaction-express-web\/#breadcrumb","itemListElement":[{"@type":"ListItem","position":1,"name":"Home","item":"https:\/\/www.technicost.com\/fr\/"},{"@type":"ListItem","position":2,"name":"PRODUITS","item":"https:\/\/www.technicost.com\/fr\/produits\/"},{"@type":"ListItem","position":3,"name":"Transactions Express Web"}]},{"@type":"WebSite","@id":"https:\/\/www.technicost.com\/#website","url":"https:\/\/www.technicost.com\/","name":"Technicost","description":"","publisher":{"@id":"https:\/\/www.technicost.com\/#organization"},"potentialAction":[{"@type":"SearchAction","target":{"@type":"EntryPoint","urlTemplate":"https:\/\/www.technicost.com\/?s={search_term_string}"},"query-input":{"@type":"PropertyValueSpecification","valueRequired":true,"valueName":"search_term_string"}}],"inLanguage":"fr-FR"},{"@type":"Organization","@id":"https:\/\/www.technicost.com\/#organization","name":"Technicost","url":"https:\/\/www.technicost.com\/","logo":{"@type":"ImageObject","inLanguage":"fr-FR","@id":"https:\/\/www.technicost.com\/#\/schema\/logo\/image\/","url":"https:\/\/www.technicost.com\/wp-content\/uploads\/2017\/06\/Technicost-Smaller.jpg","contentUrl":"https:\/\/www.technicost.com\/wp-content\/uploads\/2017\/06\/Technicost-Smaller.jpg","width":368,"height":110,"caption":"Technicost"},"image":{"@id":"https:\/\/www.technicost.com\/#\/schema\/logo\/image\/"},"sameAs":["https:\/\/x.com\/Technicost1","https:\/\/www.linkedin.com\/company\/122491\/admin\/"]}]}},"_links":{"self":[{"href":"https:\/\/www.technicost.com\/fr\/wp-json\/wp\/v2\/pages\/4387","targetHints":{"allow":["GET"]}}],"collection":[{"href":"https:\/\/www.technicost.com\/fr\/wp-json\/wp\/v2\/pages"}],"about":[{"href":"https:\/\/www.technicost.com\/fr\/wp-json\/wp\/v2\/types\/page"}],"author":[{"embeddable":true,"href":"https:\/\/www.technicost.com\/fr\/wp-json\/wp\/v2\/users\/1"}],"replies":[{"embeddable":true,"href":"https:\/\/www.technicost.com\/fr\/wp-json\/wp\/v2\/comments?post=4387"}],"version-history":[{"count":13,"href":"https:\/\/www.technicost.com\/fr\/wp-json\/wp\/v2\/pages\/4387\/revisions"}],"predecessor-version":[{"id":5132,"href":"https:\/\/www.technicost.com\/fr\/wp-json\/wp\/v2\/pages\/4387\/revisions\/5132"}],"up":[{"embeddable":true,"href":"https:\/\/www.technicost.com\/fr\/wp-json\/wp\/v2\/pages\/4392"}],"wp:attachment":[{"href":"https:\/\/www.technicost.com\/fr\/wp-json\/wp\/v2\/media?parent=4387"}],"curies":[{"name":"wp","href":"https:\/\/api.w.org\/{rel}","templated":true}]}}