{"id":4385,"date":"2017-04-13T17:54:01","date_gmt":"2017-04-13T21:54:01","guid":{"rendered":"http:\/\/www.technicost.com\/kyc-know-your-customer-software"},"modified":"2021-03-01T12:20:24","modified_gmt":"2021-03-01T17:20:24","slug":"kyc","status":"publish","type":"page","link":"https:\/\/www.technicost.com\/fr\/produits\/kyc\/","title":{"rendered":"KYC &#8211; Conna\u00eetre Votre Client"},"content":{"rendered":"<div class=\"wpb-content-wrapper\"><p>[vc_row css=\u00a0\u00bb.vc_custom_1492119660536{margin-top: 40px !important;margin-bottom: 50px !important;}\u00a0\u00bb][vc_column][vc_column_text font_family=\u00a0\u00bbRoboto\u00a0\u00bb font_weight=\u00a0\u00bb300&Prime; font_size=\u00a0\u00bb40px\u00a0\u00bb responsive_font_size=\u00a0\u00bbtrue\u00a0\u00bb css=\u00a0\u00bb.vc_custom_1494812764926{margin-top: 50px !important;}\u00a0\u00bb]<\/p>\n<p style=\"text-align: center;\">Assurer la s\u00e9curit\u00e9 de votre entreprise et de vos clients<\/p>\n<p>[\/vc_column_text][vc_column_text]<\/p>\n<p style=\"text-align: center;\">Le logiciel le plus performant Know Your Customer sur le march\u00e9. Il v\u00e9rifie chaque client potentiel avec cinq niveaux de s\u00e9curit\u00e9 m\u00e9ticuleux pour d\u00e9tecter et pr\u00e9venir la fraude, le tout dans un syst\u00e8me coh\u00e9rent.<\/p>\n<p style=\"text-align: center;\">C&rsquo;est un syst\u00e8me informatique simple pour les banques qui d\u00e9passe la diligence habituelle pour assurer la s\u00e9curit\u00e9 et la s\u00fbret\u00e9 de votre entreprise et de vos clients. Bien au-dessus des fonctions de conformit\u00e9 standard, notre logiciel KYC fait tous les travaux pratiques pour vous, pour que vous n&rsquo;avez pas \u00e0 les faire.<\/p>\n<p>[\/vc_column_text][\/vc_column][\/vc_row][vc_row full_width=\u00a0\u00bbstretch_row\u00a0\u00bb luv_text_alignment=\u00a0\u00bbcenter\u00a0\u00bb css=\u00a0\u00bb.vc_custom_1492108939426{padding-top: 50px !important;padding-bottom: 50px !important;background-color: #33699b !important;}\u00a0\u00bb][vc_column css=\u00a0\u00bb.vc_custom_1465595421237{padding-top: 0px !important;padding-bottom: 0px !important;}\u00a0\u00bb][vc_column_text font_family=\u00a0\u00bbRoboto\u00a0\u00bb font_weight=\u00a0\u00bb300&Prime; font_size=\u00a0\u00bb30px\u00a0\u00bb responsive_font_size=\u00a0\u00bbtrue\u00a0\u00bb font_color=\u00a0\u00bb#ffffff\u00a0\u00bb css=\u00a0\u00bb.vc_custom_1494812784457{margin-top: 30px !important;margin-bottom: 10px !important;}\u00a0\u00bb line_height=\u00a0\u00bb30px\u00a0\u00bb]<\/p>\n<p style=\"text-align: center;\">En savoir plus sur ce que KYC\u00a0a \u00e0 offrir.<\/p>\n<p>[\/vc_column_text]<a href=\"https:\/\/zfrmz.com\/Uq6boa1LW23b9p5hiH2P\" target=\"_blank\" class=\"btn btn-shortcode btn-rounded luv_dynamic-e45d90ab luv_dynamic-091c1458\" ><span>NOUS JOINDRE<\/span><\/a>[\/vc_column][\/vc_row]<\/p>\n<\/div>","protected":false},"excerpt":{"rendered":"<p>[vc_row css=\u00a0\u00bb.vc_custom_1492119660536{margin-top: 40px !important;margin-bottom: 50px !important;}\u00a0\u00bb][vc_column][vc_column_text font_family=\u00a0\u00bbRoboto\u00a0\u00bb font_weight=\u00a0\u00bb300&Prime; font_size=\u00a0\u00bb40px\u00a0\u00bb responsive_font_size=\u00a0\u00bbtrue\u00a0\u00bb css=\u00a0\u00bb.vc_custom_1494812764926{margin-top: 50px !important;}\u00a0\u00bb] Assurer la s\u00e9curit\u00e9 de votre entreprise et de vos clients [\/vc_column_text][vc_column_text] Le logiciel le plus performant Know Your Customer sur le march\u00e9. Il v\u00e9rifie chaque client potentiel avec cinq niveaux de s\u00e9curit\u00e9 m\u00e9ticuleux pour d\u00e9tecter et pr\u00e9venir la fraude, le tout dans [&hellip;]<\/p>\n","protected":false},"author":1,"featured_media":0,"parent":4392,"menu_order":4,"comment_status":"closed","ping_status":"closed","template":"","meta":{"_monsterinsights_skip_tracking":false,"_monsterinsights_sitenote_active":false,"_monsterinsights_sitenote_note":"","_monsterinsights_sitenote_category":0,"footnotes":""},"class_list":["post-4385","page","type-page","status-publish","hentry"],"yoast_head":"<!-- This site is optimized with the Yoast SEO plugin v27.4 - https:\/\/yoast.com\/product\/yoast-seo-wordpress\/ -->\n<title>KYC - Conna\u00eetre Votre Client - Technicost<\/title>\n<meta name=\"robots\" content=\"index, follow, max-snippet:-1, max-image-preview:large, max-video-preview:-1\" \/>\n<link rel=\"canonical\" href=\"https:\/\/www.technicost.com\/fr\/produits\/kyc\/\" \/>\n<meta property=\"og:locale\" content=\"fr_FR\" \/>\n<meta property=\"og:type\" content=\"article\" \/>\n<meta property=\"og:title\" content=\"KYC - Conna\u00eetre Votre Client - Technicost\" \/>\n<meta property=\"og:description\" content=\"[vc_row css=\u00a0\u00bb.vc_custom_1492119660536{margin-top: 40px !important;margin-bottom: 50px !important;}\u00a0\u00bb][vc_column][vc_column_text font_family=\u00a0\u00bbRoboto\u00a0\u00bb font_weight=\u00a0\u00bb300&Prime; font_size=\u00a0\u00bb40px\u00a0\u00bb responsive_font_size=\u00a0\u00bbtrue\u00a0\u00bb css=\u00a0\u00bb.vc_custom_1494812764926{margin-top: 50px !important;}\u00a0\u00bb] Assurer la s\u00e9curit\u00e9 de votre entreprise et de vos clients [\/vc_column_text][vc_column_text] Le logiciel le plus performant Know Your Customer sur le march\u00e9. Il v\u00e9rifie chaque client potentiel avec cinq niveaux de s\u00e9curit\u00e9 m\u00e9ticuleux pour d\u00e9tecter et pr\u00e9venir la fraude, le tout dans [&hellip;]\" \/>\n<meta property=\"og:url\" content=\"https:\/\/www.technicost.com\/fr\/produits\/kyc\/\" \/>\n<meta property=\"og:site_name\" content=\"Technicost\" \/>\n<meta property=\"article:modified_time\" content=\"2021-03-01T17:20:24+00:00\" \/>\n<meta name=\"twitter:card\" content=\"summary_large_image\" \/>\n<meta name=\"twitter:site\" content=\"@Technicost1\" \/>\n<meta name=\"twitter:label1\" content=\"Dur\u00e9e de lecture estim\u00e9e\" \/>\n\t<meta name=\"twitter:data1\" content=\"1 minute\" \/>\n<script type=\"application\/ld+json\" class=\"yoast-schema-graph\">{\"@context\":\"https:\\\/\\\/schema.org\",\"@graph\":[{\"@type\":\"WebPage\",\"@id\":\"https:\\\/\\\/www.technicost.com\\\/fr\\\/produits\\\/kyc\\\/\",\"url\":\"https:\\\/\\\/www.technicost.com\\\/fr\\\/produits\\\/kyc\\\/\",\"name\":\"KYC - Conna\u00eetre Votre Client - Technicost\",\"isPartOf\":{\"@id\":\"https:\\\/\\\/www.technicost.com\\\/#website\"},\"datePublished\":\"2017-04-13T21:54:01+00:00\",\"dateModified\":\"2021-03-01T17:20:24+00:00\",\"breadcrumb\":{\"@id\":\"https:\\\/\\\/www.technicost.com\\\/fr\\\/produits\\\/kyc\\\/#breadcrumb\"},\"inLanguage\":\"fr-FR\",\"potentialAction\":[{\"@type\":\"ReadAction\",\"target\":[\"https:\\\/\\\/www.technicost.com\\\/fr\\\/produits\\\/kyc\\\/\"]}]},{\"@type\":\"BreadcrumbList\",\"@id\":\"https:\\\/\\\/www.technicost.com\\\/fr\\\/produits\\\/kyc\\\/#breadcrumb\",\"itemListElement\":[{\"@type\":\"ListItem\",\"position\":1,\"name\":\"Home\",\"item\":\"https:\\\/\\\/www.technicost.com\\\/fr\\\/\"},{\"@type\":\"ListItem\",\"position\":2,\"name\":\"PRODUITS\",\"item\":\"https:\\\/\\\/www.technicost.com\\\/fr\\\/produits\\\/\"},{\"@type\":\"ListItem\",\"position\":3,\"name\":\"KYC &#8211; Conna\u00eetre Votre Client\"}]},{\"@type\":\"WebSite\",\"@id\":\"https:\\\/\\\/www.technicost.com\\\/#website\",\"url\":\"https:\\\/\\\/www.technicost.com\\\/\",\"name\":\"Technicost\",\"description\":\"\",\"publisher\":{\"@id\":\"https:\\\/\\\/www.technicost.com\\\/#organization\"},\"potentialAction\":[{\"@type\":\"SearchAction\",\"target\":{\"@type\":\"EntryPoint\",\"urlTemplate\":\"https:\\\/\\\/www.technicost.com\\\/?s={search_term_string}\"},\"query-input\":{\"@type\":\"PropertyValueSpecification\",\"valueRequired\":true,\"valueName\":\"search_term_string\"}}],\"inLanguage\":\"fr-FR\"},{\"@type\":\"Organization\",\"@id\":\"https:\\\/\\\/www.technicost.com\\\/#organization\",\"name\":\"Technicost\",\"url\":\"https:\\\/\\\/www.technicost.com\\\/\",\"logo\":{\"@type\":\"ImageObject\",\"inLanguage\":\"fr-FR\",\"@id\":\"https:\\\/\\\/www.technicost.com\\\/#\\\/schema\\\/logo\\\/image\\\/\",\"url\":\"https:\\\/\\\/www.technicost.com\\\/wp-content\\\/uploads\\\/2017\\\/06\\\/Technicost-Smaller.jpg\",\"contentUrl\":\"https:\\\/\\\/www.technicost.com\\\/wp-content\\\/uploads\\\/2017\\\/06\\\/Technicost-Smaller.jpg\",\"width\":368,\"height\":110,\"caption\":\"Technicost\"},\"image\":{\"@id\":\"https:\\\/\\\/www.technicost.com\\\/#\\\/schema\\\/logo\\\/image\\\/\"},\"sameAs\":[\"https:\\\/\\\/x.com\\\/Technicost1\",\"https:\\\/\\\/www.linkedin.com\\\/company\\\/122491\\\/admin\\\/\"]}]}<\/script>\n<!-- \/ Yoast SEO plugin. -->","yoast_head_json":{"title":"KYC - Conna\u00eetre Votre Client - Technicost","robots":{"index":"index","follow":"follow","max-snippet":"max-snippet:-1","max-image-preview":"max-image-preview:large","max-video-preview":"max-video-preview:-1"},"canonical":"https:\/\/www.technicost.com\/fr\/produits\/kyc\/","og_locale":"fr_FR","og_type":"article","og_title":"KYC - Conna\u00eetre Votre Client - Technicost","og_description":"[vc_row css=\u00a0\u00bb.vc_custom_1492119660536{margin-top: 40px !important;margin-bottom: 50px !important;}\u00a0\u00bb][vc_column][vc_column_text font_family=\u00a0\u00bbRoboto\u00a0\u00bb font_weight=\u00a0\u00bb300&Prime; font_size=\u00a0\u00bb40px\u00a0\u00bb responsive_font_size=\u00a0\u00bbtrue\u00a0\u00bb css=\u00a0\u00bb.vc_custom_1494812764926{margin-top: 50px !important;}\u00a0\u00bb] Assurer la s\u00e9curit\u00e9 de votre entreprise et de vos clients [\/vc_column_text][vc_column_text] Le logiciel le plus performant Know Your Customer sur le march\u00e9. Il v\u00e9rifie chaque client potentiel avec cinq niveaux de s\u00e9curit\u00e9 m\u00e9ticuleux pour d\u00e9tecter et pr\u00e9venir la fraude, le tout dans [&hellip;]","og_url":"https:\/\/www.technicost.com\/fr\/produits\/kyc\/","og_site_name":"Technicost","article_modified_time":"2021-03-01T17:20:24+00:00","twitter_card":"summary_large_image","twitter_site":"@Technicost1","twitter_misc":{"Dur\u00e9e de lecture estim\u00e9e":"1 minute"},"schema":{"@context":"https:\/\/schema.org","@graph":[{"@type":"WebPage","@id":"https:\/\/www.technicost.com\/fr\/produits\/kyc\/","url":"https:\/\/www.technicost.com\/fr\/produits\/kyc\/","name":"KYC - Conna\u00eetre Votre Client - Technicost","isPartOf":{"@id":"https:\/\/www.technicost.com\/#website"},"datePublished":"2017-04-13T21:54:01+00:00","dateModified":"2021-03-01T17:20:24+00:00","breadcrumb":{"@id":"https:\/\/www.technicost.com\/fr\/produits\/kyc\/#breadcrumb"},"inLanguage":"fr-FR","potentialAction":[{"@type":"ReadAction","target":["https:\/\/www.technicost.com\/fr\/produits\/kyc\/"]}]},{"@type":"BreadcrumbList","@id":"https:\/\/www.technicost.com\/fr\/produits\/kyc\/#breadcrumb","itemListElement":[{"@type":"ListItem","position":1,"name":"Home","item":"https:\/\/www.technicost.com\/fr\/"},{"@type":"ListItem","position":2,"name":"PRODUITS","item":"https:\/\/www.technicost.com\/fr\/produits\/"},{"@type":"ListItem","position":3,"name":"KYC &#8211; Conna\u00eetre Votre Client"}]},{"@type":"WebSite","@id":"https:\/\/www.technicost.com\/#website","url":"https:\/\/www.technicost.com\/","name":"Technicost","description":"","publisher":{"@id":"https:\/\/www.technicost.com\/#organization"},"potentialAction":[{"@type":"SearchAction","target":{"@type":"EntryPoint","urlTemplate":"https:\/\/www.technicost.com\/?s={search_term_string}"},"query-input":{"@type":"PropertyValueSpecification","valueRequired":true,"valueName":"search_term_string"}}],"inLanguage":"fr-FR"},{"@type":"Organization","@id":"https:\/\/www.technicost.com\/#organization","name":"Technicost","url":"https:\/\/www.technicost.com\/","logo":{"@type":"ImageObject","inLanguage":"fr-FR","@id":"https:\/\/www.technicost.com\/#\/schema\/logo\/image\/","url":"https:\/\/www.technicost.com\/wp-content\/uploads\/2017\/06\/Technicost-Smaller.jpg","contentUrl":"https:\/\/www.technicost.com\/wp-content\/uploads\/2017\/06\/Technicost-Smaller.jpg","width":368,"height":110,"caption":"Technicost"},"image":{"@id":"https:\/\/www.technicost.com\/#\/schema\/logo\/image\/"},"sameAs":["https:\/\/x.com\/Technicost1","https:\/\/www.linkedin.com\/company\/122491\/admin\/"]}]}},"_links":{"self":[{"href":"https:\/\/www.technicost.com\/fr\/wp-json\/wp\/v2\/pages\/4385","targetHints":{"allow":["GET"]}}],"collection":[{"href":"https:\/\/www.technicost.com\/fr\/wp-json\/wp\/v2\/pages"}],"about":[{"href":"https:\/\/www.technicost.com\/fr\/wp-json\/wp\/v2\/types\/page"}],"author":[{"embeddable":true,"href":"https:\/\/www.technicost.com\/fr\/wp-json\/wp\/v2\/users\/1"}],"replies":[{"embeddable":true,"href":"https:\/\/www.technicost.com\/fr\/wp-json\/wp\/v2\/comments?post=4385"}],"version-history":[{"count":2,"href":"https:\/\/www.technicost.com\/fr\/wp-json\/wp\/v2\/pages\/4385\/revisions"}],"predecessor-version":[{"id":5060,"href":"https:\/\/www.technicost.com\/fr\/wp-json\/wp\/v2\/pages\/4385\/revisions\/5060"}],"up":[{"embeddable":true,"href":"https:\/\/www.technicost.com\/fr\/wp-json\/wp\/v2\/pages\/4392"}],"wp:attachment":[{"href":"https:\/\/www.technicost.com\/fr\/wp-json\/wp\/v2\/media?parent=4385"}],"curies":[{"name":"wp","href":"https:\/\/api.w.org\/{rel}","templated":true}]}}